{"id":8196,"date":"2021-09-01T12:40:00","date_gmt":"2021-09-01T11:40:00","guid":{"rendered":"https:\/\/cosyowl.com\/de\/product\/unkategorisiert\/import-placeholder-for-tcdl-cwik-bwed-s5mt-ceco-205"},"modified":"2026-03-03T17:24:07","modified_gmt":"2026-03-03T17:24:07","slug":"wedo-eco-kerzendocht-rohform","status":"publish","type":"product","link":"https:\/\/cosyowl.com\/de\/kerzen-dochte\/wedo-eco-docht-rohform","title":{"rendered":"Wedo ECO Kerzendocht &#8211; Rohform"},"content":{"rendered":"<p>Dieser Docht wird in 5 Meter L\u00e4ngeneinheiten geliefert.<\/p>\n<p>Cosy Owl liefert Wedo ECO-Docht, ein qualitativ hochwertiger Docht geeignet f\u00fcr Paraffin- und Sojawachs sowie pflanzliche Wachse sowohl mit als auch ohne Farb- und\/oder Duftstoffe. Er kann f\u00fcr Beh\u00e4lter- und Stumpenkerzen verwendet werden.<\/p>\n<p>Wedo ECO-Docht besteht aus hochwertiger, flacher, kernloser, ringgesponnener Baumwolle, die d\u00fcnne, verflochtene Papierfasern und -f\u00e4den enth\u00e4lt, was f\u00fcr ein best\u00e4ndigeres und gleichm\u00e4\u00dfigeres Abbrennen sorgt. Der selbst regulierende Dochtstand minimiert bzw. verhindert die Bildung von Ru\u00dfr\u00fcckst\u00e4nden (sog. Butzenbildung) und reduziert ma\u00dfgeblich das Nachgl\u00fchen.<\/p>\n<p>Wedo Dochte kombinieren Materialien h\u00f6chster Qualit\u00e4t mit modernster Flecht- und Spultechnik sowie erprobten, gepr\u00fcften und zugelassenen chemischen Verfahren f\u00fcr die sauberste und sicherste Verbrennung der betreffenden Materialien. Die Materialien und Verfahren gew\u00e4hrleisten auch die gleichbleibende Produktqualit\u00e4t vom Anfang bis zum Ende und von Charge zu Charge. Als ein akkreditierter Lieferant stellt Wedo nur Dochte her, die die strengen Anforderungen des europ\u00e4ischen Qualit\u00e4ts-G\u00fctezeichens RAL GZ-041 erf\u00fcllen. Wedo ist gem\u00e4\u00df DIN EN ISO 9001:2015 zertifiziert.<\/p>\n<p>Klicken Sie auf unser &#8218;Kerzendurchmesser Feld&#8216; f\u00fcr die ben\u00f6tigte Dochtgr\u00f6\u00dfe. Die Dochtgr\u00f6\u00dfe kann aus dem obigen Drop-down-Men\u00fc ausgew\u00e4hlt werden. Die aufgef\u00fchrten Kerzendurchmesser sind Vorschl\u00e4ge, die auf Standard-Auswahlen beruhen. Sie sollen nur ein Ausgangspunkt zu Testzwecken sein, da Abbrenngeschwindigkeiten aufgrund von unterschiedlichen Kerzensystemen variieren k\u00f6nnen.<\/p>\n","protected":false},"excerpt":{"rendered":"<p>Dieser Docht wird in 5 Meter L\u00e4ngeneinheiten geliefert. Cosy Owl liefert Wedo ECO-Docht, ein qualitativ hochwertiger Docht geeignet f\u00fcr Paraffin- und Sojawachs sowie pflanzliche Wachse sowohl mit als auch ohne Farb- und\/oder Duftstoffe. Er kann f\u00fcr Beh\u00e4lter- und Stumpenkerzen verwendet werden. Wedo ECO-Docht besteht aus hochwertiger, flacher, kernloser, ringgesponnener Baumwolle, die d\u00fcnne, verflochtene Papierfasern und [&hellip;]<\/p>\n","protected":false},"featured_media":8211,"comment_status":"open","ping_status":"closed","template":"","meta":{"_acf_changed":false},"product_brand":[],"product_cat":[94],"product_tag":[],"class_list":{"0":"post-8196","1":"product","2":"type-product","3":"status-publish","4":"has-post-thumbnail","6":"product_cat-kerzendochte","8":"first","9":"instock","10":"taxable","11":"shipping-taxable","12":"purchasable","13":"product-type-variable"},"acf":[],"_links":{"self":[{"href":"https:\/\/cosyowl.com\/de\/wp-json\/wp\/v2\/product\/8196","targetHints":{"allow":["GET"]}}],"collection":[{"href":"https:\/\/cosyowl.com\/de\/wp-json\/wp\/v2\/product"}],"about":[{"href":"https:\/\/cosyowl.com\/de\/wp-json\/wp\/v2\/types\/product"}],"replies":[{"embeddable":true,"href":"https:\/\/cosyowl.com\/de\/wp-json\/wp\/v2\/comments?post=8196"}],"wp:featuredmedia":[{"embeddable":true,"href":"https:\/\/cosyowl.com\/de\/wp-json\/wp\/v2\/media\/8211"}],"wp:attachment":[{"href":"https:\/\/cosyowl.com\/de\/wp-json\/wp\/v2\/media?parent=8196"}],"wp:term":[{"taxonomy":"product_brand","embeddable":true,"href":"https:\/\/cosyowl.com\/de\/wp-json\/wp\/v2\/product_brand?post=8196"},{"taxonomy":"product_cat","embeddable":true,"href":"https:\/\/cosyowl.com\/de\/wp-json\/wp\/v2\/product_cat?post=8196"},{"taxonomy":"product_tag","embeddable":true,"href":"https:\/\/cosyowl.com\/de\/wp-json\/wp\/v2\/product_tag?post=8196"}],"curies":[{"name":"wp","href":"https:\/\/api.w.org\/{rel}","templated":true}]}}