{"id":8104,"date":"2021-09-01T12:40:00","date_gmt":"2021-09-01T11:40:00","guid":{"rendered":"https:\/\/cosyowl.com\/de\/product\/unkategorisiert\/import-placeholder-for-tcdl-cwik-bwed-clx-203"},"modified":"2026-04-14T14:05:27","modified_gmt":"2026-04-14T13:05:27","slug":"wedo-lx-kerzendocht-120mm-lang","status":"publish","type":"product","link":"https:\/\/cosyowl.com\/de\/wedo-lx-docht-120mm-lang","title":{"rendered":"Wedo LX Kerzendocht &#8211; 120mm lang"},"content":{"rendered":"<p>Cosy Owl liefert Wedos LX-Dochtserie, die f\u00fcr Beh\u00e4lter und frei stehende Kerzen vorwiegend aus Paraffinwachs konzipiert ist, sich aber auch gut f\u00fcr Wachsmischungen mit pflanzlichen Wachsen eignet. Dar\u00fcber hinaus leistet die LX-Serie sehr gute Dienste mit normalen Duft\u00f6lmengen und Farbstoffkonzentrationen. Die Serie hat ihre eigene besondere chemische &#8222;&#8220;X&#8220;&#8220;-Behandlung. Die kernlose Dochtkonstruktion mit zus\u00e4tzlichen Stabilisierungsf\u00e4den sorgt f\u00fcr eine hervorragende Strukturfestigkeit bei der Verwendung in Gie\u00df- und Pressprozessen bei der Kerzenherstellung. Der Docht ist bereits fest in einen Halter (Dochtfu\u00df aus Metall) integriert und gebrauchsfertig zum Platzieren in einen hitzebest\u00e4ndigen Beh\u00e4lter.<\/p>\n<p>Die LX-Serie wird rein aus ringgesponnener Baumwolle von h\u00f6chster Qualit\u00e4t hergestellt. Das verbessert den Gesamtaufbau und sorgt f\u00fcr eine reibungslosere Kerzenherstellung und ein verbessertes Abbrennen.<\/p>\n<p>Wedo Dochte kombinieren Materialien h\u00f6chster Qualit\u00e4t mit modernster Flecht- und Spultechnik sowie erprobten, gepr\u00fcften und zugelassenen chemischen Verfahren f\u00fcr die sauberste und sicherste Verbrennung der betreffenden Materialien. Die Materialien und Verfahren gew\u00e4hrleisten auch die gleichbleibende Produktqualit\u00e4t vom Anfang bis zum Ende und von Charge zu Charge. Der selbst regulierende Dochtstand minimiert bzw. verhindert die Bildung von Ru\u00dfr\u00fcckst\u00e4nden (sog. Butzenbildung) und reduziert ma\u00dfgeblich das Nachgl\u00fchen. Als ein akkreditierter Lieferant stellt Wedo nur Dochte her, die die strengen Anforderungen des europ\u00e4ischen Qualit\u00e4ts-G\u00fctezeichens RAL GZ-041 erf\u00fcllen. Wedo ist gem\u00e4\u00df DIN EN ISO 9001:2015 zertifiziert.<\/p>\n<p>Klicken Sie auf unser &#8218;Kerzendurchmesser Feld&#8216; f\u00fcr die ben\u00f6tigte Dochtgr\u00f6\u00dfe. Die Dochtgr\u00f6\u00dfe kann aus dem obigen Drop-down-Men\u00fc ausgew\u00e4hlt werden. Die aufgef\u00fchrten Kerzendurchmesser sind Vorschl\u00e4ge, die auf Standard-Auswahlen beruhen. Sie sollen nur ein Ausgangspunkt zu Testzwecken sein, da Abbrenngeschwindigkeiten aufgrund von unterschiedlichen Kerzensystemen variieren k\u00f6nnen. Diese LX-Dochte sind auf eine L\u00e4nge von 120mm zugeschnitten.<\/p>\n","protected":false},"excerpt":{"rendered":"<p>Cosy Owl liefert Wedos LX-Dochtserie, die f\u00fcr Beh\u00e4lter und frei stehende Kerzen vorwiegend aus Paraffinwachs konzipiert ist, sich aber auch gut f\u00fcr Wachsmischungen mit pflanzlichen Wachsen eignet. Dar\u00fcber hinaus leistet die LX-Serie sehr gute Dienste mit normalen Duft\u00f6lmengen und Farbstoffkonzentrationen. Die Serie hat ihre eigene besondere chemische &#8222;&#8220;X&#8220;&#8220;-Behandlung. Die kernlose Dochtkonstruktion mit zus\u00e4tzlichen Stabilisierungsf\u00e4den sorgt [&hellip;]<\/p>\n","protected":false},"featured_media":8122,"comment_status":"open","ping_status":"closed","template":"","meta":{"_acf_changed":false},"product_brand":[],"product_cat":[94],"product_tag":[],"class_list":{"0":"post-8104","1":"product","2":"type-product","3":"status-publish","4":"has-post-thumbnail","6":"product_cat-kerzendochte","8":"first","9":"instock","10":"taxable","11":"shipping-taxable","12":"purchasable","13":"product-type-variable"},"acf":[],"_links":{"self":[{"href":"https:\/\/cosyowl.com\/de\/wp-json\/wp\/v2\/product\/8104","targetHints":{"allow":["GET"]}}],"collection":[{"href":"https:\/\/cosyowl.com\/de\/wp-json\/wp\/v2\/product"}],"about":[{"href":"https:\/\/cosyowl.com\/de\/wp-json\/wp\/v2\/types\/product"}],"replies":[{"embeddable":true,"href":"https:\/\/cosyowl.com\/de\/wp-json\/wp\/v2\/comments?post=8104"}],"wp:featuredmedia":[{"embeddable":true,"href":"https:\/\/cosyowl.com\/de\/wp-json\/wp\/v2\/media\/8122"}],"wp:attachment":[{"href":"https:\/\/cosyowl.com\/de\/wp-json\/wp\/v2\/media?parent=8104"}],"wp:term":[{"taxonomy":"product_brand","embeddable":true,"href":"https:\/\/cosyowl.com\/de\/wp-json\/wp\/v2\/product_brand?post=8104"},{"taxonomy":"product_cat","embeddable":true,"href":"https:\/\/cosyowl.com\/de\/wp-json\/wp\/v2\/product_cat?post=8104"},{"taxonomy":"product_tag","embeddable":true,"href":"https:\/\/cosyowl.com\/de\/wp-json\/wp\/v2\/product_tag?post=8104"}],"curies":[{"name":"wp","href":"https:\/\/api.w.org\/{rel}","templated":true}]}}