{"id":7964,"date":"2021-09-01T12:39:00","date_gmt":"2021-09-01T11:39:00","guid":{"rendered":"https:\/\/cosyowl.com\/de\/product\/unkategorisiert\/import-placeholder-for-tcdl-cdye-bbek-lora-185"},"modified":"2026-03-03T17:23:57","modified_gmt":"2026-03-03T17:23:57","slug":"bekro-25-6099-orangefarbener-kerzenfarbstoff","status":"publish","type":"product","link":"https:\/\/cosyowl.com\/de\/bekro-6099-25-farbstoff-orange","title":{"rendered":"Bekro 25\/6099 Orangefarbener Kerzenfarbstoff"},"content":{"rendered":"<p>Diese umweltfreundlichen, ungiftigen Farbstoffe sind hoch konzentriert, einfach zu verarbeiten und liefern eine gro\u00dfe Farbtiefe. Der Farbstoff wird ganz einfach zum geschmolzenen Wachs zugegeben und darin verr\u00fchrt und verteilt sich gleichm\u00e4\u00dfig im Wachs f\u00fcr die gew\u00fcnschte Konsistenz. Das Ergebnis ist eine Kerze, die sich in ihrer F\u00e4rbung nicht von professionell hergestellten unterscheidet. Cosy Owls wettbewerbsf\u00e4hige Preise machen die Kerzenherstellung auf professionellem Niveau sehr g\u00fcnstig mit einem fantastischen Preis-Leistungs-Verh\u00e4ltnis.<\/p>\n<p>Unterschiedliche Farbstoffe k\u00f6nnen ins Wachs gemischt werden, um neue Farbkompositionen zu bekommen. Somit k\u00f6nnen Sie mit Ihren kreativen F\u00e4higkeiten experimentieren, um Kerzen genau passend zur \u00c4sthetik eines jeden Raumes herzustellen. Kerzen, die auf die Farben der W\u00e4nde, M\u00f6bel, Vorh\u00e4nge, Kissen oder Teppichb\u00f6den abgestimmt sind oder ihnen schmeicheln.<\/p>\n<p>Eine 10 Gramm Packung ist ausreichend, um 10 kg gef\u00e4rbtes Wachs herzustellen &#8211; dies kann je nach gew\u00fcnschter Farbintensit\u00e4t variieren. Bitte beachten Sie, dass die Abbildung der festen Farbstoffe (wie oben gezeigt) nicht immer die Farbe der fertigen Kerze repr\u00e4sentiert. Klicken Sie auf die Abbildung der oben gezeigten Kerze, um die tats\u00e4chliche Farbe zu sehen. Dieses Produkt ist nicht zur Verwendung mit Gelwachs geeignet.<\/p>\n","protected":false},"excerpt":{"rendered":"<p>Diese umweltfreundlichen, ungiftigen Farbstoffe sind hoch konzentriert, einfach zu verarbeiten und liefern eine gro\u00dfe Farbtiefe. Der Farbstoff wird ganz einfach zum geschmolzenen Wachs zugegeben und darin verr\u00fchrt und verteilt sich gleichm\u00e4\u00dfig im Wachs f\u00fcr die gew\u00fcnschte Konsistenz. Das Ergebnis ist eine Kerze, die sich in ihrer F\u00e4rbung nicht von professionell hergestellten unterscheidet. Cosy Owls wettbewerbsf\u00e4hige [&hellip;]<\/p>\n","protected":false},"featured_media":7992,"comment_status":"open","ping_status":"closed","template":"","meta":{"_acf_changed":false},"product_brand":[],"product_cat":[91,476,90,479],"product_tag":[],"class_list":{"0":"post-7964","1":"product","2":"type-product","3":"status-publish","4":"has-post-thumbnail","6":"product_cat-wachs-melts-farbstoffe","7":"product_cat-ostern","8":"product_cat-kerzenfarbstoffe","9":"product_cat-halloween","11":"first","12":"instock","13":"taxable","14":"shipping-taxable","15":"purchasable","16":"product-type-variable"},"acf":[],"_links":{"self":[{"href":"https:\/\/cosyowl.com\/de\/wp-json\/wp\/v2\/product\/7964","targetHints":{"allow":["GET"]}}],"collection":[{"href":"https:\/\/cosyowl.com\/de\/wp-json\/wp\/v2\/product"}],"about":[{"href":"https:\/\/cosyowl.com\/de\/wp-json\/wp\/v2\/types\/product"}],"replies":[{"embeddable":true,"href":"https:\/\/cosyowl.com\/de\/wp-json\/wp\/v2\/comments?post=7964"}],"wp:featuredmedia":[{"embeddable":true,"href":"https:\/\/cosyowl.com\/de\/wp-json\/wp\/v2\/media\/7992"}],"wp:attachment":[{"href":"https:\/\/cosyowl.com\/de\/wp-json\/wp\/v2\/media?parent=7964"}],"wp:term":[{"taxonomy":"product_brand","embeddable":true,"href":"https:\/\/cosyowl.com\/de\/wp-json\/wp\/v2\/product_brand?post=7964"},{"taxonomy":"product_cat","embeddable":true,"href":"https:\/\/cosyowl.com\/de\/wp-json\/wp\/v2\/product_cat?post=7964"},{"taxonomy":"product_tag","embeddable":true,"href":"https:\/\/cosyowl.com\/de\/wp-json\/wp\/v2\/product_tag?post=7964"}],"curies":[{"name":"wp","href":"https:\/\/api.w.org\/{rel}","templated":true}]}}