{"id":7960,"date":"2021-09-01T12:39:00","date_gmt":"2021-09-01T11:39:00","guid":{"rendered":"https:\/\/cosyowl.com\/de\/product\/unkategorisiert\/import-placeholder-for-tcdl-cwax-bker-n4600-cppp-181"},"modified":"2026-04-30T17:15:47","modified_gmt":"2026-04-30T16:15:47","slug":"kerawax-4600-paraffinwachs-fur-stumpenkerzen","status":"publish","type":"product","link":"https:\/\/cosyowl.com\/de\/materialien-fur-das-handwerk\/wachs-melts\/wachs-fur-wachs-melts\/kerawax-4600-paraffinwachs-fur-stumpenkerzen","title":{"rendered":"KeraWax 4600 Paraffinwachs f\u00fcr Stumpenkerzen"},"content":{"rendered":"<p>Dieses umweltfreundliche Paraffinwachs wurde speziell zur Herstellung von Stumpenkerzen und f\u00fcr die Verwendung in Gie\u00dfformen entwickelt, um Kerzen von professioneller G\u00fcte zu kreieren. Wie auch unsere Wachsmischung f\u00fcr Beh\u00e4lter hat es hervorragende Qualit\u00e4ten und erlaubt weiteres Mischen mit unseren qualitativ hochwertigen Farb- und Duftstoffen.<\/p>\n<p>Mit diesem Wachs k\u00f6nnen Sie Kerzen mit einer glatten und gl\u00e4nzenden Oberfl\u00e4che kreieren und sie durch Beimischen eines Farbstoffes verbessern, passend zur \u00c4sthetik Ihres Raumes. Dieses Wachs gibt es als Pastillen und sobald es ausgeh\u00e4rtet ist, kann die Kerze einfach aus der Gie\u00dfform entnommen werden. W\u00e4hrend des Aush\u00e4rtens zieht sich das Stumpenkerzen-Wachs leicht von den R\u00e4ndern der Gie\u00dfform zur\u00fcck. Wir empfehlen, die Kerze vor dem Entnehmen aus der Gie\u00dfform 24 bis 48 Stunden bei Raumtemperatur ruhen zu lassen.<\/p>\n<p>Es gibt verschiedene Sorten von Dochten, wir empfehlen jedoch, unsere LX-Docht-Serie f\u00fcr ein sauberes und lang andauerndes Abbrennen zu verwenden. Cosy Owl bezieht dieses Wachs von einem h\u00f6chst angesehenen britischen Spezialhersteller. Es ist in Mengen von 800 Gramm, 5 kg, 10 kg und 25 kg lieferbar.<\/p>\n","protected":false},"excerpt":{"rendered":"<p>Dieses umweltfreundliche Paraffinwachs wurde speziell zur Herstellung von Stumpenkerzen und f\u00fcr die Verwendung in Gie\u00dfformen entwickelt, um Kerzen von professioneller G\u00fcte zu kreieren. Wie auch unsere Wachsmischung f\u00fcr Beh\u00e4lter hat es hervorragende Qualit\u00e4ten und erlaubt weiteres Mischen mit unseren qualitativ hochwertigen Farb- und Duftstoffen. Mit diesem Wachs k\u00f6nnen Sie Kerzen mit einer glatten und gl\u00e4nzenden [&hellip;]<\/p>\n","protected":false},"featured_media":7975,"comment_status":"open","ping_status":"closed","template":"","meta":{"_acf_changed":false},"product_brand":[],"product_cat":[85,89],"product_tag":[],"class_list":{"0":"post-7960","1":"product","2":"type-product","3":"status-publish","4":"has-post-thumbnail","6":"product_cat-kerzenwachs-paraffin","7":"product_cat-wachs-melts-wachs","9":"first","10":"instock","11":"taxable","12":"shipping-taxable","13":"purchasable","14":"product-type-variable"},"acf":[],"_links":{"self":[{"href":"https:\/\/cosyowl.com\/de\/wp-json\/wp\/v2\/product\/7960","targetHints":{"allow":["GET"]}}],"collection":[{"href":"https:\/\/cosyowl.com\/de\/wp-json\/wp\/v2\/product"}],"about":[{"href":"https:\/\/cosyowl.com\/de\/wp-json\/wp\/v2\/types\/product"}],"replies":[{"embeddable":true,"href":"https:\/\/cosyowl.com\/de\/wp-json\/wp\/v2\/comments?post=7960"}],"wp:featuredmedia":[{"embeddable":true,"href":"https:\/\/cosyowl.com\/de\/wp-json\/wp\/v2\/media\/7975"}],"wp:attachment":[{"href":"https:\/\/cosyowl.com\/de\/wp-json\/wp\/v2\/media?parent=7960"}],"wp:term":[{"taxonomy":"product_brand","embeddable":true,"href":"https:\/\/cosyowl.com\/de\/wp-json\/wp\/v2\/product_brand?post=7960"},{"taxonomy":"product_cat","embeddable":true,"href":"https:\/\/cosyowl.com\/de\/wp-json\/wp\/v2\/product_cat?post=7960"},{"taxonomy":"product_tag","embeddable":true,"href":"https:\/\/cosyowl.com\/de\/wp-json\/wp\/v2\/product_tag?post=7960"}],"curies":[{"name":"wp","href":"https:\/\/api.w.org\/{rel}","templated":true}]}}