{"id":7959,"date":"2021-09-01T12:39:00","date_gmt":"2021-09-01T11:39:00","guid":{"rendered":"https:\/\/cosyowl.com\/de\/product\/unkategorisiert\/import-placeholder-for-tcdl-cwax-bker-n4105-cpcp-180"},"modified":"2026-04-30T17:15:47","modified_gmt":"2026-04-30T16:15:47","slug":"kerawax-4105-paraffinwachs-fur-behalter","status":"publish","type":"product","link":"https:\/\/cosyowl.com\/de\/kerawax-4105-paraffinwachs-fur-behalter","title":{"rendered":"KeraWax 4105 Paraffinwachs f\u00fcr Beh\u00e4lter"},"content":{"rendered":"<p>Diese umweltfreundliche Mischung aus Paraffinwachs und pflanzlichen Wachsen wurde speziell zur Herstellung von Kerzen in Beh\u00e4ltern nach einem luxuri\u00f6sen und professionellen Standard entwickelt. Diese Kerzen unterscheiden sich nicht von den in vielen Einzelhandelsgesch\u00e4ften gekauften. Wie auch unser Wachs f\u00fcr Stumpenkerzen hat es hervorragende Qualit\u00e4ten und erlaubt weiteres Mischen mit unseren qualitativ hochwertigen Farb- und Duftstoffen.<\/p>\n<p>Mit diesem Wachs k\u00f6nnen Sie Kerzen in allen m\u00f6glichen hitzebest\u00e4ndigen Beh\u00e4ltern herstellen mit kompletter Haftung an der harten Innenoberfl\u00e4che. Glasbeh\u00e4lter sind die gebr\u00e4uchlichsten und \u00e4sthetisch attraktiv. Wenn die Kerze heruntergebrannt ist, kann der Beh\u00e4lter ges\u00e4ubert und wiederverwendet werden (sehen Sie hierzu in unserer Anleitung zum Kerzen Selbermachen f\u00fcr weitere Informationen bez\u00fcglich der S\u00e4uberung Ihres Beh\u00e4lters nach). Am besten vermeiden Sie Plastikbeh\u00e4lter.<\/p>\n<p>Cosy Owl bezieht dieses Wachs von einem h\u00f6chst angesehenen britischen Spezialhersteller. Es ist in Mengen von 800 Gramm, 5 kg, 10 kg und 25 kg lieferbar.<\/p>\n","protected":false},"excerpt":{"rendered":"<p>Diese umweltfreundliche Mischung aus Paraffinwachs und pflanzlichen Wachsen wurde speziell zur Herstellung von Kerzen in Beh\u00e4ltern nach einem luxuri\u00f6sen und professionellen Standard entwickelt. Diese Kerzen unterscheiden sich nicht von den in vielen Einzelhandelsgesch\u00e4ften gekauften. Wie auch unser Wachs f\u00fcr Stumpenkerzen hat es hervorragende Qualit\u00e4ten und erlaubt weiteres Mischen mit unseren qualitativ hochwertigen Farb- und Duftstoffen. [&hellip;]<\/p>\n","protected":false},"featured_media":7970,"comment_status":"open","ping_status":"closed","template":"","meta":{"_acf_changed":false},"product_brand":[],"product_cat":[85],"product_tag":[],"class_list":{"0":"post-7959","1":"product","2":"type-product","3":"status-publish","4":"has-post-thumbnail","6":"product_cat-kerzenwachs-paraffin","8":"first","9":"outofstock","10":"taxable","11":"shipping-taxable","12":"purchasable","13":"product-type-variable"},"acf":[],"_links":{"self":[{"href":"https:\/\/cosyowl.com\/de\/wp-json\/wp\/v2\/product\/7959","targetHints":{"allow":["GET"]}}],"collection":[{"href":"https:\/\/cosyowl.com\/de\/wp-json\/wp\/v2\/product"}],"about":[{"href":"https:\/\/cosyowl.com\/de\/wp-json\/wp\/v2\/types\/product"}],"replies":[{"embeddable":true,"href":"https:\/\/cosyowl.com\/de\/wp-json\/wp\/v2\/comments?post=7959"}],"wp:featuredmedia":[{"embeddable":true,"href":"https:\/\/cosyowl.com\/de\/wp-json\/wp\/v2\/media\/7970"}],"wp:attachment":[{"href":"https:\/\/cosyowl.com\/de\/wp-json\/wp\/v2\/media?parent=7959"}],"wp:term":[{"taxonomy":"product_brand","embeddable":true,"href":"https:\/\/cosyowl.com\/de\/wp-json\/wp\/v2\/product_brand?post=7959"},{"taxonomy":"product_cat","embeddable":true,"href":"https:\/\/cosyowl.com\/de\/wp-json\/wp\/v2\/product_cat?post=7959"},{"taxonomy":"product_tag","embeddable":true,"href":"https:\/\/cosyowl.com\/de\/wp-json\/wp\/v2\/product_tag?post=7959"}],"curies":[{"name":"wp","href":"https:\/\/api.w.org\/{rel}","templated":true}]}}