{"id":24833,"date":"2025-07-14T15:55:16","date_gmt":"2025-07-14T14:55:16","guid":{"rendered":"https:\/\/cosyowl.com\/de\/?post_type=product&#038;p=24833"},"modified":"2026-03-03T17:27:03","modified_gmt":"2026-03-03T17:27:03","slug":"karen-kerzenglas-30-cl-mattiertes-bernstein-einzelglas","status":"publish","type":"product","link":"https:\/\/cosyowl.com\/de\/karen-kerzenglas-30-cl-mattiertes-bernstein-einzelglas","title":{"rendered":"Karen Kerzenglas, 30 cl, mattiertes Bernstein, Einzelglas"},"content":{"rendered":"<p>Dieser robuste, hitzebest\u00e4ndige Glasbeh\u00e4lter eignet sich f\u00fcr die Herstellung gro\u00dfer Kerzen. Verwenden Sie unsere Duft\u00f6le f\u00fcr ein intensives Aroma, das das Erlebnis noch verst\u00e4rkt.<\/p>\n<p>Gr\u00f6\u00dfe: Durchmesser: 81 mm, H\u00f6he: 93 mm<\/p>\n<p>Der 30-cl-Karen fasst ca. 240 g Wachs*.<\/p>\n<p>Hinweis: Das Vorw\u00e4rmen des Glasbeh\u00e4lters auf ca. 45 \u00b0C reduziert die Gefahr von Kerzenfehlern beim Erstarren.<\/p>\n<p>Dochtempfehlungen**<\/p>\n<p>Klicken Sie auf den untenstehenden Link, um unsere Dochtempfehlungen f\u00fcr Ihre Kerzenherstellung zu entdecken.<\/p>\n<p>Cosy Owl Dochtempfehlungen<\/p>\n<p>*Bitte beachten Sie: Die empfohlene Wachsmenge ist nur ein Richtwert und basiert auf dem maximalen Fassungsverm\u00f6gen des jeweiligen Beh\u00e4lters. Sie k\u00f6nnen zwar weniger Wachs verwenden, wir empfehlen jedoch, das maximale Fassungsverm\u00f6gen nicht zu \u00fcberschreiten. Wir empfehlen, die angegebenen Wachsmengen nur als Richtwert zu verwenden und diese nach Belieben anzupassen.<\/p>\n<p>**Bitte beachten Sie: Alle Dochtempfehlungen basieren ausschlie\u00dflich auf der Verwendung unseres Wachses. Die kleinste empfohlene Dochtgr\u00f6\u00dfe ist ausschlie\u00dflich f\u00fcr die Verwendung mit Wachs geeignet. Die gr\u00f6\u00dfte empfohlene Dochtgr\u00f6\u00dfe ist f\u00fcr die Verwendung mit Duft\u00f6l und\/oder Farbstoff geeignet. Alle Angaben dienen lediglich als Richtlinie und helfen Ihnen beim Experimentieren mit Dochten, da unterschiedliche Temperaturen und Duft\u00f6le den Erfolg eines Dochtes beeinflussen.<\/p>\n","protected":false},"excerpt":{"rendered":"<p>Dieser robuste, hitzebest\u00e4ndige Glasbeh\u00e4lter eignet sich f\u00fcr die Herstellung gro\u00dfer Kerzen. Verwenden Sie unsere Duft\u00f6le f\u00fcr ein intensives Aroma, das das Erlebnis noch verst\u00e4rkt. Gr\u00f6\u00dfe: Durchmesser: 81 mm, H\u00f6he: 93 mm Der 30-cl-Karen fasst ca. 240 g Wachs*. Hinweis: Das Vorw\u00e4rmen des Glasbeh\u00e4lters auf ca. 45 \u00b0C reduziert die Gefahr von Kerzenfehlern beim Erstarren. Dochtempfehlungen** [&hellip;]<\/p>\n","protected":false},"featured_media":24757,"comment_status":"open","ping_status":"closed","template":"","meta":{"_acf_changed":false},"product_brand":[],"product_cat":[122,479],"product_tag":[],"class_list":{"0":"post-24833","1":"product","2":"type-product","3":"status-publish","4":"has-post-thumbnail","6":"product_cat-kerzenglaser","7":"product_cat-halloween","9":"first","10":"outofstock","11":"taxable","12":"shipping-taxable","13":"purchasable","14":"product-type-simple"},"acf":[],"_links":{"self":[{"href":"https:\/\/cosyowl.com\/de\/wp-json\/wp\/v2\/product\/24833","targetHints":{"allow":["GET"]}}],"collection":[{"href":"https:\/\/cosyowl.com\/de\/wp-json\/wp\/v2\/product"}],"about":[{"href":"https:\/\/cosyowl.com\/de\/wp-json\/wp\/v2\/types\/product"}],"replies":[{"embeddable":true,"href":"https:\/\/cosyowl.com\/de\/wp-json\/wp\/v2\/comments?post=24833"}],"wp:featuredmedia":[{"embeddable":true,"href":"https:\/\/cosyowl.com\/de\/wp-json\/wp\/v2\/media\/24757"}],"wp:attachment":[{"href":"https:\/\/cosyowl.com\/de\/wp-json\/wp\/v2\/media?parent=24833"}],"wp:term":[{"taxonomy":"product_brand","embeddable":true,"href":"https:\/\/cosyowl.com\/de\/wp-json\/wp\/v2\/product_brand?post=24833"},{"taxonomy":"product_cat","embeddable":true,"href":"https:\/\/cosyowl.com\/de\/wp-json\/wp\/v2\/product_cat?post=24833"},{"taxonomy":"product_tag","embeddable":true,"href":"https:\/\/cosyowl.com\/de\/wp-json\/wp\/v2\/product_tag?post=24833"}],"curies":[{"name":"wp","href":"https:\/\/api.w.org\/{rel}","templated":true}]}}