{"id":23597,"date":"2024-05-31T09:28:08","date_gmt":"2024-05-31T08:28:08","guid":{"rendered":"https:\/\/cosyowl.com\/de\/?post_type=product&#038;p=23597"},"modified":"2026-03-03T17:26:16","modified_gmt":"2026-03-03T17:26:16","slug":"kit-zum-schmelzen-von-kokosnuss-und-limettenwachs","status":"publish","type":"product","link":"https:\/\/cosyowl.com\/de\/kit-zum-schmelzen-von-kokosnuss-und-limettenwachs","title":{"rendered":"Kit zum Schmelzen von Kokosnuss- und Limettenwachs"},"content":{"rendered":"<div id=\"tabcontentcontainer\">\n<div id=\"sc1\" class=\"tabcontent\">\n<div id=\"productDescription_1\" class=\"productGeneral biggerText\">\n<p><strong>Kit zum Schmelzen von Kokosnuss- und Limettenwachs<\/strong><\/p>\n<p>Unsere Wachsschmelz-Sets sind der perfekte Kauf f\u00fcr alle, die kreativ werden und mit der Herstellung ihrer eigenen Wachsschmelzen beginnen m\u00f6chten. Mit diesem Set haben Sie alles, was Sie brauchen, um eine Vielzahl unterschiedlich geformter Wachsschmelzen herzustellen.<\/p>\n<p><strong>In Ihrem Kit enthalten:<\/strong><\/p>\n<p>Kokosnuss- und Limettenduft\u00f6l \u2013 50 ml<br \/>\n25 g \u2013 Silbersatiniertes Glimmerpulver<br \/>\n3g &#8211; Bekro Hellgr\u00fcner Farbstoff<br \/>\n350 g \u2013 S\u00e4ulenwachs<br \/>\n1x Muschelschale, 1x Herzmuschelschale, 1x Sternmuschelschale, 1x Feinkosttopf.<br \/>\n1 Schritt-f\u00fcr-Schritt-Anleitung<\/p>\n<p>Unser Kokosnuss-Limetten-Duft\u00f6l wurde speziell entwickelt, um den bekannten Duft dieses gro\u00dfen, ovalen, braunen Samens einer tropischen Palme in Kombination mit dem leicht zitronigen Geschmack von Limette hervorzurufen. Das \u00d6l und die Milch der Kokosnuss werden zusammen mit der Limettenschale synthetisch in unser Duft\u00f6l eingemischt und dieses verstr\u00f6mt sofort einen starken und markanten Duft, der an Limette, Zitronenpalme, Freesie und wei\u00dfe Bergamotte erinnert. Dieses anf\u00e4ngliche Aroma ist am st\u00e4rksten ausgepr\u00e4gt, wenn Ihre Kerze zu brennen beginnt und Ihren Raum mit einem Duft erf\u00fcllt, der dann durch leichte Untert\u00f6ne von Kokoswasser, Zuckerrohr und Drachenfrucht verst\u00e4rkt wird. In die Formulierung dieses unverwechselbaren Duftes ist ein herrlicher Nachgeschmack von Vetiver\u00f6l und Bourbon-Vanille eingearbeitet.<\/p>\n<p>Wir sind stolz darauf, die hochwertigsten Zutaten anzubieten, die auf dem Markt erh\u00e4ltlich sind, um zu Hause die perfekten Wax Melts herzustellen. Unsere Kits sind perfekt f\u00fcr diejenigen, die gerade erst anfangen und die Fertigkeit bereits beherrschen, also schnappen Sie sich Ihre Sch\u00fcrze und fangen wir mit dem Basteln an.<\/p>\n<\/div>\n<\/div>\n<\/div>\n","protected":false},"excerpt":{"rendered":"<p>Kit zum Schmelzen von Kokosnuss- und Limettenwachs Unsere Wachsschmelz-Sets sind der perfekte Kauf f\u00fcr alle, die kreativ werden und mit der Herstellung ihrer eigenen Wachsschmelzen beginnen m\u00f6chten. Mit diesem Set haben Sie alles, was Sie brauchen, um eine Vielzahl unterschiedlich geformter Wachsschmelzen herzustellen. In Ihrem Kit enthalten: Kokosnuss- und Limettenduft\u00f6l \u2013 50 ml 25 g [&hellip;]<\/p>\n","protected":false},"featured_media":23568,"comment_status":"open","ping_status":"closed","template":"","meta":{"_acf_changed":false},"product_brand":[],"product_cat":[302,482],"product_tag":[],"class_list":{"0":"post-23597","1":"product","2":"type-product","3":"status-publish","4":"has-post-thumbnail","6":"product_cat-wachs-melts-bausatze","7":"product_cat-neu","9":"first","10":"instock","11":"taxable","12":"shipping-taxable","13":"purchasable","14":"product-type-simple"},"acf":[],"_links":{"self":[{"href":"https:\/\/cosyowl.com\/de\/wp-json\/wp\/v2\/product\/23597","targetHints":{"allow":["GET"]}}],"collection":[{"href":"https:\/\/cosyowl.com\/de\/wp-json\/wp\/v2\/product"}],"about":[{"href":"https:\/\/cosyowl.com\/de\/wp-json\/wp\/v2\/types\/product"}],"replies":[{"embeddable":true,"href":"https:\/\/cosyowl.com\/de\/wp-json\/wp\/v2\/comments?post=23597"}],"wp:featuredmedia":[{"embeddable":true,"href":"https:\/\/cosyowl.com\/de\/wp-json\/wp\/v2\/media\/23568"}],"wp:attachment":[{"href":"https:\/\/cosyowl.com\/de\/wp-json\/wp\/v2\/media?parent=23597"}],"wp:term":[{"taxonomy":"product_brand","embeddable":true,"href":"https:\/\/cosyowl.com\/de\/wp-json\/wp\/v2\/product_brand?post=23597"},{"taxonomy":"product_cat","embeddable":true,"href":"https:\/\/cosyowl.com\/de\/wp-json\/wp\/v2\/product_cat?post=23597"},{"taxonomy":"product_tag","embeddable":true,"href":"https:\/\/cosyowl.com\/de\/wp-json\/wp\/v2\/product_tag?post=23597"}],"curies":[{"name":"wp","href":"https:\/\/api.w.org\/{rel}","templated":true}]}}