{"id":23596,"date":"2024-05-31T09:25:38","date_gmt":"2024-05-31T08:25:38","guid":{"rendered":"https:\/\/cosyowl.com\/de\/?post_type=product&#038;p=23596"},"modified":"2026-03-03T17:26:16","modified_gmt":"2026-03-03T17:26:16","slug":"lavendelwachs-schmelzherstellungsset","status":"publish","type":"product","link":"https:\/\/cosyowl.com\/de\/lavendelwachs-schmelzherstellungsset","title":{"rendered":"Lavendelwachs-Schmelzherstellungsset"},"content":{"rendered":"<div id=\"tabcontentcontainer\">\n<div id=\"sc1\" class=\"tabcontent\">\n<div id=\"productDescription_1\" class=\"productGeneral biggerText\">\n<p><strong>Lavendelwachs-Schmelzherstellungsset<\/strong><\/p>\n<p>Unsere Wachsschmelz-Sets sind der perfekte Kauf f\u00fcr alle, die kreativ werden und mit der Herstellung ihrer eigenen Wachsschmelzen beginnen m\u00f6chten. Mit diesem Set haben Sie alles, was Sie brauchen, um eine Vielzahl unterschiedlich geformter Wachsschmelzen herzustellen.<\/p>\n<p><strong>In Ihrem Kit enthalten:<\/strong><\/p>\n<p>Lavendel-Duft\u00f6l \u2013 50 ml<br \/>\n25 g \u2013 Magisches violettes Glimmerpulver<br \/>\n3g &#8211; Bekro Fliederfarbstoff<br \/>\n350 g \u2013 S\u00e4ulenwachs<br \/>\n1x Muschelschale, 1x Herzmuschelschale, 1x Sternmuschelschale, 1x Feinkosttopf.<br \/>\n1 Schritt-f\u00fcr-Schritt-Anleitung<\/p>\n<p>Ein einfacher, aber kr\u00e4ftiger Lavendelakkord wird durch k\u00fchle Kopfnoten aus frischen Eukalyptusbl\u00e4ttern und weichem Bergamottenmark verst\u00e4rkt. Warme Noten von Lavendel, Patschuli und s\u00fc\u00dfem Tonka dominieren in der Herznote, w\u00e4hrend die Basisnote reichhaltig und konstant mit weichem Moos und holzigem Moschus ist.<\/p>\n<p>Wir sind stolz darauf, die hochwertigsten Zutaten anzubieten, die auf dem Markt erh\u00e4ltlich sind, um zu Hause die perfekten Wax Melts herzustellen. Unsere Kits sind perfekt f\u00fcr diejenigen, die gerade erst anfangen und die Fertigkeit bereits beherrschen, also schnappen Sie sich Ihre Sch\u00fcrze und fangen wir mit dem Basteln an.<\/p>\n<\/div>\n<\/div>\n<\/div>\n","protected":false},"excerpt":{"rendered":"<p>Lavendelwachs-Schmelzherstellungsset Unsere Wachsschmelz-Sets sind der perfekte Kauf f\u00fcr alle, die kreativ werden und mit der Herstellung ihrer eigenen Wachsschmelzen beginnen m\u00f6chten. Mit diesem Set haben Sie alles, was Sie brauchen, um eine Vielzahl unterschiedlich geformter Wachsschmelzen herzustellen. In Ihrem Kit enthalten: Lavendel-Duft\u00f6l \u2013 50 ml 25 g \u2013 Magisches violettes Glimmerpulver 3g &#8211; Bekro Fliederfarbstoff [&hellip;]<\/p>\n","protected":false},"featured_media":23580,"comment_status":"open","ping_status":"closed","template":"","meta":{"_acf_changed":false},"product_brand":[],"product_cat":[302,482],"product_tag":[],"class_list":{"0":"post-23596","1":"product","2":"type-product","3":"status-publish","4":"has-post-thumbnail","6":"product_cat-wachs-melts-bausatze","7":"product_cat-neu","9":"first","10":"instock","11":"taxable","12":"shipping-taxable","13":"purchasable","14":"product-type-simple"},"acf":[],"_links":{"self":[{"href":"https:\/\/cosyowl.com\/de\/wp-json\/wp\/v2\/product\/23596","targetHints":{"allow":["GET"]}}],"collection":[{"href":"https:\/\/cosyowl.com\/de\/wp-json\/wp\/v2\/product"}],"about":[{"href":"https:\/\/cosyowl.com\/de\/wp-json\/wp\/v2\/types\/product"}],"replies":[{"embeddable":true,"href":"https:\/\/cosyowl.com\/de\/wp-json\/wp\/v2\/comments?post=23596"}],"wp:featuredmedia":[{"embeddable":true,"href":"https:\/\/cosyowl.com\/de\/wp-json\/wp\/v2\/media\/23580"}],"wp:attachment":[{"href":"https:\/\/cosyowl.com\/de\/wp-json\/wp\/v2\/media?parent=23596"}],"wp:term":[{"taxonomy":"product_brand","embeddable":true,"href":"https:\/\/cosyowl.com\/de\/wp-json\/wp\/v2\/product_brand?post=23596"},{"taxonomy":"product_cat","embeddable":true,"href":"https:\/\/cosyowl.com\/de\/wp-json\/wp\/v2\/product_cat?post=23596"},{"taxonomy":"product_tag","embeddable":true,"href":"https:\/\/cosyowl.com\/de\/wp-json\/wp\/v2\/product_tag?post=23596"}],"curies":[{"name":"wp","href":"https:\/\/api.w.org\/{rel}","templated":true}]}}