{"id":23595,"date":"2024-05-31T09:24:42","date_gmt":"2024-05-31T08:24:42","guid":{"rendered":"https:\/\/cosyowl.com\/de\/?post_type=product&#038;p=23595"},"modified":"2026-03-03T17:26:15","modified_gmt":"2026-03-03T17:26:15","slug":"wachsschmelzherstellungsset-aus-sandelholz-und-myrrhe","status":"publish","type":"product","link":"https:\/\/cosyowl.com\/de\/wachsschmelzherstellungsset-aus-sandelholz-und-myrrhe","title":{"rendered":"Wachsschmelzherstellungsset aus Sandelholz und Myrrhe"},"content":{"rendered":"<div id=\"tabcontentcontainer\">\n<div id=\"sc1\" class=\"tabcontent\">\n<div id=\"productDescription_1\" class=\"productGeneral biggerText\">\n<p><strong>Wachsschmelzherstellungsset aus Sandelholz und Myrrhe<\/strong><\/p>\n<p>Unsere Wachsschmelz-Sets sind der perfekte Kauf f\u00fcr alle, die kreativ werden und mit der Herstellung ihrer eigenen Wachsschmelzen beginnen m\u00f6chten. Mit diesem Set haben Sie alles, was Sie brauchen, um eine Vielzahl unterschiedlich geformter Wachsschmelzen herzustellen.<\/p>\n<p><strong>In Ihrem Kit enthalten:<\/strong><\/p>\n<p>Sandelholz- und Myrrhe-Duft\u00f6l \u2013 50 ml<br \/>\n25 g \u2013 Goldsatiniertes Glimmerpulver<br \/>\n3g &#8211; Bekro Cremefarbstoff<br \/>\n350 g \u2013 S\u00e4ulenwachs<br \/>\n1x Muschelschale, 1x Herzmuschelschale, 1x Sternmuschelschale, 1x Feinkosttopf.<br \/>\n1 Schritt-f\u00fcr-Schritt-Anleitung<\/p>\n<p>Umfassen Sie die W\u00e4rme des holzigen Akkords mit Noten von Geranie, Zedernholz, Sandelholz, Ylang-Ylang, cremiger Vanille und weichem Moschus. Dieser Duft verk\u00f6rpert raffinierte Raffinesse und zeitlose Anziehungskraft.<\/p>\n<p>Wir sind stolz darauf, die hochwertigsten Zutaten anzubieten, die auf dem Markt erh\u00e4ltlich sind, um zu Hause die perfekten Wax Melts herzustellen. Unsere Kits sind perfekt f\u00fcr diejenigen, die gerade erst anfangen und die Fertigkeit bereits beherrschen, also schnappen Sie sich Ihre Sch\u00fcrze und fangen wir mit dem Basteln an.<\/p>\n<\/div>\n<\/div>\n<\/div>\n","protected":false},"excerpt":{"rendered":"<p>Wachsschmelzherstellungsset aus Sandelholz und Myrrhe Unsere Wachsschmelz-Sets sind der perfekte Kauf f\u00fcr alle, die kreativ werden und mit der Herstellung ihrer eigenen Wachsschmelzen beginnen m\u00f6chten. Mit diesem Set haben Sie alles, was Sie brauchen, um eine Vielzahl unterschiedlich geformter Wachsschmelzen herzustellen. In Ihrem Kit enthalten: Sandelholz- und Myrrhe-Duft\u00f6l \u2013 50 ml 25 g \u2013 Goldsatiniertes [&hellip;]<\/p>\n","protected":false},"featured_media":23585,"comment_status":"open","ping_status":"closed","template":"","meta":{"_acf_changed":false},"product_brand":[],"product_cat":[302,482,93],"product_tag":[],"class_list":{"0":"post-23595","1":"product","2":"type-product","3":"status-publish","4":"has-post-thumbnail","6":"product_cat-wachs-melts-bausatze","7":"product_cat-neu","8":"product_cat-weihnachten","10":"first","11":"instock","12":"taxable","13":"shipping-taxable","14":"purchasable","15":"product-type-simple"},"acf":[],"_links":{"self":[{"href":"https:\/\/cosyowl.com\/de\/wp-json\/wp\/v2\/product\/23595","targetHints":{"allow":["GET"]}}],"collection":[{"href":"https:\/\/cosyowl.com\/de\/wp-json\/wp\/v2\/product"}],"about":[{"href":"https:\/\/cosyowl.com\/de\/wp-json\/wp\/v2\/types\/product"}],"replies":[{"embeddable":true,"href":"https:\/\/cosyowl.com\/de\/wp-json\/wp\/v2\/comments?post=23595"}],"wp:featuredmedia":[{"embeddable":true,"href":"https:\/\/cosyowl.com\/de\/wp-json\/wp\/v2\/media\/23585"}],"wp:attachment":[{"href":"https:\/\/cosyowl.com\/de\/wp-json\/wp\/v2\/media?parent=23595"}],"wp:term":[{"taxonomy":"product_brand","embeddable":true,"href":"https:\/\/cosyowl.com\/de\/wp-json\/wp\/v2\/product_brand?post=23595"},{"taxonomy":"product_cat","embeddable":true,"href":"https:\/\/cosyowl.com\/de\/wp-json\/wp\/v2\/product_cat?post=23595"},{"taxonomy":"product_tag","embeddable":true,"href":"https:\/\/cosyowl.com\/de\/wp-json\/wp\/v2\/product_tag?post=23595"}],"curies":[{"name":"wp","href":"https:\/\/api.w.org\/{rel}","templated":true}]}}