{"id":23593,"date":"2024-05-31T09:19:56","date_gmt":"2024-05-31T08:19:56","guid":{"rendered":"https:\/\/cosyowl.com\/de\/?post_type=product&#038;p=23593"},"modified":"2026-03-03T17:26:15","modified_gmt":"2026-03-03T17:26:15","slug":"fresh-unstoppables-wachsschmelz-herstellungsset","status":"publish","type":"product","link":"https:\/\/cosyowl.com\/de\/fresh-unstoppables-wachsschmelz-herstellungsset","title":{"rendered":"Fresh Unstoppables Wachsschmelz-Herstellungsset"},"content":{"rendered":"<div id=\"tabcontentcontainer\">\n<div id=\"sc1\" class=\"tabcontent\">\n<div id=\"productDescription_1\" class=\"productGeneral biggerText\">\n<p><strong>Fresh Unstoppables Wachsschmelz-Herstellungsset<\/strong><\/p>\n<p>Unsere Wachsschmelz-Sets sind der perfekte Kauf f\u00fcr alle, die kreativ werden und mit der Herstellung ihrer eigenen Wachsschmelzen beginnen m\u00f6chten. Mit diesem Set haben Sie alles, was Sie brauchen, um eine Vielzahl unterschiedlich geformter Wachsschmelzen herzustellen.<\/p>\n<p><strong>In Ihrem Kit enthalten:<\/strong><\/p>\n<p>Fresh Unstoppables Duft\u00f6l \u2013 50 ml<br \/>\n25 g \u2013 Flash Blue Glimmerpulver<br \/>\n3 g \u2013 Bekro Hellblauer Farbstoff<br \/>\n350 g \u2013 S\u00e4ulenwachs<br \/>\n1x Muschelschale, 1x Herzmuschelschale, 1x Sternmuschelschale, 1x Feinkosttopf.<br \/>\n1 Schritt-f\u00fcr-Schritt-Anleitung<\/p>\n<p>Erleben Sie die Essenz der Frische wie nie zuvor mit dem Duft\u00f6l \u201eFresh Unstoppables\u201c.Inspiriert von den beliebten Duftverst\u00e4rkern kombiniert es einen diffusen fruchtig-blumigen Akkord, der mit einer Symphonie reiner ozonischer Noten beginnt, die sich m\u00fchelos mit der hellen Essenz von Zitrusorange, saftigem Pfirsich und knackigem gr\u00fcnen Apfel verbinden. Diese harmonische Mischung bereitet die B\u00fchne f\u00fcr ein fesselndes Blumenherz, in dem die zarten Aromen von durchscheinendem Jasmin, eleganter Rose und belebendem Neroli miteinander tanzen, verst\u00e4rkt durch subtile aromatische Nuancen von Anis, erfrischendem Eukalyptus und \u00fcppigen gr\u00fcnen Noten. Um diese olfaktorische Reise abzurunden, endet der Duft anmutig mit einer sanften Spur von Patschuli und Vanille und hinterl\u00e4sst ein anhaltendes Gef\u00fchl von Trost und W\u00e4rme.<\/p>\n<p>Wir sind stolz darauf, die hochwertigsten Zutaten anzubieten, die auf dem Markt erh\u00e4ltlich sind, um zu Hause die perfekten Wax Melts herzustellen. Unsere Kits sind perfekt f\u00fcr diejenigen, die gerade erst anfangen und die Fertigkeit bereits beherrschen, also schnappen Sie sich Ihre Sch\u00fcrze und fangen wir mit dem Basteln an.<\/p>\n<\/div>\n<\/div>\n<\/div>\n","protected":false},"excerpt":{"rendered":"<p>Fresh Unstoppables Wachsschmelz-Herstellungsset Unsere Wachsschmelz-Sets sind der perfekte Kauf f\u00fcr alle, die kreativ werden und mit der Herstellung ihrer eigenen Wachsschmelzen beginnen m\u00f6chten. Mit diesem Set haben Sie alles, was Sie brauchen, um eine Vielzahl unterschiedlich geformter Wachsschmelzen herzustellen. In Ihrem Kit enthalten: Fresh Unstoppables Duft\u00f6l \u2013 50 ml 25 g \u2013 Flash Blue Glimmerpulver [&hellip;]<\/p>\n","protected":false},"featured_media":23573,"comment_status":"open","ping_status":"closed","template":"","meta":{"_acf_changed":false},"product_brand":[],"product_cat":[302,482],"product_tag":[],"class_list":{"0":"post-23593","1":"product","2":"type-product","3":"status-publish","4":"has-post-thumbnail","6":"product_cat-wachs-melts-bausatze","7":"product_cat-neu","9":"first","10":"instock","11":"taxable","12":"shipping-taxable","13":"purchasable","14":"product-type-simple"},"acf":[],"_links":{"self":[{"href":"https:\/\/cosyowl.com\/de\/wp-json\/wp\/v2\/product\/23593","targetHints":{"allow":["GET"]}}],"collection":[{"href":"https:\/\/cosyowl.com\/de\/wp-json\/wp\/v2\/product"}],"about":[{"href":"https:\/\/cosyowl.com\/de\/wp-json\/wp\/v2\/types\/product"}],"replies":[{"embeddable":true,"href":"https:\/\/cosyowl.com\/de\/wp-json\/wp\/v2\/comments?post=23593"}],"wp:featuredmedia":[{"embeddable":true,"href":"https:\/\/cosyowl.com\/de\/wp-json\/wp\/v2\/media\/23573"}],"wp:attachment":[{"href":"https:\/\/cosyowl.com\/de\/wp-json\/wp\/v2\/media?parent=23593"}],"wp:term":[{"taxonomy":"product_brand","embeddable":true,"href":"https:\/\/cosyowl.com\/de\/wp-json\/wp\/v2\/product_brand?post=23593"},{"taxonomy":"product_cat","embeddable":true,"href":"https:\/\/cosyowl.com\/de\/wp-json\/wp\/v2\/product_cat?post=23593"},{"taxonomy":"product_tag","embeddable":true,"href":"https:\/\/cosyowl.com\/de\/wp-json\/wp\/v2\/product_tag?post=23593"}],"curies":[{"name":"wp","href":"https:\/\/api.w.org\/{rel}","templated":true}]}}