{"id":23592,"date":"2024-05-31T09:18:57","date_gmt":"2024-05-31T08:18:57","guid":{"rendered":"https:\/\/cosyowl.com\/de\/?post_type=product&#038;p=23592"},"modified":"2026-03-03T17:26:15","modified_gmt":"2026-03-03T17:26:15","slug":"frosted-cranberries-wachsschmelz-herstellungsset","status":"publish","type":"product","link":"https:\/\/cosyowl.com\/de\/frosted-cranberries-wachsschmelz-herstellungsset","title":{"rendered":"Frosted Cranberries Wachsschmelz-Herstellungsset"},"content":{"rendered":"<div id=\"tabcontentcontainer\">\n<div id=\"sc1\" class=\"tabcontent\">\n<div id=\"productDescription_1\" class=\"productGeneral biggerText\">\n<p><strong>Frosted Cranberries Wachsschmelz-Herstellungsset<\/strong><\/p>\n<p>Unsere Wachsschmelz-Sets sind der perfekte Kauf f\u00fcr alle, die kreativ werden und mit der Herstellung ihrer eigenen Wachsschmelzen beginnen m\u00f6chten. Mit diesem Set haben Sie alles, was Sie brauchen, um eine Vielzahl unterschiedlich geformter Wachsschmelzen herzustellen.<\/p>\n<p><strong>In Ihrem Kit enthalten:<\/strong><\/p>\n<p>Frosted Cranberries-Duft\u00f6l \u2013 50 ml<br \/>\n25 g \u2013 Rotes Perlglimmerpulver<br \/>\n3 g \u2013 Bekro Dunkelroter Farbstoff<br \/>\n350 g \u2013 S\u00e4ulenwachs<br \/>\n1x Muschelschale, 1x Herzmuschelschale, 1x Sternmuschelschale, 1x Feinkosttopf.<br \/>\n1 Schritt-f\u00fcr-Schritt-Anleitung<\/p>\n<p>Unser Duft\u00f6l \u201eFrosted Cranberries\u201c ist eine funkelnde rosa Mischung aus sprudelnden Bl\u00e4schen, frischer saftiger Pampelmuse und einem Hauch Preiselbeere. Dieser Duft basiert auf einer k\u00f6stlichen Basis aus Karamell, Vanille und Iris und ist sowohl belebend als auch beruhigend.<\/p>\n<p>Wir sind stolz darauf, die hochwertigsten Zutaten anzubieten, die auf dem Markt erh\u00e4ltlich sind, um zu Hause die perfekten Wax Melts herzustellen. Unsere Kits sind perfekt f\u00fcr diejenigen, die gerade erst anfangen und die Fertigkeit bereits beherrschen, also schnappen Sie sich Ihre Sch\u00fcrze und fangen wir mit dem Basteln an.<\/p>\n<\/div>\n<\/div>\n<\/div>\n","protected":false},"excerpt":{"rendered":"<p>Frosted Cranberries Wachsschmelz-Herstellungsset Unsere Wachsschmelz-Sets sind der perfekte Kauf f\u00fcr alle, die kreativ werden und mit der Herstellung ihrer eigenen Wachsschmelzen beginnen m\u00f6chten. Mit diesem Set haben Sie alles, was Sie brauchen, um eine Vielzahl unterschiedlich geformter Wachsschmelzen herzustellen. In Ihrem Kit enthalten: Frosted Cranberries-Duft\u00f6l \u2013 50 ml 25 g \u2013 Rotes Perlglimmerpulver 3 g [&hellip;]<\/p>\n","protected":false},"featured_media":23577,"comment_status":"open","ping_status":"closed","template":"","meta":{"_acf_changed":false},"product_brand":[],"product_cat":[302,482,93],"product_tag":[],"class_list":{"0":"post-23592","1":"product","2":"type-product","3":"status-publish","4":"has-post-thumbnail","6":"product_cat-wachs-melts-bausatze","7":"product_cat-neu","8":"product_cat-weihnachten","10":"first","11":"instock","12":"taxable","13":"shipping-taxable","14":"purchasable","15":"product-type-simple"},"acf":[],"_links":{"self":[{"href":"https:\/\/cosyowl.com\/de\/wp-json\/wp\/v2\/product\/23592","targetHints":{"allow":["GET"]}}],"collection":[{"href":"https:\/\/cosyowl.com\/de\/wp-json\/wp\/v2\/product"}],"about":[{"href":"https:\/\/cosyowl.com\/de\/wp-json\/wp\/v2\/types\/product"}],"replies":[{"embeddable":true,"href":"https:\/\/cosyowl.com\/de\/wp-json\/wp\/v2\/comments?post=23592"}],"wp:featuredmedia":[{"embeddable":true,"href":"https:\/\/cosyowl.com\/de\/wp-json\/wp\/v2\/media\/23577"}],"wp:attachment":[{"href":"https:\/\/cosyowl.com\/de\/wp-json\/wp\/v2\/media?parent=23592"}],"wp:term":[{"taxonomy":"product_brand","embeddable":true,"href":"https:\/\/cosyowl.com\/de\/wp-json\/wp\/v2\/product_brand?post=23592"},{"taxonomy":"product_cat","embeddable":true,"href":"https:\/\/cosyowl.com\/de\/wp-json\/wp\/v2\/product_cat?post=23592"},{"taxonomy":"product_tag","embeddable":true,"href":"https:\/\/cosyowl.com\/de\/wp-json\/wp\/v2\/product_tag?post=23592"}],"curies":[{"name":"wp","href":"https:\/\/api.w.org\/{rel}","templated":true}]}}