{"id":23588,"date":"2024-05-31T09:12:17","date_gmt":"2024-05-31T08:12:17","guid":{"rendered":"https:\/\/cosyowl.com\/de\/?post_type=product&#038;p=23588"},"modified":"2026-04-10T12:15:35","modified_gmt":"2026-04-10T11:15:35","slug":"lenora-blue-diffusor-bastelset","status":"publish","type":"product","link":"https:\/\/cosyowl.com\/de\/lenora-blue-diffusor-bastelset","title":{"rendered":"Lenora Blue Diffusor-Bastelset"},"content":{"rendered":"<div id=\"tabcontentcontainer\">\n<div id=\"sc1\" class=\"tabcontent\">\n<div id=\"productDescription_1\" class=\"productGeneral biggerText\">\n<div id=\"tabcontentcontainer\">\n<div id=\"sc1\" class=\"tabcontent\">\n<div id=\"productDescription_1\" class=\"productGeneral biggerText\">\n<p>Unsere Diffusor-Sets sind der perfekte Kauf f\u00fcr alle, die kreativ werden und zu Hause mit der Herstellung ihrer eigenen Diffusoren beginnen m\u00f6chten. Mit diesem Set haben Sie alles, was Sie brauchen, um drei Diffusoren herzustellen.<\/p>\n<p><strong>In Ihrem Set enthalten:<\/strong><\/p>\n<ul>\n<li>100 ml Lenora Blue Duft\u00f6l<\/li>\n<li>500 g Diffusor-Basis\u00f6l<\/li>\n<li>100 ml Glas-Diffusorw\u00fcrfel<\/li>\n<li>2 x 100 ml Karen Glas-Diffusorflaschen<\/li>\n<li>1 x goldener Metall-Diffusorverschluss<\/li>\n<li>2 x silberne Metall-Diffusorverschl\u00fcsse<\/li>\n<li>20 schwarze Diffusorst\u00e4bchen<\/li>\n<li>10 wei\u00dfe Diffusorst\u00e4bchen<\/li>\n<li>1 Schritt-f\u00fcr-Schritt-Anleitung<\/li>\n<\/ul>\n<p>G\u00f6nnen Sie sich das luxuri\u00f6se Erlebnis von Lenora Blue, bei dem jeder Hauch Erinnerungen an frisch gewaschene Bettw\u00e4sche und die wohlige Umarmung von Zuhause weckt. Unser Lenora Blue Duft\u00f6l ist vom beliebten Weichsp\u00fclerduft inspiriert. Lenora Blue fesselt die Sinne mit einem frischen, blumigen Aldehyd-Aroma und beginnt mit einem herrlichen Hauch von Nelke. Die Herznote dieses bezaubernden Dufts vereint eine harmonische Mischung aus w\u00fcrzigen Blumen, Rosen, Jasmin, Lilien und Meeresnoten, die auf einer Basis aus Moschus und Sandelholz ruhen und einen Duft erzeugen, der an frisch gewaschene W\u00e4sche erinnert.<\/p>\n<p>Wir sind stolz darauf, die hochwertigsten auf dem Markt erh\u00e4ltlichen Zutaten f\u00fcr die Herstellung der perfekten Diffusoren zu Hause anzubieten. Unsere Sets sind perfekt f\u00fcr Anf\u00e4nger und diejenigen, die das Handwerk bereits beherrschen. Schnappen Sie sich also Ihre Sch\u00fcrze und legen Sie los mit dem Basteln.<\/p>\n<\/div>\n<\/div>\n<\/div>\n<\/div>\n<\/div>\n<\/div>\n","protected":false},"excerpt":{"rendered":"<p>Unsere Diffusor-Sets sind der perfekte Kauf f\u00fcr alle, die kreativ werden und zu Hause mit der Herstellung ihrer eigenen Diffusoren beginnen m\u00f6chten. Mit diesem Set haben Sie alles, was Sie brauchen, um drei Diffusoren herzustellen. In Ihrem Set enthalten: 100 ml Lenora Blue Duft\u00f6l 500 g Diffusor-Basis\u00f6l 100 ml Glas-Diffusorw\u00fcrfel 2 x 100 ml Karen [&hellip;]<\/p>\n","protected":false},"featured_media":23566,"comment_status":"open","ping_status":"closed","template":"","meta":{"_acf_changed":false},"product_brand":[],"product_cat":[298,482],"product_tag":[],"class_list":{"0":"post-23588","1":"product","2":"type-product","3":"status-publish","4":"has-post-thumbnail","6":"product_cat-diffusor-bausatze","7":"product_cat-neu","9":"first","10":"outofstock","11":"taxable","12":"shipping-taxable","13":"purchasable","14":"product-type-simple"},"acf":[],"_links":{"self":[{"href":"https:\/\/cosyowl.com\/de\/wp-json\/wp\/v2\/product\/23588","targetHints":{"allow":["GET"]}}],"collection":[{"href":"https:\/\/cosyowl.com\/de\/wp-json\/wp\/v2\/product"}],"about":[{"href":"https:\/\/cosyowl.com\/de\/wp-json\/wp\/v2\/types\/product"}],"replies":[{"embeddable":true,"href":"https:\/\/cosyowl.com\/de\/wp-json\/wp\/v2\/comments?post=23588"}],"wp:featuredmedia":[{"embeddable":true,"href":"https:\/\/cosyowl.com\/de\/wp-json\/wp\/v2\/media\/23566"}],"wp:attachment":[{"href":"https:\/\/cosyowl.com\/de\/wp-json\/wp\/v2\/media?parent=23588"}],"wp:term":[{"taxonomy":"product_brand","embeddable":true,"href":"https:\/\/cosyowl.com\/de\/wp-json\/wp\/v2\/product_brand?post=23588"},{"taxonomy":"product_cat","embeddable":true,"href":"https:\/\/cosyowl.com\/de\/wp-json\/wp\/v2\/product_cat?post=23588"},{"taxonomy":"product_tag","embeddable":true,"href":"https:\/\/cosyowl.com\/de\/wp-json\/wp\/v2\/product_tag?post=23588"}],"curies":[{"name":"wp","href":"https:\/\/api.w.org\/{rel}","templated":true}]}}