{"id":23558,"date":"2024-05-31T09:03:10","date_gmt":"2024-05-31T08:03:10","guid":{"rendered":"https:\/\/cosyowl.com\/de\/?post_type=product&#038;p=23558"},"modified":"2026-04-10T12:15:35","modified_gmt":"2026-04-10T11:15:35","slug":"bausatz-fuer-diffusoren-mit-meeresmotiv","status":"publish","type":"product","link":"https:\/\/cosyowl.com\/de\/bausatz-fuer-diffusoren-mit-meeresmotiv","title":{"rendered":"Bausatz f\u00fcr Diffusoren mit Meeresmotiv"},"content":{"rendered":"<div id=\"tabcontentcontainer\">\n<div id=\"sc1\" class=\"tabcontent\">\n<div id=\"productDescription_1\" class=\"productGeneral biggerText\">\n<div id=\"tabcontentcontainer\">\n<div id=\"sc1\" class=\"tabcontent\">\n<div id=\"productDescription_1\" class=\"productGeneral biggerText\">\n<p>Unsere Diffusor-Baus\u00e4tze sind die perfekte Anschaffung f\u00fcr alle, die kreativ werden und zu Hause mit der Herstellung ihrer eigenen Diffusoren beginnen m\u00f6chten. Mit diesem Bausatz haben Sie alles, was Sie f\u00fcr die Herstellung von drei Diffusoren ben\u00f6tigen.<\/p>\n<p><strong>In Ihrem Bausatz enthalten:<\/strong><\/p>\n<ul>\n<li>100 ml Duft\u00f6l Ocean<\/li>\n<li>500 g Basis\u00f6l f\u00fcr den Diffusor<\/li>\n<li>100 ml Glas-Diffusorw\u00fcrfel<\/li>\n<li>2 x 100 ml Karen Glas-Diffusorflaschen<\/li>\n<li>1 x goldener Metall-Diffusorverschluss<\/li>\n<li>2 x silberne Metall-Diffusorverschl\u00fcsse<\/li>\n<li>20 schwarze Diffusorst\u00e4bchen<\/li>\n<li>10 wei\u00dfe Diffusorst\u00e4bchen<\/li>\n<li>1 Schritt-f\u00fcr-Schritt-Anleitung<\/li>\n<\/ul>\n<p>Unser Meeresduft\u00f6l wurde speziell entwickelt, um durch intensive Meeres- und Ozonnoten mit leicht blumigen Obert\u00f6nen und Bergamotte- und Orangenschale das vertraute Aroma frischer Meeresger\u00fcche hervorzurufen. Dieses anf\u00e4ngliche Aroma ist am ausgepr\u00e4gtesten, wenn Ihre Kerze zu brennen beginnt und Ihren Raum mit einem Duft erf\u00fcllt, der dann durch leichte Untert\u00f6ne von Calone, Seerose, verst\u00e4rkt wird. In die Rezeptur dieses unverwechselbaren Duftes ist ein herrlicher Nachgeschmack von exotischen H\u00f6lzern eingearbeitet.<\/p>\n<p>Wir sind stolz darauf, die hochwertigsten auf dem Markt erh\u00e4ltlichen Zutaten f\u00fcr die Herstellung der perfekten Diffusoren zu Hause anzubieten. Unsere Kits sind perfekt f\u00fcr Anf\u00e4nger und diejenigen, die das Handwerk bereits beherrschen, also schnappen Sie sich Ihre Sch\u00fcrze und legen Sie los.<\/p>\n<\/div>\n<\/div>\n<\/div>\n<\/div>\n<\/div>\n<\/div>\n","protected":false},"excerpt":{"rendered":"<p>Unsere Diffusor-Baus\u00e4tze sind die perfekte Anschaffung f\u00fcr alle, die kreativ werden und zu Hause mit der Herstellung ihrer eigenen Diffusoren beginnen m\u00f6chten. Mit diesem Bausatz haben Sie alles, was Sie f\u00fcr die Herstellung von drei Diffusoren ben\u00f6tigen. In Ihrem Bausatz enthalten: 100 ml Duft\u00f6l Ocean 500 g Basis\u00f6l f\u00fcr den Diffusor 100 ml Glas-Diffusorw\u00fcrfel 2 [&hellip;]<\/p>\n","protected":false},"featured_media":23566,"comment_status":"open","ping_status":"closed","template":"","meta":{"_acf_changed":false},"product_brand":[],"product_cat":[298,482],"product_tag":[],"class_list":{"0":"post-23558","1":"product","2":"type-product","3":"status-publish","4":"has-post-thumbnail","6":"product_cat-diffusor-bausatze","7":"product_cat-neu","9":"first","10":"outofstock","11":"taxable","12":"shipping-taxable","13":"purchasable","14":"product-type-simple"},"acf":[],"_links":{"self":[{"href":"https:\/\/cosyowl.com\/de\/wp-json\/wp\/v2\/product\/23558","targetHints":{"allow":["GET"]}}],"collection":[{"href":"https:\/\/cosyowl.com\/de\/wp-json\/wp\/v2\/product"}],"about":[{"href":"https:\/\/cosyowl.com\/de\/wp-json\/wp\/v2\/types\/product"}],"replies":[{"embeddable":true,"href":"https:\/\/cosyowl.com\/de\/wp-json\/wp\/v2\/comments?post=23558"}],"wp:featuredmedia":[{"embeddable":true,"href":"https:\/\/cosyowl.com\/de\/wp-json\/wp\/v2\/media\/23566"}],"wp:attachment":[{"href":"https:\/\/cosyowl.com\/de\/wp-json\/wp\/v2\/media?parent=23558"}],"wp:term":[{"taxonomy":"product_brand","embeddable":true,"href":"https:\/\/cosyowl.com\/de\/wp-json\/wp\/v2\/product_brand?post=23558"},{"taxonomy":"product_cat","embeddable":true,"href":"https:\/\/cosyowl.com\/de\/wp-json\/wp\/v2\/product_cat?post=23558"},{"taxonomy":"product_tag","embeddable":true,"href":"https:\/\/cosyowl.com\/de\/wp-json\/wp\/v2\/product_tag?post=23558"}],"curies":[{"name":"wp","href":"https:\/\/api.w.org\/{rel}","templated":true}]}}