{"id":23199,"date":"2024-03-21T12:13:53","date_gmt":"2024-03-21T12:13:53","guid":{"rendered":"https:\/\/cosyowl.com\/de\/?post_type=product&#038;p=23199"},"modified":"2026-03-03T17:26:59","modified_gmt":"2026-03-03T17:26:59","slug":"zimt-orangen-duftoel","status":"publish","type":"product","link":"https:\/\/cosyowl.com\/de\/zimt-orangen-duftoel","title":{"rendered":"Zimt-Orangen-Duft\u00f6l"},"content":{"rendered":"<p>Hergestellt aus nat\u00fcrlichen Inhaltsstoffen und \u00e4therischen \u00d6len*.<\/p>\n<p>Eine aromatische Mischung, die die lebendige Essenz von Zitrusfr\u00fcchten mit der W\u00e4rme von Gew\u00fcrzen verbindet. In der Kopfnote dominieren spritzige Noten von Orange und Mandarine, die zum Herzst\u00fcck des Duftes f\u00fchren, den w\u00fcrzigen Nuancen von Zimt, Ingwer und Nelke. In der Basis sorgt cremige Vanille f\u00fcr einen Hauch von S\u00fc\u00dfe und Weichheit.<\/p>\n<p>Wir werden ab sofort Craftovator-D\u00fcfte auf Lager haben und unsere Unterst\u00fctzung auf ehemalige Craftovator-Kunden ausdehnen. Dies sind genau die D\u00fcfte, die Craftovator verkauft hat, keine Duplikate. W\u00e4hrend wir normalerweise nur D\u00fcfte entwickeln und auf Lager haben, die exklusiv f\u00fcr Cozy Owl erh\u00e4ltlich sind, wurden diese eingef\u00fchrt, um Craftovator-Kunden zu unterst\u00fctzen.<\/p>\n<p>Wie viel Duft sollte ich hinzuf\u00fcgen?<\/p>\n<p>Alle unsere D\u00fcfte sind von hoher Qualit\u00e4t und wurden speziell f\u00fcr eine hervorragende Duftwirkung entwickelt, was bedeutet, dass im Allgemeinen weniger mehr ist. Wie viel Sie hinzuf\u00fcgen m\u00fcssen, ist etwas komplex, und wir haben einen Leitfaden entwickelt, um Ihnen hier weitere Details zu geben. Im Allgemeinen ist es jedoch eine gute Idee, mit 5-8 % zu beginnen, und bis zu 10 % f\u00fcr weniger starke D\u00fcfte sollten Ihnen mehr als genug Duftwurf geben. Es ist immer am besten, mit jeder Duft- und Wachskombination zu experimentieren und niedrig anzufangen und sich zu steigern. Solange Sie der Anleitung folgen und den Flammpunkt beachten, werden Sie mit etwas \u00dcbung sch\u00f6n duftende Kerzen erhalten. Im Allgemeinen sollten Sie niemals mehr als 12 % Duft hinzuf\u00fcgen, da die Kerze buchst\u00e4blich anf\u00e4ngt zu schwitzen oder den Duft auszulaugen.<\/p>\n<p>Verwenden Sie diesen Duft in einer Seife?<\/p>\n<p>Alle unsere Duftstoffe sind auch speziell f\u00fcr die Arbeit in festen Seifen formuliert, siehe Sicherheitsdatenblatt f\u00fcr Informationen \u00fcber den maximalen Prozentsatz jedes Duftstoffs, der in Seifenherstellungsanwendungen verwendet werden kann.<\/p>\n<p>Bitte beachten Sie vor dem Kauf auch unsere CLP-Informationsmitteilung zur Verwendung von Duft\u00f6len in Kerzen. Diese Informationen beziehen sich auf die chemische Zusammensetzung des \u00d6ls zusammen mit Warnhinweisen in Bezug auf m\u00f6gliche allergische Reaktionen.<\/p>\n<p>Grausamkeitsfrei<\/p>\n<p>Die ethische Beschaffung von Produkten ist f\u00fcr uns von gr\u00f6\u00dfter Bedeutung und wir sind sehr stolz darauf, sagen zu k\u00f6nnen, dass alle von Cozy Owl gelieferten Duft\u00f6le und ihre Rohstoffe frei von Tierversuchen sind und absolut keine Tests an Tieren oder Menschen stattfinden. Wir verstehen jedoch, dass es zu Verwirrung kommen kann, da die Sicherheitsdatenbl\u00e4tter (SDS) Toxizit\u00e4tswerte f\u00fcr Ratten und Kaninchen enthalten. Dieser spezielle Abschnitt bezieht sich auf die LD50 (Toxizit\u00e4t) bestimmter Inhaltsstoffe, die f\u00fcr andere Industrien (z. B. zur Verwendung in Lebensmitteln) erforderlich sind, und es ist zwingend erforderlich, dass wir diese angeben, sofern vorhanden. Alle Tierversuchsdaten basieren auf Tests, die nicht von uns oder unseren Lieferanten durchgef\u00fchrt oder genehmigt wurden, in einigen F\u00e4llen wurden diese Tests von einer Regierungsbeh\u00f6rde angeordnet oder vor Jahrzehnten durchgef\u00fchrt, und es wurden kategorisch keine Tests f\u00fcr die Verwendung dieser Inhaltsstoffe in Produkten durchgef\u00fchrt wir liefern.<\/p>\n<p>Wir raten allen Kunden, D\u00fcfte mit unseren 10-ml-Testflaschen zu testen, bevor Sie in gr\u00f6\u00dferen Mengen oder Mengen bestellen, falls Sie mit einem Duft\u00f6l unzufrieden sein k\u00f6nnten. Bitte beachten Sie unsere\u00a0Liefer- &amp; R\u00fcckgaben\u00a0Seite f\u00fcr die vollst\u00e4ndigen Gesch\u00e4ftsbedingungen.<\/p>\n<p>*Dieser Duft enth\u00e4lt nat\u00fcrliche Elemente (\u00e4therische \u00d6le, Extrakte, Harze, Isolate), ist aber nicht vollst\u00e4ndig nat\u00fcrlich. Unsere Duft\u00f6le wurden so einfach, sauber und nat\u00fcrlich wie m\u00f6glich entwickelt, w\u00e4hrend sie den besten Duftwurf und die beste Auswahl an Duftnoten liefern. Verbindungen, die nicht direkt aus der Natur stammen, sind entweder chemisch identisch mit nat\u00fcrlich vorkommenden Verbindungen, k\u00fcnstlich hergestellt oder leicht modifiziert, normalerweise um einen etwas st\u00e4rkeren Duft zu verleihen. Gelegentlich werden in der Natur nicht vorkommende Duftstoffe verwendet, um den charakteristischen Duft zu verleihen, der f\u00fcr einige eher k\u00fcnstliche Duftstoffe erforderlich ist. Dies ist das gleiche wie bei allen heute auf dem Markt befindlichen Duft\u00f6len.<\/p>\n","protected":false},"excerpt":{"rendered":"<p>Hergestellt aus nat\u00fcrlichen Inhaltsstoffen und \u00e4therischen \u00d6len*. Eine aromatische Mischung, die die lebendige Essenz von Zitrusfr\u00fcchten mit der W\u00e4rme von Gew\u00fcrzen verbindet. In der Kopfnote dominieren spritzige Noten von Orange und Mandarine, die zum Herzst\u00fcck des Duftes f\u00fchren, den w\u00fcrzigen Nuancen von Zimt, Ingwer und Nelke. In der Basis sorgt cremige Vanille f\u00fcr einen Hauch [&hellip;]<\/p>\n","protected":false},"featured_media":23246,"comment_status":"open","ping_status":"closed","template":"","meta":{"_acf_changed":false},"product_brand":[],"product_cat":[99,104,106,283,319,107,482,126,479],"product_tag":[586],"class_list":{"0":"post-23199","1":"product","2":"type-product","3":"status-publish","4":"has-post-thumbnail","6":"product_cat-duftoele-alle-duftoele","7":"product_cat-seifenherstellung-duftole","8":"product_cat-bartoelherstellung-duftoele","9":"product_cat-haarpflegebedarf-duftole","10":"product_cat-koerperpflegebedarf-duftole","11":"product_cat-wachs-melts-duftole","12":"product_cat-neu","13":"product_cat-duftoele-neu","14":"product_cat-halloween","15":"product_tag-black-friday","17":"first","18":"instock","19":"taxable","20":"shipping-taxable","21":"purchasable","22":"product-type-variable"},"acf":[],"_links":{"self":[{"href":"https:\/\/cosyowl.com\/de\/wp-json\/wp\/v2\/product\/23199","targetHints":{"allow":["GET"]}}],"collection":[{"href":"https:\/\/cosyowl.com\/de\/wp-json\/wp\/v2\/product"}],"about":[{"href":"https:\/\/cosyowl.com\/de\/wp-json\/wp\/v2\/types\/product"}],"replies":[{"embeddable":true,"href":"https:\/\/cosyowl.com\/de\/wp-json\/wp\/v2\/comments?post=23199"}],"wp:featuredmedia":[{"embeddable":true,"href":"https:\/\/cosyowl.com\/de\/wp-json\/wp\/v2\/media\/23246"}],"wp:attachment":[{"href":"https:\/\/cosyowl.com\/de\/wp-json\/wp\/v2\/media?parent=23199"}],"wp:term":[{"taxonomy":"product_brand","embeddable":true,"href":"https:\/\/cosyowl.com\/de\/wp-json\/wp\/v2\/product_brand?post=23199"},{"taxonomy":"product_cat","embeddable":true,"href":"https:\/\/cosyowl.com\/de\/wp-json\/wp\/v2\/product_cat?post=23199"},{"taxonomy":"product_tag","embeddable":true,"href":"https:\/\/cosyowl.com\/de\/wp-json\/wp\/v2\/product_tag?post=23199"}],"curies":[{"name":"wp","href":"https:\/\/api.w.org\/{rel}","templated":true}]}}