{"id":21687,"date":"2023-04-20T13:51:07","date_gmt":"2023-04-20T12:51:07","guid":{"rendered":"https:\/\/cosyowl.com\/de\/produkt\/metalldeckel-fuer-20-cl-behaelter-100-stueck"},"modified":"2026-03-03T17:25:42","modified_gmt":"2026-03-03T17:25:42","slug":"metalldeckel-fuer-20-cl-behaelter-100-stueck","status":"publish","type":"product","link":"https:\/\/cosyowl.com\/de\/metalldeckel-fur-20-cl-behalter-100-stuck","title":{"rendered":"Metalldeckel f\u00fcr 20-cl-Beh\u00e4lter \u2013 100 St\u00fcck"},"content":{"rendered":"<p>Dieser Deckel eignet sich besonders f\u00fcr den runden 20-cl-Glasbeh\u00e4lter Karen.<br \/>\nErh\u00e4ltlich in 3 Farben: Silber, Kupfer und Messing<\/p>\n<p>Au\u00dfenma\u00dfe &#8211; H10mm x W74mm<\/p>\n<p>Innenma\u00dfe &#8211; H8mm x W72mm<\/p>\n","protected":false},"excerpt":{"rendered":"<p>Dieser Deckel eignet sich besonders f\u00fcr den runden 20-cl-Glasbeh\u00e4lter Karen. Erh\u00e4ltlich in 3 Farben: Silber, Kupfer und Messing Au\u00dfenma\u00dfe &#8211; H10mm x W74mm Innenma\u00dfe &#8211; H8mm x W72mm<\/p>\n","protected":false},"featured_media":21684,"comment_status":"open","ping_status":"closed","template":"","meta":{"_acf_changed":false},"product_brand":[],"product_cat":[122],"product_tag":[],"class_list":{"0":"post-21687","1":"product","2":"type-product","3":"status-publish","4":"has-post-thumbnail","6":"product_cat-kerzenglaser","7":"product_shipping_class-royal_mail","9":"first","10":"instock","11":"taxable","12":"shipping-taxable","13":"purchasable","14":"product-type-variable"},"acf":[],"_links":{"self":[{"href":"https:\/\/cosyowl.com\/de\/wp-json\/wp\/v2\/product\/21687","targetHints":{"allow":["GET"]}}],"collection":[{"href":"https:\/\/cosyowl.com\/de\/wp-json\/wp\/v2\/product"}],"about":[{"href":"https:\/\/cosyowl.com\/de\/wp-json\/wp\/v2\/types\/product"}],"replies":[{"embeddable":true,"href":"https:\/\/cosyowl.com\/de\/wp-json\/wp\/v2\/comments?post=21687"}],"wp:featuredmedia":[{"embeddable":true,"href":"https:\/\/cosyowl.com\/de\/wp-json\/wp\/v2\/media\/21684"}],"wp:attachment":[{"href":"https:\/\/cosyowl.com\/de\/wp-json\/wp\/v2\/media?parent=21687"}],"wp:term":[{"taxonomy":"product_brand","embeddable":true,"href":"https:\/\/cosyowl.com\/de\/wp-json\/wp\/v2\/product_brand?post=21687"},{"taxonomy":"product_cat","embeddable":true,"href":"https:\/\/cosyowl.com\/de\/wp-json\/wp\/v2\/product_cat?post=21687"},{"taxonomy":"product_tag","embeddable":true,"href":"https:\/\/cosyowl.com\/de\/wp-json\/wp\/v2\/product_tag?post=21687"}],"curies":[{"name":"wp","href":"https:\/\/api.w.org\/{rel}","templated":true}]}}