{"id":20003,"date":"2022-05-27T14:11:33","date_gmt":"2022-05-27T13:11:33","guid":{"rendered":"https:\/\/cosyowl.com\/de\/?post_type=product&#038;p=20003"},"modified":"2026-03-03T17:25:37","modified_gmt":"2026-03-03T17:25:37","slug":"klobiges-glitzerbundel","status":"publish","type":"product","link":"https:\/\/cosyowl.com\/de\/bundles\/glitzer-bundel\/klobiges-glitzerbundel","title":{"rendered":"Klobiges Glitzerb\u00fcndel"},"content":{"rendered":"<h2 style=\"text-align: center\"><strong>Klobiges Glitzerpaket<\/strong><\/h2>\n<p>Unser klobiger Glitzer ist eine gro\u00dfartige M\u00f6glichkeit, Ihrem Wachs etwas Besonderes hinzuzuf\u00fcgen. Diese Glitzer sind ein echter Hingucker, wenn sie in Wachs aufgeh\u00e4ngt werden.<\/p>\n<p>Dieses Paket beinhaltet:<\/p>\n<p>25g <a href=\"https:\/\/www.cosyowl.com\/de\/kerzenherstellung-lieferungen\/glimmerpulver-und-glitter\/herzformiger-kerzenglitter\/fr\/kerzenherstellung\/glitzer\/herzkerzenglitter\">Herzf\u00f6rmiger<\/a><\/p>\n<p>25g <a href=\"https:\/\/www.cosyowl.com\/de\/kerzenherstellung-lieferungen\/glimmerpulver-und-glitter\/weiss-und-blau-kreisformiger-kerzenglitter\">Wei\u00df &amp; Blau kreisf\u00f6rmiger<\/a><\/p>\n<p>25g <a href=\"https:\/\/www.cosyowl.com\/de\/kerzenherstellung-lieferungen\/glimmerpulver-und-glitter\/gold-lila-und-blau-kreisformiger-kerzenglitter\">Gold Lila &amp; Blau kreisf\u00f6rmiger<\/a><\/p>\n<p>&nbsp;<\/p>\n<p>Dieser Glitzer kann in Seifen, Nagellack, Kunsthandwerk, Farben und Beschichtungen sowie in der Grafik verwendet werden.<\/p>\n<p>Bitte beachten Sie &#8211; Dieses Produkt wird am besten in Wachsschmelzen verwendet, wenn es in Kerzen verwendet wird, kann es den Docht verstopfen!<\/p>\n","protected":false},"excerpt":{"rendered":"<p>Klobiges Glitzerpaket Unser klobiger Glitzer ist eine gro\u00dfartige M\u00f6glichkeit, Ihrem Wachs etwas Besonderes hinzuzuf\u00fcgen. Diese Glitzer sind ein echter Hingucker, wenn sie in Wachs aufgeh\u00e4ngt werden. Dieses Paket beinhaltet: 25g Herzf\u00f6rmiger 25g Wei\u00df &amp; Blau kreisf\u00f6rmiger 25g Gold Lila &amp; Blau kreisf\u00f6rmiger &nbsp; Dieser Glitzer kann in Seifen, Nagellack, Kunsthandwerk, Farben und Beschichtungen sowie in [&hellip;]<\/p>\n","protected":false},"featured_media":20021,"comment_status":"open","ping_status":"closed","template":"","meta":{"_acf_changed":false},"product_brand":[],"product_cat":[361,134,135,374,339],"product_tag":[],"class_list":{"0":"post-20003","1":"product","2":"type-product","3":"status-publish","4":"has-post-thumbnail","6":"product_cat-buendel","7":"product_cat-kerzenherstellung-lieferungen-glimmerpulver-und-glitter","8":"product_cat-wachs-melts-glimmerpulver-und-glitzer","9":"product_cat-glitzer-buendel","10":"product_cat-bundel-glitzer-bundel","12":"first","13":"instock","14":"taxable","15":"shipping-taxable","16":"purchasable","17":"product-type-simple"},"acf":[],"_links":{"self":[{"href":"https:\/\/cosyowl.com\/de\/wp-json\/wp\/v2\/product\/20003","targetHints":{"allow":["GET"]}}],"collection":[{"href":"https:\/\/cosyowl.com\/de\/wp-json\/wp\/v2\/product"}],"about":[{"href":"https:\/\/cosyowl.com\/de\/wp-json\/wp\/v2\/types\/product"}],"replies":[{"embeddable":true,"href":"https:\/\/cosyowl.com\/de\/wp-json\/wp\/v2\/comments?post=20003"}],"wp:featuredmedia":[{"embeddable":true,"href":"https:\/\/cosyowl.com\/de\/wp-json\/wp\/v2\/media\/20021"}],"wp:attachment":[{"href":"https:\/\/cosyowl.com\/de\/wp-json\/wp\/v2\/media?parent=20003"}],"wp:term":[{"taxonomy":"product_brand","embeddable":true,"href":"https:\/\/cosyowl.com\/de\/wp-json\/wp\/v2\/product_brand?post=20003"},{"taxonomy":"product_cat","embeddable":true,"href":"https:\/\/cosyowl.com\/de\/wp-json\/wp\/v2\/product_cat?post=20003"},{"taxonomy":"product_tag","embeddable":true,"href":"https:\/\/cosyowl.com\/de\/wp-json\/wp\/v2\/product_tag?post=20003"}],"curies":[{"name":"wp","href":"https:\/\/api.w.org\/{rel}","templated":true}]}}