{"id":20001,"date":"2022-05-27T14:08:54","date_gmt":"2022-05-27T13:08:54","guid":{"rendered":"https:\/\/cosyowl.com\/de\/?post_type=product&#038;p=20001"},"modified":"2026-03-03T17:25:37","modified_gmt":"2026-03-03T17:25:37","slug":"biologisch-abbaubares-glitzerpaket","status":"publish","type":"product","link":"https:\/\/cosyowl.com\/de\/bundles\/glitzer-bundel\/biologisch-abbaubares-glitzerpaket","title":{"rendered":"Biologisch abbaubares Glitzerpaket"},"content":{"rendered":"<h2 style=\"text-align: center\"><strong>Biologisch abbaubares Glitzerpaket<\/strong><\/h2>\n<p>&nbsp;<\/p>\n<p>Diese biologisch abbaubaren Glitzer sind ein Muss f\u00fcr Ihre Wachsschmelzen. Mit ihren kr\u00e4ftigen Farbt\u00f6nen verst\u00e4rken diese Glitzer andere Schimmer in \u00e4hnlichen Farben.<\/p>\n<p><strong>Dieses Paket beinhaltet:<\/strong><\/p>\n<p>25g <a href=\"https:\/\/www.cosyowl.com\/de\/kerzenherstellung-lieferungen\/glimmerpulver-und-glitter\/silber-biologisch-abbaubarer-kerzenglitter\">Silber<\/a><\/p>\n<p>25g <a href=\"https:\/\/www.cosyowl.com\/de\/kerzenherstellung-lieferungen\/glimmerpulver-und-glitter\/platin-und-gold-biologisch-abbaubarer-kerzenglitter\">Platin &amp; Gold<\/a><\/p>\n<p>25g <a href=\"https:\/\/www.cosyowl.com\/de\/kerzenherstellung-lieferungen\/glimmerpulver-und-glitter\/orange-pink-biologisch-abbaubarer-kerzenglitter\">Orange Pink<\/a><\/p>\n<p>25g <a href=\"https:\/\/www.cosyowl.com\/de\/kerzenherstellung-lieferungen\/glimmerpulver-und-glitter\/apfelgrun-biologisch-abbaubarer-kerzenglitter\">Apfelgr\u00fcn<\/a><\/p>\n<p>25g <a href=\"https:\/\/www.cosyowl.com\/de\/kerzenherstellung-lieferungen\/glimmerpulver-und-glitter\/schwarz-biologisch-abbaubarer-kerzenglitter\">Schwarz<\/a><\/p>\n<p>25g <a href=\"https:\/\/www.cosyowl.com\/de\/kerzenherstellung-lieferungen\/glimmerpulver-und-glitter\/reines-weiss-biologisch-abbaubarer-kerzenglitter\">Reines Wei\u00df<\/a><\/p>\n<p>25g <a href=\"https:\/\/www.cosyowl.com\/de\/kerzenherstellung-lieferungen\/glimmerpulver-und-glitter\/koenigsblau-lila-biologisch-abbaubarer-kerzenglitter\">K\u00f6nigsblau Lila<\/a><\/p>\n<p>25g <a href=\"https:\/\/www.cosyowl.com\/de\/kerzenherstellung-lieferungen\/glimmerpulver-und-glitter\/wasserblau-biologisch-abbaubarer-kerzenglitter\">Wasserblau<\/a><\/p>\n<p>25g <a href=\"https:\/\/www.cosyowl.com\/de\/kerzenherstellung-lieferungen\/glimmerpulver-und-glitter\/strahlende-pfirsichfarbe-biologisch-abbaubarer-kerzenglitter\">Strahlende Pfirsichfarbe<\/a><\/p>\n<p>25g <a href=\"https:\/\/www.cosyowl.com\/de\/kerzenherstellung-lieferungen\/glimmerpulver-und-glitter\/helles-kupfer-biologisch-abbaubarer-kerzenglitter\">Helles Kupfer<\/a><\/p>\n<p>&nbsp;<\/p>\n<p>Dieser Glitzer kann in Kosmetika, Lidschatten, Seifen, Nagelkunst und Kunsthandwerk verwendet werden.<\/p>\n<p>Bitte beachten Sie &#8211; Dieses Produkt wird am besten in Wachsschmelzen verwendet, wenn es in Kerzen verwendet wird, kann es den Docht verstopfen!<\/p>\n","protected":false},"excerpt":{"rendered":"<p>Biologisch abbaubares Glitzerpaket &nbsp; Diese biologisch abbaubaren Glitzer sind ein Muss f\u00fcr Ihre Wachsschmelzen. Mit ihren kr\u00e4ftigen Farbt\u00f6nen verst\u00e4rken diese Glitzer andere Schimmer in \u00e4hnlichen Farben. Dieses Paket beinhaltet: 25g Silber 25g Platin &amp; Gold 25g Orange Pink 25g Apfelgr\u00fcn 25g Schwarz 25g Reines Wei\u00df 25g K\u00f6nigsblau Lila 25g Wasserblau 25g Strahlende Pfirsichfarbe 25g Helles [&hellip;]<\/p>\n","protected":false},"featured_media":20037,"comment_status":"open","ping_status":"closed","template":"","meta":{"_acf_changed":false},"product_brand":[],"product_cat":[361,134,135,374,339],"product_tag":[],"class_list":{"0":"post-20001","1":"product","2":"type-product","3":"status-publish","4":"has-post-thumbnail","6":"product_cat-buendel","7":"product_cat-kerzenherstellung-lieferungen-glimmerpulver-und-glitter","8":"product_cat-wachs-melts-glimmerpulver-und-glitzer","9":"product_cat-glitzer-buendel","10":"product_cat-bundel-glitzer-bundel","12":"first","13":"instock","14":"taxable","15":"shipping-taxable","16":"purchasable","17":"product-type-simple"},"acf":[],"_links":{"self":[{"href":"https:\/\/cosyowl.com\/de\/wp-json\/wp\/v2\/product\/20001","targetHints":{"allow":["GET"]}}],"collection":[{"href":"https:\/\/cosyowl.com\/de\/wp-json\/wp\/v2\/product"}],"about":[{"href":"https:\/\/cosyowl.com\/de\/wp-json\/wp\/v2\/types\/product"}],"replies":[{"embeddable":true,"href":"https:\/\/cosyowl.com\/de\/wp-json\/wp\/v2\/comments?post=20001"}],"wp:featuredmedia":[{"embeddable":true,"href":"https:\/\/cosyowl.com\/de\/wp-json\/wp\/v2\/media\/20037"}],"wp:attachment":[{"href":"https:\/\/cosyowl.com\/de\/wp-json\/wp\/v2\/media?parent=20001"}],"wp:term":[{"taxonomy":"product_brand","embeddable":true,"href":"https:\/\/cosyowl.com\/de\/wp-json\/wp\/v2\/product_brand?post=20001"},{"taxonomy":"product_cat","embeddable":true,"href":"https:\/\/cosyowl.com\/de\/wp-json\/wp\/v2\/product_cat?post=20001"},{"taxonomy":"product_tag","embeddable":true,"href":"https:\/\/cosyowl.com\/de\/wp-json\/wp\/v2\/product_tag?post=20001"}],"curies":[{"name":"wp","href":"https:\/\/api.w.org\/{rel}","templated":true}]}}