{"id":19998,"date":"2022-05-27T13:48:32","date_gmt":"2022-05-27T12:48:32","guid":{"rendered":"https:\/\/cosyowl.com\/de\/?post_type=product&#038;p=19998"},"modified":"2026-03-03T17:25:37","modified_gmt":"2026-03-03T17:25:37","slug":"primarfarben-farbstoffpaket","status":"publish","type":"product","link":"https:\/\/cosyowl.com\/de\/bundles\/farbbundel\/primarfarben-farbstoffpaket","title":{"rendered":"Prim\u00e4rfarben-Farbstoffpaket"},"content":{"rendered":"<h2 style=\"text-align: center\"><strong>Prim\u00e4res Farbstoffpaket <\/strong><\/h2>\n<p>Erstellen Sie Ihre eigenen T\u00f6ne und Farbt\u00f6ne, indem Sie unsere Auswahl an Prim\u00e4rfarbstoffen mischen, um Ihre eigenen sch\u00f6nen Kerzen und Wachsschmelzen herzustellen.<\/p>\n<p><strong>Dieses Paket beinhaltet:<\/strong><\/p>\n<p>3g <a href=\"https:\/\/www.cosyowl.com\/de\/bekro-30-6077-farbstoff-rot\">Roter Kerzenfarbstoff<\/a><\/p>\n<p>3g <a href=\"https:\/\/www.cosyowl.com\/de\/bekro-10-937-farbstoff-gelb\">gelber Kerzenfarbstoff<\/a><\/p>\n<p>3g <a href=\"https:\/\/www.cosyowl.com\/de\/bekro-71-917-farbstoff-grun\">Gr\u00fcner Kerzenfarbstoff<\/a><\/p>\n<p>3g <a href=\"https:\/\/www.cosyowl.com\/de\/bekro-51-4027-farbstoff-blau\">Blauer Kerzenfarbstoff<\/a><\/p>\n<p>3g <a href=\"https:\/\/www.cosyowl.com\/de\/bekro-227-farbstoff-creme\">Cremefarbener Kerzenfarbstoff<\/a><\/p>\n<p>3g <a href=\"https:\/\/www.cosyowl.com\/de\/bekro-6000-01-farbstoff-schwarz\">Schwarzer Kerzenfarbstoff<\/a><\/p>\n<p>Diese umweltfreundlichen, ungiftigen Farbstoffe sind hochkonzentriert, einfach zu verarbeiten und bieten eine gro\u00dfe Farbtiefe. Der Farbstoff wird sehr einfach hinzugef\u00fcgt und in das geschmolzene Wachs einger\u00fchrt und verteilt sich gleichm\u00e4\u00dfig im Wachs und sorgt f\u00fcr die erforderliche Konsistenz. Das Ergebnis ist eine Kerze, die sich farblich nicht von der professionell hergestellten Kerze unterscheidet. Die konkurrenzf\u00e4higen Preise von Cosy Owl machen die Kerzenherstellung auf professionellem Niveau sehr erschwinglich und bieten ein fantastisches Preis-Leistungs-Verh\u00e4ltnis.<\/p>\n<p>Verschiedenfarbige Farbstoffe k\u00f6nnen in das Wachs gemischt werden, um zusammengesetzte Farben zu erstellen, sodass Sie mit Ihren kreativen F\u00e4higkeiten experimentieren k\u00f6nnen, um Kerzen und Wachsschmelzen herzustellen.<\/p>\n<p>Bitte beachten Sie, dass das Bild des festen Farbstoffs nicht immer die Farbe der fertigen Kerze darstellt. Dieses Produkt ist nicht f\u00fcr die Verwendung mit Gelwachs geeignet.<\/p>\n","protected":false},"excerpt":{"rendered":"<p>Prim\u00e4res Farbstoffpaket Erstellen Sie Ihre eigenen T\u00f6ne und Farbt\u00f6ne, indem Sie unsere Auswahl an Prim\u00e4rfarbstoffen mischen, um Ihre eigenen sch\u00f6nen Kerzen und Wachsschmelzen herzustellen. Dieses Paket beinhaltet: 3g Roter Kerzenfarbstoff 3g gelber Kerzenfarbstoff 3g Gr\u00fcner Kerzenfarbstoff 3g Blauer Kerzenfarbstoff 3g Cremefarbener Kerzenfarbstoff 3g Schwarzer Kerzenfarbstoff Diese umweltfreundlichen, ungiftigen Farbstoffe sind hochkonzentriert, einfach zu verarbeiten und [&hellip;]<\/p>\n","protected":false},"featured_media":20054,"comment_status":"open","ping_status":"closed","template":"","meta":{"_acf_changed":false},"product_brand":[],"product_cat":[361,372,91,90,340],"product_tag":[],"class_list":{"0":"post-19998","1":"product","2":"type-product","3":"status-publish","4":"has-post-thumbnail","6":"product_cat-buendel","7":"product_cat-farbbuendel","8":"product_cat-wachs-melts-farbstoffe","9":"product_cat-kerzenfarbstoffe","10":"product_cat-kerzenfarbstoffpaket","12":"first","13":"outofstock","14":"taxable","15":"shipping-taxable","16":"purchasable","17":"product-type-simple"},"acf":[],"_links":{"self":[{"href":"https:\/\/cosyowl.com\/de\/wp-json\/wp\/v2\/product\/19998","targetHints":{"allow":["GET"]}}],"collection":[{"href":"https:\/\/cosyowl.com\/de\/wp-json\/wp\/v2\/product"}],"about":[{"href":"https:\/\/cosyowl.com\/de\/wp-json\/wp\/v2\/types\/product"}],"replies":[{"embeddable":true,"href":"https:\/\/cosyowl.com\/de\/wp-json\/wp\/v2\/comments?post=19998"}],"wp:featuredmedia":[{"embeddable":true,"href":"https:\/\/cosyowl.com\/de\/wp-json\/wp\/v2\/media\/20054"}],"wp:attachment":[{"href":"https:\/\/cosyowl.com\/de\/wp-json\/wp\/v2\/media?parent=19998"}],"wp:term":[{"taxonomy":"product_brand","embeddable":true,"href":"https:\/\/cosyowl.com\/de\/wp-json\/wp\/v2\/product_brand?post=19998"},{"taxonomy":"product_cat","embeddable":true,"href":"https:\/\/cosyowl.com\/de\/wp-json\/wp\/v2\/product_cat?post=19998"},{"taxonomy":"product_tag","embeddable":true,"href":"https:\/\/cosyowl.com\/de\/wp-json\/wp\/v2\/product_tag?post=19998"}],"curies":[{"name":"wp","href":"https:\/\/api.w.org\/{rel}","templated":true}]}}