{"id":19996,"date":"2022-05-27T13:46:24","date_gmt":"2022-05-27T12:46:24","guid":{"rendered":"https:\/\/cosyowl.com\/de\/?post_type=product&#038;p=19996"},"modified":"2026-03-03T17:25:37","modified_gmt":"2026-03-03T17:25:37","slug":"pastell-farbbundel","status":"publish","type":"product","link":"https:\/\/cosyowl.com\/de\/bundles\/paquets-de-teinture\/lot-de-teintures-pastel","title":{"rendered":"Pastell-Farbb\u00fcndel"},"content":{"rendered":"<h2 style=\"text-align: center\"><strong>Pastellfarbstoffpaket <\/strong><\/h2>\n<p>Basteln Sie mit unserer Auswahl an Pastellfarben, um Ihren Kerzen und Wachsschmelzen sanfte Farbtupfer zu verleihen.<\/p>\n<p><strong>Dieses Paket beinhaltet:<\/strong><\/p>\n<p>3g <a href=\"https:\/\/www.cosyowl.com\/de\/bekro-227-farbstoff-creme\">Cremefarbener Kerzenfarbstoff<\/a><\/p>\n<p>3g <a href=\"https:\/\/www.cosyowl.com\/de\/bekro-35-4141-farbstoff-hellrosa-pink\">Light Rose Pink Kerzenf\u00e4rbemittel<\/a><\/p>\n<p>3g <a href=\"https:\/\/www.cosyowl.com\/de\/bekro-60-1127-farbstoff-fliederfarben\">Flieder Kerzenfarbe<\/a><\/p>\n<p>3g <a href=\"https:\/\/www.cosyowl.com\/de\/bekro-52-5561-farbstoff-hellblau\">Hellblauer Kerzenfarbstoff<\/a><\/p>\n<p>3g <a href=\"https:\/\/www.cosyowl.com\/de\/bekro-72-7427-farbstoff-hellgrun\">Hellgr\u00fcner Kerzenfarbstoff<\/a><\/p>\n<p>Diese umweltfreundlichen, ungiftigen Farbstoffe sind hochkonzentriert, einfach zu verarbeiten und bieten eine gro\u00dfe Farbtiefe. Der Farbstoff wird sehr einfach hinzugef\u00fcgt und in das geschmolzene Wachs einger\u00fchrt und verteilt sich gleichm\u00e4\u00dfig im Wachs und sorgt f\u00fcr die erforderliche Konsistenz. Das Ergebnis ist eine Kerze, die sich farblich nicht von der professionell hergestellten Kerze unterscheidet. Die konkurrenzf\u00e4higen Preise von Cosy Owl machen die Kerzenherstellung auf professionellem Niveau sehr erschwinglich und bieten ein fantastisches Preis-Leistungs-Verh\u00e4ltnis.<\/p>\n<p>Verschiedenfarbige Farbstoffe k\u00f6nnen in das Wachs gemischt werden, um zusammengesetzte Farben zu erstellen, sodass Sie mit Ihren kreativen F\u00e4higkeiten experimentieren k\u00f6nnen, um Kerzen und Wachsschmelzen herzustellen.<\/p>\n<p>Bitte beachten Sie, dass das Bild des festen Farbstoffs nicht immer die Farbe der fertigen Kerze darstellt. Dieses Produkt ist nicht f\u00fcr die Verwendung mit Gelwachs geeignet.<\/p>\n","protected":false},"excerpt":{"rendered":"<p>Pastellfarbstoffpaket Basteln Sie mit unserer Auswahl an Pastellfarben, um Ihren Kerzen und Wachsschmelzen sanfte Farbtupfer zu verleihen. Dieses Paket beinhaltet: 3g Cremefarbener Kerzenfarbstoff 3g Light Rose Pink Kerzenf\u00e4rbemittel 3g Flieder Kerzenfarbe 3g Hellblauer Kerzenfarbstoff 3g Hellgr\u00fcner Kerzenfarbstoff Diese umweltfreundlichen, ungiftigen Farbstoffe sind hochkonzentriert, einfach zu verarbeiten und bieten eine gro\u00dfe Farbtiefe. Der Farbstoff wird sehr [&hellip;]<\/p>\n","protected":false},"featured_media":20058,"comment_status":"open","ping_status":"closed","template":"","meta":{"_acf_changed":false},"product_brand":[],"product_cat":[361,372,91,476,90,340],"product_tag":[],"class_list":{"0":"post-19996","1":"product","2":"type-product","3":"status-publish","4":"has-post-thumbnail","6":"product_cat-buendel","7":"product_cat-farbbuendel","8":"product_cat-wachs-melts-farbstoffe","9":"product_cat-ostern","10":"product_cat-kerzenfarbstoffe","11":"product_cat-kerzenfarbstoffpaket","13":"first","14":"outofstock","15":"taxable","16":"shipping-taxable","17":"purchasable","18":"product-type-simple"},"acf":[],"_links":{"self":[{"href":"https:\/\/cosyowl.com\/de\/wp-json\/wp\/v2\/product\/19996","targetHints":{"allow":["GET"]}}],"collection":[{"href":"https:\/\/cosyowl.com\/de\/wp-json\/wp\/v2\/product"}],"about":[{"href":"https:\/\/cosyowl.com\/de\/wp-json\/wp\/v2\/types\/product"}],"replies":[{"embeddable":true,"href":"https:\/\/cosyowl.com\/de\/wp-json\/wp\/v2\/comments?post=19996"}],"wp:featuredmedia":[{"embeddable":true,"href":"https:\/\/cosyowl.com\/de\/wp-json\/wp\/v2\/media\/20058"}],"wp:attachment":[{"href":"https:\/\/cosyowl.com\/de\/wp-json\/wp\/v2\/media?parent=19996"}],"wp:term":[{"taxonomy":"product_brand","embeddable":true,"href":"https:\/\/cosyowl.com\/de\/wp-json\/wp\/v2\/product_brand?post=19996"},{"taxonomy":"product_cat","embeddable":true,"href":"https:\/\/cosyowl.com\/de\/wp-json\/wp\/v2\/product_cat?post=19996"},{"taxonomy":"product_tag","embeddable":true,"href":"https:\/\/cosyowl.com\/de\/wp-json\/wp\/v2\/product_tag?post=19996"}],"curies":[{"name":"wp","href":"https:\/\/api.w.org\/{rel}","templated":true}]}}