{"id":19929,"date":"2022-04-22T15:40:56","date_gmt":"2022-04-22T14:40:56","guid":{"rendered":"https:\/\/cosyowl.com\/de\/?post_type=product&#038;p=19929"},"modified":"2026-03-03T17:25:37","modified_gmt":"2026-03-03T17:25:37","slug":"cozy-owl-tropische-duftolkollektion-5er-pack","status":"publish","type":"product","link":"https:\/\/cosyowl.com\/de\/kerzenherstellung-lieferungen\/duftkerzen-selber-machen\/duftol-sets\/cozy-owl-tropische-duftolkollektion-5er-pack","title":{"rendered":"Cozy Owl Tropische Duft\u00f6lkollektion \u2013 (5er-Pack)"},"content":{"rendered":"<p><strong>Tropische Duft\u00f6lsammlung.<\/strong><\/p>\n<p>Unsere Duft\u00f6l-Sets sind die perfekte M\u00f6glichkeit, unsere meistverkauften Duft\u00f6le zu testen.<\/p>\n<p>Dieses Set enth\u00e4lt 5 x 10 ml Duft\u00f6le aus unserer Tropical Collection.<\/p>\n<ul>\n<li><strong><a href=\"https:\/\/www.cosyowl.com\/de\/kokosnuss-limone-duftol\" target=\"_blank\" rel=\"noopener\">Kokosnuss Kalk<\/a>\u00a0<\/strong>&#8211; Unser Kokosnuss-Limetten-Duft\u00f6l wurde speziell entwickelt, um den vertrauten Duft hervorzurufen, der mit diesem gro\u00dfen ovalen braunen Samen einer tropischen Palme verbunden ist, kombiniert mit dem leicht zitronigen Geschmack von Limette. Das \u00d6l und die Milch der Kokosnuss zusammen mit der Limettenschale werden synthetisch in unser Duft\u00f6l eingemischt und dieses verstr\u00f6mt sofort einen starken und markanten Geruch, der mit Kokosnusswasser, s\u00e4uerlicher Zitrone, Limettensaft und geriebenem Ingwer verbunden ist. Dieses anf\u00e4ngliche Aroma ist am ausgepr\u00e4gtesten, wenn Ihre Kerze zu brennen beginnt und Ihren Raum mit einem Duft erf\u00fcllt, der dann durch leichte Untert\u00f6ne von geschlagener Kokosnuss und Eisenkrautbl\u00fcte verst\u00e4rkt wird. In die Formulierung dieses unverwechselbaren Duftes ist ein entz\u00fcckender Nachgeschmack von Vanilleschote, wei\u00dfer Zeder und nacktem Moschus eingearbeitet.<\/li>\n<li><strong><a href=\"https:\/\/www.cosyowl.com\/de\/Ananas-Mango-Duftol\" target=\"_blank\" rel=\"noopener\">Ananas Mango<\/a><\/strong>\u00a0&#8211; Unser Ananas-Mango-Duft\u00f6l wurde speziell entwickelt, um die vertrauten und beliebten Ger\u00fcche dieser wunderbaren tropischen Fr\u00fcchte hervorzurufen, und verstr\u00f6mt einen starken und markanten Geruch, der mit Ananas, Honigtau, Pink Grapefruit und Orangenschale. Dieses anf\u00e4ngliche Aroma ist am ausgepr\u00e4gtesten, wenn Ihre Kerze zu brennen beginnt und Ihren Raum mit einem Duft erf\u00fcllt, der dann durch leichte Untert\u00f6ne von Mango, Rosenoxid, Alpenveilchen und Guave verst\u00e4rkt wird. In die Formulierung dieses unverwechselbaren Duftes ist ein entz\u00fcckender Nachgeschmack von fruchtigem Moschus, Vanilleschote und cremiger Muskatnuss eingearbeitet.<\/li>\n<li><strong><a href=\"https:\/\/www.cosyowl.com\/de\/granatapfel-noir-duftol\" target=\"_blank\" rel=\"noopener\">Granatapfel<\/a><\/strong>\u00a0\u2013 Unser Granatapfel-Duft\u00f6l wurde speziell entwickelt, um den starken Duft dieser kugelf\u00f6rmigen Frucht mit ihrer robusten goldorangenen Au\u00dfenhaut und dem s\u00fc\u00dfen roten gallertartigen Fruchtfleisch eines im Norden heimischen Baums freizusetzen Afrika und Westasien. Der Duft bietet einen starken und markanten Geruch, der mit Limette und Zitronenschale verbunden ist. Dieses anf\u00e4ngliche Aroma ist am ausgepr\u00e4gtesten, wenn Ihre Kerze zu brennen beginnt und Ihren Raum mit einem Duft erf\u00fcllt, der dann durch leichte Untert\u00f6ne von Granatapfel, Himbeere und Pflaume verst\u00e4rkt wird. In die Formulierung dieses unverwechselbaren Duftes ist ein wunderbarer Nachgeschmack von Vanille, s\u00fc\u00dfem Moschus und Moos eingearbeitet.<\/li>\n<li><a href=\"https:\/\/cosyowl.com\/de\/tropen-duftoel\"><strong>Tropen<\/strong><\/a> \u2013 Tropics Fragrance Oil f\u00e4ngt mit seiner lebendigen Mischung die Essenz eines tropischen Sommers ein. Es beginnt mit einer belebenden Kopfnote aus frischer Ananas, Pfirsich, Passionsfrucht, exotischen Fr\u00fcchten und saftiger Grapefruit und m\u00fcndet in einer Herznote aus k\u00f6stlicher Mango und tropischen Fr\u00fcchten. Die Basis aus sanftem Moschus verleiht diesem herrlichen Duft einen warmen und beruhigenden Abschluss.<\/li>\n<li><a href=\"https:\/\/cosyowl.com\/de\/brasilianisches-crush-duftoel\"><strong>Brasilianisches Crush<\/strong><\/a> &#8211; Wir pr\u00e4sentieren \u201eBrazilian Crush\u201c, ein faszinierendes Duft\u00f6l, inspiriert von den sonnenverw\u00f6hnten Str\u00e4nden Brasiliens. Mit Noten von Mandel, Schokolade, Kokosnuss, Kaffee, Vanille, Karamell und einem Hauch Moschus ist es eine k\u00f6stliche Mischung, die die Essenz tropischen Genusses hervorruft.<\/li>\n<\/ul>\n<p><!--%Datenbl\u00e4tter%--><\/p>\n<p><!--%Duftinformationen%--><\/p>\n<p>&nbsp;<\/p>\n","protected":false},"excerpt":{"rendered":"<p>Tropische Duft\u00f6lsammlung. Unsere Duft\u00f6l-Sets sind die perfekte M\u00f6glichkeit, unsere meistverkauften Duft\u00f6le zu testen. Dieses Set enth\u00e4lt 5 x 10 ml Duft\u00f6le aus unserer Tropical Collection. Kokosnuss Kalk\u00a0&#8211; Unser Kokosnuss-Limetten-Duft\u00f6l wurde speziell entwickelt, um den vertrauten Duft hervorzurufen, der mit diesem gro\u00dfen ovalen braunen Samen einer tropischen Palme verbunden ist, kombiniert mit dem leicht zitronigen Geschmack [&hellip;]<\/p>\n","protected":false},"featured_media":24335,"comment_status":"open","ping_status":"closed","template":"","meta":{"_acf_changed":false},"product_brand":[],"product_cat":[373,323,343,104,106,283,319,107,119],"product_tag":[],"class_list":{"0":"post-19929","1":"product","2":"type-product","3":"status-publish","4":"has-post-thumbnail","6":"product_cat-duftoel-sets","7":"product_cat-duftoele-sets","8":"product_cat-bundel-duftol-sets","9":"product_cat-seifenherstellung-duftole","10":"product_cat-bartoelherstellung-duftoele","11":"product_cat-haarpflegebedarf-duftole","12":"product_cat-koerperpflegebedarf-duftole","13":"product_cat-wachs-melts-duftole","14":"product_cat-duftoele-tropisch","16":"first","17":"instock","18":"taxable","19":"shipping-taxable","20":"purchasable","21":"product-type-simple"},"acf":[],"_links":{"self":[{"href":"https:\/\/cosyowl.com\/de\/wp-json\/wp\/v2\/product\/19929","targetHints":{"allow":["GET"]}}],"collection":[{"href":"https:\/\/cosyowl.com\/de\/wp-json\/wp\/v2\/product"}],"about":[{"href":"https:\/\/cosyowl.com\/de\/wp-json\/wp\/v2\/types\/product"}],"replies":[{"embeddable":true,"href":"https:\/\/cosyowl.com\/de\/wp-json\/wp\/v2\/comments?post=19929"}],"wp:featuredmedia":[{"embeddable":true,"href":"https:\/\/cosyowl.com\/de\/wp-json\/wp\/v2\/media\/24335"}],"wp:attachment":[{"href":"https:\/\/cosyowl.com\/de\/wp-json\/wp\/v2\/media?parent=19929"}],"wp:term":[{"taxonomy":"product_brand","embeddable":true,"href":"https:\/\/cosyowl.com\/de\/wp-json\/wp\/v2\/product_brand?post=19929"},{"taxonomy":"product_cat","embeddable":true,"href":"https:\/\/cosyowl.com\/de\/wp-json\/wp\/v2\/product_cat?post=19929"},{"taxonomy":"product_tag","embeddable":true,"href":"https:\/\/cosyowl.com\/de\/wp-json\/wp\/v2\/product_tag?post=19929"}],"curies":[{"name":"wp","href":"https:\/\/api.w.org\/{rel}","templated":true}]}}