{"id":19927,"date":"2022-04-22T15:46:29","date_gmt":"2022-04-22T14:46:29","guid":{"rendered":"https:\/\/cosyowl.com\/de\/?post_type=product&#038;p=19927"},"modified":"2026-03-03T17:25:37","modified_gmt":"2026-03-03T17:25:37","slug":"cosy-owl-premium-duftolkollektion-5er-pack","status":"publish","type":"product","link":"https:\/\/cosyowl.com\/de\/kerzenherstellung-lieferungen\/duftkerzen-selber-machen\/duftol-sets\/cosy-owl-premium-duftolkollektion-5er-pack","title":{"rendered":"Cosy Owl Premium Duft\u00f6lkollektion \u2013 (5er Pack)"},"content":{"rendered":"<p><strong>Premium-Duft\u00f6lkollektion.<\/strong><\/p>\n<p>Unsere Duft\u00f6l-Sets sind die perfekte M\u00f6glichkeit, unsere meistverkauften Duft\u00f6le zu testen.<\/p>\n<p>Dieses Set enth\u00e4lt 5 x 10 ml Duft\u00f6le aus unserer Premium-Kollektion.<\/p>\n<ul>\n<li><strong><a href=\"https:\/\/www.cosyowl.com\/de\/duftole\/brombeere-llorbeer-duftl\" target=\"_blank\" rel=\"noopener\">Brombeere und Lorbeer<\/a>\u00a0<\/strong>&#8211; Ein weiteres Grundnahrungsmittel aus den Reihen des ber\u00fchmtesten britischen Kerzenlieferanten der Spitzenklasse, neu formuliert f\u00fcr die Cozy Owl Premium-Reihe. Ein blumiger und fruchtiger Duft, der sich haupts\u00e4chlich an Frauen richtet. Die Kopfnoten von wei\u00dfer Pflaume, Gei\u00dfblatt, Pfirsich und schwarzem Tee weichen den Herznoten von Brombeere, Orangenbl\u00fcte und Lorbeerbl\u00e4ttern und den Basisnoten von Vanille, Eichenmoos, Zeder und cremigem Sandelholz, die den gesamten Duft unterst\u00fctzen.<\/li>\n<li><strong><a href=\"https:\/\/www.cosyowl.com\/de\/duftole\/englische-birne-freesie-duftol\" target=\"_blank \" rel=\"noopener\">Englische Birne und Freesie<\/a>\u00a0<\/strong>&#8211; Dieser Duft von der m\u00f6glicherweise bekanntesten britischen Kerzenmarke der Spitzenklasse ist einer der Hauptbestandteile des Sortiments und verleiht Ihren Produkten Glanz. Wundersch\u00f6n abgerundete Kopfnoten von Gei\u00dfblatt, englischer Birne, schwarzer Johannisbeere, Bergamotte und Freesie. Mit Herznoten aus Maigl\u00f6ckchen, Flieder, wei\u00dfer Rose und Ylang Ylang und sanften Basisnoten aus Zypresse, Sandelholz und Vanillebl\u00fcte.<\/li>\n<li><strong><a href=\"https:\/\/www.cosyowl.com\/de\/duftole\/grace-type-duftol\" target=\"_blank\" rel=\"noopener\">S\u00fc\u00dfer Gnadentyp<\/a><\/strong>\u00a0&#8211; Dieser Kultduft hat eine echte Anh\u00e4ngerschaft und wurde von seinen Bef\u00fcrwortern als s\u00fcchtig machend beschrieben. Die Cosy Owl Premium-Version ist bereits ein erstklassiger Kerzenduft und eine hervorragende Reproduktion dieses klassischen Dufts. Mit Kopfnoten aus Orangenschale, Bergamotte, Zitronenschale und rosa Zitrone, Herznoten aus Tonkam Calone, Flieder und Geranie, kombiniert mit den Basisnoten aus Moschus, Vanilleschote, leichtem Patschuli und Bernstein, um diesen vollmundigen Duft zu kreieren, der sich als so beliebt erwiesen hat.<\/li>\n<li><strong><a href=\"https:\/\/www.cosyowl.com\/de\/duftole\/sonnenverwhnte-apricot-roseduftol\" target=\"_blank\" rel=\"noopener\">Sonnengetr\u00e4nkte Aprikose<\/a>\u00a0<\/strong>\u2013 Eine weitere gro\u00dfartige Erg\u00e4nzung der Cozy Owl Premium-Duftreihe ist dieser allseits beliebte Kerzenduft von einer der bekanntesten Kerzenmarken. Ein reichhaltiger und intensiver Duft mit Spitzen aus sprudelnden Aldehyden, Pflaumen- und Mohnbl\u00fcten, inmitten von Rotbeeren, Pfingstrosenbl\u00e4ttern, Wasserlilie und s\u00fc\u00dfer Nektarine und Basisnoten aus s\u00fc\u00dfem Moschus, Vanilleschote und Geranie, dies ist ein Duft, der es in sich hat. Hergestellt aus erstklassigen Zutaten, die zu diesem bekannten Duft passen.<\/li>\n<li><strong><a href=\"https:\/\/www.cosyowl.com\/de\/duftole\/alle-dufte\/sage-seasalt-duftol\" target=\" _blank\" rel=\"noopener\">Waldsalbei und Meersalz<\/a>\u00a0<\/strong>&#8211; Ein aromatischer und moschusartiger Duft, inspiriert vom ber\u00fchmten Duft von Jo Malone.\u00a0 Mit der Reichhaltigkeit und Tiefe, die unsere Premium-Duftserie auszeichnet, hat dieser Meeresduft einen Hauch von Zitrusfr\u00fcchten und bietet eine hervorragende Mischung aus Holz, Salz, Sch\u00e4rfe und S\u00fc\u00dfe.\u00a0 Nicht \u00fcberw\u00e4ltigend, aber mit echter Ausdauer entwickelt und reift dieser Duft wirklich, je l\u00e4nger er in der Luft ist.<\/li>\n<\/ul>\n<p><!--%Datenbl\u00e4tter%--><\/p>\n<p><!--%Duftinformationen%--><\/p>\n<p>&nbsp;<\/p>\n","protected":false},"excerpt":{"rendered":"<p>Premium-Duft\u00f6lkollektion. Unsere Duft\u00f6l-Sets sind die perfekte M\u00f6glichkeit, unsere meistverkauften Duft\u00f6le zu testen. Dieses Set enth\u00e4lt 5 x 10 ml Duft\u00f6le aus unserer Premium-Kollektion. Brombeere und Lorbeer\u00a0&#8211; Ein weiteres Grundnahrungsmittel aus den Reihen des ber\u00fchmtesten britischen Kerzenlieferanten der Spitzenklasse, neu formuliert f\u00fcr die Cozy Owl Premium-Reihe. Ein blumiger und fruchtiger Duft, der sich haupts\u00e4chlich an Frauen [&hellip;]<\/p>\n","protected":false},"featured_media":24333,"comment_status":"open","ping_status":"closed","template":"","meta":{"_acf_changed":false},"product_brand":[],"product_cat":[373,323,343,104,106,283,319,107,130],"product_tag":[],"class_list":{"0":"post-19927","1":"product","2":"type-product","3":"status-publish","4":"has-post-thumbnail","6":"product_cat-duftoel-sets","7":"product_cat-duftoele-sets","8":"product_cat-bundel-duftol-sets","9":"product_cat-seifenherstellung-duftole","10":"product_cat-bartoelherstellung-duftoele","11":"product_cat-haarpflegebedarf-duftole","12":"product_cat-koerperpflegebedarf-duftole","13":"product_cat-wachs-melts-duftole","14":"product_cat-duftoele-premium","16":"first","17":"instock","18":"taxable","19":"shipping-taxable","20":"purchasable","21":"product-type-simple"},"acf":[],"_links":{"self":[{"href":"https:\/\/cosyowl.com\/de\/wp-json\/wp\/v2\/product\/19927","targetHints":{"allow":["GET"]}}],"collection":[{"href":"https:\/\/cosyowl.com\/de\/wp-json\/wp\/v2\/product"}],"about":[{"href":"https:\/\/cosyowl.com\/de\/wp-json\/wp\/v2\/types\/product"}],"replies":[{"embeddable":true,"href":"https:\/\/cosyowl.com\/de\/wp-json\/wp\/v2\/comments?post=19927"}],"wp:featuredmedia":[{"embeddable":true,"href":"https:\/\/cosyowl.com\/de\/wp-json\/wp\/v2\/media\/24333"}],"wp:attachment":[{"href":"https:\/\/cosyowl.com\/de\/wp-json\/wp\/v2\/media?parent=19927"}],"wp:term":[{"taxonomy":"product_brand","embeddable":true,"href":"https:\/\/cosyowl.com\/de\/wp-json\/wp\/v2\/product_brand?post=19927"},{"taxonomy":"product_cat","embeddable":true,"href":"https:\/\/cosyowl.com\/de\/wp-json\/wp\/v2\/product_cat?post=19927"},{"taxonomy":"product_tag","embeddable":true,"href":"https:\/\/cosyowl.com\/de\/wp-json\/wp\/v2\/product_tag?post=19927"}],"curies":[{"name":"wp","href":"https:\/\/api.w.org\/{rel}","templated":true}]}}