{"id":19925,"date":"2022-04-22T16:00:07","date_gmt":"2022-04-22T15:00:07","guid":{"rendered":"https:\/\/cosyowl.com\/de\/?post_type=product&#038;p=19925"},"modified":"2026-03-03T17:25:37","modified_gmt":"2026-03-03T17:25:37","slug":"cosy-owl-fruchtige-duftolkollektion-5er-pack","status":"publish","type":"product","link":"https:\/\/cosyowl.com\/de\/kerzenherstellung-lieferungen\/duftkerzen-selber-machen\/duftol-sets\/cosy-owl-fruchtige-duftolkollektion-5er-pack","title":{"rendered":"Cosy Owl Fruchtige Duft\u00f6lkollektion &#8211; (5er Pack)"},"content":{"rendered":"<p><strong>Fruchtige Duft\u00f6lkollektion.<\/strong><\/p>\n<p>Unsere Duft\u00f6l-Sets sind die perfekte M\u00f6glichkeit, unsere meistverkauften Duft\u00f6le zu testen.<\/p>\n<p>Dieses Set enth\u00e4lt 5 x 10 ml Duft\u00f6le aus unserer Fruity Collection.<\/p>\n<ul>\n<li><strong><a href=\"https:\/\/www.cosyowl.com\/de\/traubenkirsche-duftol\" target=\"_blank\" rel=\"noopener\">Schwarz Kirsche<\/a><\/strong>\u00a0\u2013 Unser Schwarzkirsch-Duft\u00f6l wurde speziell formuliert, um den vertrauten und beliebten intensiven Duft hervorzurufen, der mit dieser reichen, vollmundigen Frucht verbunden ist. Der Duft verstr\u00f6mt zun\u00e4chst einen starken und markanten Geruch, der sowohl mit Kirsche als auch mit Granatapfel in Verbindung gebracht wird. Dieses Aroma ist am ausgepr\u00e4gtesten, wenn Ihre Kerze zu brennen beginnt und Ihren Raum mit einem Duft erf\u00fcllt, der dann durch leichte Untert\u00f6ne von gezuckerter Pflaume, Himbeere und Schwarzkirsche verst\u00e4rkt wird. In die Formulierung dieses unverwechselbaren Dufts ist ein entz\u00fcckender Nachgeschmack von schwarzem Tee, metallischen Noten und Kaschmirmoschus eingearbeitet.<\/li>\n<li><strong><a href=\"https:\/\/www.cosyowl.com\/de\/Franzsisches-Birnenduftl\" target=\"_blank\" rel=\"noopener\">Franz\u00f6sisch Birne<\/a>\u00a0<\/strong>&#8211; Unser Duft\u00f6l Franz\u00f6sische Birne wurde speziell entwickelt, um den vertrauten und beliebten fruchtigen Duft hervorzurufen, der mit der gew\u00f6hnlichen Birne verbunden ist, und verstr\u00f6mt zun\u00e4chst einen starken und markanten Geruch, der mit gr\u00fcnem Apfel verbunden ist. wei\u00dfe Lilie und Osmanthus. Dieses Aroma ist am ausgepr\u00e4gtesten, wenn Ihre Kerze zu brennen beginnt und Ihren Raum mit einem Duft erf\u00fcllt, der dann durch leichte Untert\u00f6ne von Mitternachtsjasmin und Nashi-Birne verst\u00e4rkt wird. In die Formulierung dieses unverwechselbaren Dufts ist ein herrlicher Nachgeschmack von Tonkabohnen, Davana\u00f6l, Zimt, Schlagsahne, Vanille und Distelhonig eingearbeitet.<\/li>\n<li><strong><a href=\"https:\/\/www.cosyowl.com\/de\/susse-feige-duftol\" target=\"_blank\" rel=\"noopener\">S\u00fc\u00dfe Feige<\/a>\u00a0&#8211; <\/strong>Unser Duft\u00f6l vom Typ S\u00fc\u00dfe Feige wurde speziell entwickelt, um einen starken Geruch freizusetzen, der mit dieser Frucht des Ficusbaums verbunden ist, der zur Familie der Maulbeeren geh\u00f6rt. Feigen haben diesen einzigartigen, s\u00fc\u00dfen Geschmack, weiche und z\u00e4he Texturen und dieser Duft bietet einen starken und markanten Geruch, der mit wei\u00dfer Traube und s\u00fc\u00dfer schwarzer Feige und Bergamotte verbunden ist. Dieses anf\u00e4ngliche Aroma ist am ausgepr\u00e4gtesten, wenn Ihre Kerze zu brennen beginnt und Ihren Raum mit einem Duft erf\u00fcllt, der dann durch leichte Untert\u00f6ne von Nelkenknospen, Brombeeren und wei\u00dfen Bl\u00fcten verst\u00e4rkt wird. In die Formulierung dieses unverwechselbaren Duftes ist ein wunderbarer Nachgeschmack von Vetiver, Zimt, Vanille, Absinth und Zedernholz eingearbeitet.<\/li>\n<li><strong><a href=\"https:\/\/www.cosyowl.com\/de\/Limetten-Basilikum-amp-Mandarinenduft\" target=\"_blank\" rel=\"noopener\">Limette, Basilikum und Mandarine<\/a>\u00a0&#8211; <\/strong>Unser Limettenbasilikum &amp; Duft\u00f6l vom Mandarinentyp wurde speziell formuliert, um eine wunderbare Geschmackskombination dieser einzigartigen erdigen Essenzen freizusetzen und bietet einen starken und markanten Geruch, der mit Limette, Basilikum, Mandarine und Orangenschale verbunden ist. Dieses anf\u00e4ngliche Aroma ist am ausgepr\u00e4gtesten, wenn Ihre Kerze zu brennen beginnt und Ihren Raum mit einem Duft erf\u00fcllt, der dann durch leichte Untert\u00f6ne von schwarzem Pfeffer, Geranie, Flieder und Thymian verst\u00e4rkt wird. In die Formulierung dieses unverwechselbaren Duftes ist ein wunderbarer Nachgeschmack von Moos, Patschuli, Moschus und wei\u00dfer Zeder eingearbeitet.<\/li>\n<li><strong><a href=\"https:\/\/www.cosyowl.com\/de\/pflaume-maulbeere-duftol\" target=\"_blank\" rel=\"noopener\">Pflaume und Maulbeere<\/a>\u00a0&#8211; <\/strong>Unsere Pflaume &amp; Mulberry Fragrance Oil wurde speziell formuliert, um den einzigartigen Duft dieser wunderbaren Kombination aus Frucht und Beere freizusetzen, mit Kopfnoten aus roten Beeren, Apfel und Birne, Herznoten aus Litschi, Pflaume, Maulbeere, Cassis, Jasmin und Rose. mit Pfirsich-Basisnote.<\/li>\n<\/ul>\n<p>Alle in diesem Set enthaltenen D\u00fcfte k\u00f6nnen einzeln erworben werden.<\/p>\n<p><!--%Datenbl\u00e4tter%--><\/p>\n<p><!--%Duftinformationen%--><\/p>\n","protected":false},"excerpt":{"rendered":"<p>Fruchtige Duft\u00f6lkollektion. Unsere Duft\u00f6l-Sets sind die perfekte M\u00f6glichkeit, unsere meistverkauften Duft\u00f6le zu testen. Dieses Set enth\u00e4lt 5 x 10 ml Duft\u00f6le aus unserer Fruity Collection. Schwarz Kirsche\u00a0\u2013 Unser Schwarzkirsch-Duft\u00f6l wurde speziell formuliert, um den vertrauten und beliebten intensiven Duft hervorzurufen, der mit dieser reichen, vollmundigen Frucht verbunden ist. Der Duft verstr\u00f6mt zun\u00e4chst einen starken und [&hellip;]<\/p>\n","protected":false},"featured_media":24330,"comment_status":"open","ping_status":"closed","template":"","meta":{"_acf_changed":false},"product_brand":[],"product_cat":[373,323,343,104,106,283,319,107,108],"product_tag":[],"class_list":{"0":"post-19925","1":"product","2":"type-product","3":"status-publish","4":"has-post-thumbnail","6":"product_cat-duftoel-sets","7":"product_cat-duftoele-sets","8":"product_cat-bundel-duftol-sets","9":"product_cat-seifenherstellung-duftole","10":"product_cat-bartoelherstellung-duftoele","11":"product_cat-haarpflegebedarf-duftole","12":"product_cat-koerperpflegebedarf-duftole","13":"product_cat-wachs-melts-duftole","14":"product_cat-duftoele-frucht","16":"first","17":"instock","18":"taxable","19":"shipping-taxable","20":"purchasable","21":"product-type-simple"},"acf":[],"_links":{"self":[{"href":"https:\/\/cosyowl.com\/de\/wp-json\/wp\/v2\/product\/19925","targetHints":{"allow":["GET"]}}],"collection":[{"href":"https:\/\/cosyowl.com\/de\/wp-json\/wp\/v2\/product"}],"about":[{"href":"https:\/\/cosyowl.com\/de\/wp-json\/wp\/v2\/types\/product"}],"replies":[{"embeddable":true,"href":"https:\/\/cosyowl.com\/de\/wp-json\/wp\/v2\/comments?post=19925"}],"wp:featuredmedia":[{"embeddable":true,"href":"https:\/\/cosyowl.com\/de\/wp-json\/wp\/v2\/media\/24330"}],"wp:attachment":[{"href":"https:\/\/cosyowl.com\/de\/wp-json\/wp\/v2\/media?parent=19925"}],"wp:term":[{"taxonomy":"product_brand","embeddable":true,"href":"https:\/\/cosyowl.com\/de\/wp-json\/wp\/v2\/product_brand?post=19925"},{"taxonomy":"product_cat","embeddable":true,"href":"https:\/\/cosyowl.com\/de\/wp-json\/wp\/v2\/product_cat?post=19925"},{"taxonomy":"product_tag","embeddable":true,"href":"https:\/\/cosyowl.com\/de\/wp-json\/wp\/v2\/product_tag?post=19925"}],"curies":[{"name":"wp","href":"https:\/\/api.w.org\/{rel}","templated":true}]}}