{"id":19923,"date":"2022-04-22T15:35:44","date_gmt":"2022-04-22T14:35:44","guid":{"rendered":"https:\/\/cosyowl.com\/de\/?post_type=product&#038;p=19923"},"modified":"2026-03-03T17:25:37","modified_gmt":"2026-03-03T17:25:37","slug":"cosy-owl-floral-duftolkollektion-5er-pack","status":"publish","type":"product","link":"https:\/\/cosyowl.com\/de\/kerzenherstellung-lieferungen\/duftkerzen-selber-machen\/duftol-sets\/cosy-owl-floral-duftolkollektion-5er-pack","title":{"rendered":"Cosy Owl Floral Duft\u00f6lkollektion &#8211; (5er Pack)"},"content":{"rendered":"<p><strong>Sammlung floraler Duft\u00f6le.<\/strong><\/p>\n<p>Unsere Duft\u00f6l-Sets sind die perfekte M\u00f6glichkeit, unsere meistverkauften Duft\u00f6le zu testen.<\/p>\n<p>Dieses Set enth\u00e4lt 5 x 10 ml Duft\u00f6le aus unserer Blumenkollektion.<\/p>\n<ul>\n<li><strong><a href=\"https:\/\/www.cosyowl.com\/duft\u00f6le\/rote-rosen\" target=\"_blank\" rel=\"noopener\">Rote Rosen<\/a> &#8211; <\/strong>Unser\u00a0Rote Rosen-Duft\u00f6l\u00a0wurde speziell formuliert, um den vertrauten und beliebten frischen Duft hervorzurufen, der mit dieser wunderbaren und oft ziemlich romantischen Bl\u00fctenpflanze verbunden ist, die anf\u00e4nglich einen starken und markanter Geruch verbunden mit Zitronenschale, Bergamotte, Pflaume und knackigem Apfel. Dieses Aroma ist am ausgepr\u00e4gtesten, wenn Ihre Kerze zu brennen beginnt und Ihren Raum mit einem Duft erf\u00fcllt, der dann durch leichte Untert\u00f6ne von Rosenkristallen, Meeresnoten und Ylang-Ylang verst\u00e4rkt wird. In die Formulierung dieses unverwechselbaren Dufts ist ein entz\u00fcckender Nachgeschmack von \u00a0nacktem Moschus und wei\u00dfem Sandelholz eingearbeitet.<\/li>\n<li><strong><a href=\"https:\/\/www.cosyowl.com\/de\/pfingstrosenblte-duftol\" target=\"_blank\" rel=\"noopener\">Pfingstrose Bl\u00fctenbl\u00e4tter<\/a>\u00a0&#8211; <\/strong>Unser Pfingstrosenbl\u00fcten-Duft\u00f6l\u00a0 wurde speziell formuliert, um den Duft dieser krautigen oder strauchartigen Pflanze aus n\u00f6rdlichen gem\u00e4\u00dfigten Regionen zu erzeugen, die seit langem wegen ihrer atemberaubend aromatischen, auff\u00e4lligen Bl\u00fcten kultiviert wird. Das \u00d6l verstr\u00f6mt zun\u00e4chst einen starken und markanten Geruch, der mit rosa Geranie, roter Johannisbeere und Granatapfel assoziiert wird. Dieses Aroma ist am st\u00e4rksten ausgepr\u00e4gt, wenn Ihre Kerze zu brennen beginnt und Ihren Raum mit einem Duft erf\u00fcllt, der dann durch leichte Untert\u00f6ne von Pfirsich, Ambra und Tonkabohne verst\u00e4rkt wird. In die Formulierung dieses unverwechselbaren Dufts ist ein entz\u00fcckender Nachgeschmack von Vanilleschote, Moschus und Amber eingearbeitet.<\/li>\n<li><strong><strong><a href=\"https:\/\/www.cosyowl.com\/de\/jasmin-duftol\" target=\"_blank\" rel=\"noopener\">Jasmin<\/a>\u00a0\u2013 <\/strong><\/strong>Unser\u00a0Jasmin-Duft\u00f6l\u00a0wurde speziell formuliert, um den vertrauten und herrlich frischen Duft hervorzurufen, der mit diesem alten Strauch oder dieser Kletterpflanze verbunden ist, und verstr\u00f6mt einen starken Duft und markanter Geruch, der sowohl mit Jasmin als auch mit Orangenschale verbunden ist. Dieses anf\u00e4ngliche Aroma ist am st\u00e4rksten ausgepr\u00e4gt, wenn Ihre Kerze zu brennen beginnt und Ihren Raum mit einem Duft erf\u00fcllt, der dann durch leichte Untert\u00f6ne von Bitterorange und Madagaskar-Vanille verst\u00e4rkt wird. In die Formulierung dieses unverwechselbaren Dufts ist ein entz\u00fcckender Nachgeschmack von Honig- und Moschusnoten eingearbeitet.<\/li>\n<li><strong><strong><a href=\"https:\/\/www.cosyowl.com\/de\/Gardenia-Duft\" target=\"_blank\" rel=\"noopener\">Gardenia<\/a>\u00a0&#8211; <\/strong><\/strong>Unser\u00a0Gardenia-Duft\u00f6l\u00a0wurde speziell formuliert, um den herrlichen Duft hervorzurufen, der mit dieser bl\u00fchenden Pflanze verbunden ist, die in den tropischen und subtropischen Regionen Afrikas und Asiens beheimatet ist , Madagaskar und die pazifischen Inseln. Dieser Duft verstr\u00f6mt zun\u00e4chst einen starken und markanten Geruch, der mit Bergamotte, Orangenbl\u00fcte und Grapefruit assoziiert wird. Dieses Aroma ist am st\u00e4rksten ausgepr\u00e4gt, wenn Ihre Kerze zu brennen beginnt und Ihren Raum mit einem Duft erf\u00fcllt, der dann durch leichte Untert\u00f6ne von Magnolie, s\u00fc\u00dfer Hyazinthe, Gardenie und Mitternachtsjasmin verst\u00e4rkt wird. In die Formulierung dieses unverwechselbaren Dufts ist ein entz\u00fcckender Nachgeschmack von nacktem Moschus, Nelkenknospe, Geranie und Sandelholz eingearbeitet.<\/li>\n<li><strong><a href=\"https:\/\/www.cosyowl.com\/de\/franzosischer-lavendel-duftol\" target=\"_blank\" rel=\"noopener\">Franz\u00f6sisch Lavendel<\/a> \u2013<\/strong> Unser\u00a0Franz\u00f6sisches Lavendel-Duft\u00f6l\u00a0wurde speziell formuliert, um den wunderbaren Duft hervorzurufen, der mit dieser bl\u00fchenden Pflanzenart aus der Familie der Lamiaceae verbunden ist, die nat\u00fcrlich in Mittelmeerl\u00e4ndern vorkommt. Das \u00d6l verstr\u00f6mt sofort einen starken und markanten Geruch, der mit Bergamotte und Lavendel assoziiert wird. Dieses anf\u00e4ngliche Aroma ist am st\u00e4rksten ausgepr\u00e4gt, wenn Ihre Kerze zu brennen beginnt und Ihren Raum mit einem Duft erf\u00fcllt, der dann durch leichte Untert\u00f6ne von Muskatellersalbei, franz\u00f6sischem Lavendel und Zimtbl\u00e4ttern verst\u00e4rkt wird. In die Formulierung dieses unverwechselbaren Dufts ist ein entz\u00fcckender Nachgeschmack von franz\u00f6sischer Vanille, Galbanharz und Rosenholz eingearbeitet.<\/li>\n<\/ul>\n<p>Alle in diesem Set enthaltenen D\u00fcfte k\u00f6nnen einzeln erworben werden.<\/p>\n<p><!--%Datenbl\u00e4tter%--><\/p>\n<p><!--%Duftinformationen%--><\/p>\n","protected":false},"excerpt":{"rendered":"<p>Sammlung floraler Duft\u00f6le. Unsere Duft\u00f6l-Sets sind die perfekte M\u00f6glichkeit, unsere meistverkauften Duft\u00f6le zu testen. Dieses Set enth\u00e4lt 5 x 10 ml Duft\u00f6le aus unserer Blumenkollektion. Rote Rosen &#8211; Unser\u00a0Rote Rosen-Duft\u00f6l\u00a0wurde speziell formuliert, um den vertrauten und beliebten frischen Duft hervorzurufen, der mit dieser wunderbaren und oft ziemlich romantischen Bl\u00fctenpflanze verbunden ist, die anf\u00e4nglich einen starken [&hellip;]<\/p>\n","protected":false},"featured_media":24328,"comment_status":"open","ping_status":"closed","template":"","meta":{"_acf_changed":false},"product_brand":[],"product_cat":[118,343,373,323,104,106,283,319,107],"product_tag":[],"class_list":{"0":"post-19923","1":"product","2":"type-product","3":"status-publish","4":"has-post-thumbnail","6":"product_cat-duftoele-blumen","7":"product_cat-bundel-duftol-sets","8":"product_cat-duftoel-sets","9":"product_cat-duftoele-sets","10":"product_cat-seifenherstellung-duftole","11":"product_cat-bartoelherstellung-duftoele","12":"product_cat-haarpflegebedarf-duftole","13":"product_cat-koerperpflegebedarf-duftole","14":"product_cat-wachs-melts-duftole","16":"first","17":"outofstock","18":"taxable","19":"shipping-taxable","20":"purchasable","21":"product-type-simple"},"acf":[],"_links":{"self":[{"href":"https:\/\/cosyowl.com\/de\/wp-json\/wp\/v2\/product\/19923","targetHints":{"allow":["GET"]}}],"collection":[{"href":"https:\/\/cosyowl.com\/de\/wp-json\/wp\/v2\/product"}],"about":[{"href":"https:\/\/cosyowl.com\/de\/wp-json\/wp\/v2\/types\/product"}],"replies":[{"embeddable":true,"href":"https:\/\/cosyowl.com\/de\/wp-json\/wp\/v2\/comments?post=19923"}],"wp:featuredmedia":[{"embeddable":true,"href":"https:\/\/cosyowl.com\/de\/wp-json\/wp\/v2\/media\/24328"}],"wp:attachment":[{"href":"https:\/\/cosyowl.com\/de\/wp-json\/wp\/v2\/media?parent=19923"}],"wp:term":[{"taxonomy":"product_brand","embeddable":true,"href":"https:\/\/cosyowl.com\/de\/wp-json\/wp\/v2\/product_brand?post=19923"},{"taxonomy":"product_cat","embeddable":true,"href":"https:\/\/cosyowl.com\/de\/wp-json\/wp\/v2\/product_cat?post=19923"},{"taxonomy":"product_tag","embeddable":true,"href":"https:\/\/cosyowl.com\/de\/wp-json\/wp\/v2\/product_tag?post=19923"}],"curies":[{"name":"wp","href":"https:\/\/api.w.org\/{rel}","templated":true}]}}