{"id":19921,"date":"2022-04-22T15:24:18","date_gmt":"2022-04-22T14:24:18","guid":{"rendered":"https:\/\/cosyowl.com\/de\/?post_type=product&#038;p=19921"},"modified":"2026-03-03T17:25:37","modified_gmt":"2026-03-03T17:25:37","slug":"cosy-owl-weihnachtsduftolkollektion-5er-pack","status":"publish","type":"product","link":"https:\/\/cosyowl.com\/de\/kerzenherstellung-lieferungen\/duftkerzen-selber-machen\/duftol-sets\/cosy-owl-weihnachtsduftolkollektion-5er-pack","title":{"rendered":"Cosy Owl Weihnachtsduft\u00f6lkollektion &#8211; (5er Pack)"},"content":{"rendered":"<p><strong>Weihnachtsduft\u00f6lkollektion.<\/strong><\/p>\n<p>Unsere Duft\u00f6l-Sets sind die perfekte M\u00f6glichkeit, unsere meistverkauften Duft\u00f6le zu testen.<\/p>\n<p>Dieses Set enth\u00e4lt 5 x 10 ml Duft\u00f6le aus unserer Weihnachtskollektion.<\/p>\n<ul>\n<li><strong><a href=\"https:\/\/www.cosyowl.com\/de\/weihnachtsgewurz-duftol\" target=\"_blank\" rel=\"noopener\">Weihnachten Gew\u00fcrz<\/a>\u00a0<\/strong>&#8211; Unser Weihnachtsgew\u00fcrz-Duft\u00f6l wurde speziell formuliert, um das vertraute, reiche Aroma einiger der bekanntesten Gew\u00fcrze hervorzurufen, die sowohl in Lebensmitteln als auch in D\u00fcften verwendet werden. etwas, das zur Weihnachtszeit nie fehl am Platz ist. Dieser intensive und resonante Duft verstr\u00f6mt einen starken und markanten Geruch, der mit Bergamotte, Ingwer, Orangenschale und Eukalyptus verbunden ist. Dieses anf\u00e4ngliche Aroma ist am ausgepr\u00e4gtesten, wenn Ihre Kerze zu brennen beginnt und Ihren Raum mit einem Duft erf\u00fcllt, der dann durch leichte Untert\u00f6ne von Nelkenknospe und Zimt verst\u00e4rkt wird. In die Formulierung f\u00fcr diesen unverwechselbaren Duft ist ein entz\u00fcckender Nachgeschmack von Moschus, Kardamom und Vanille eingearbeitet.<\/li>\n<li><a href=\"https:\/\/cosyowl.com\/de\/schneeflocke-duftol\"><strong>Schneeflocke<\/strong><\/a> \u2013 Unser\u00a0Schneeflocken-Duft\u00f6l\u00a0kreiert ein frisches Blumenbouquet mit Kopfnoten aus\u00a0krautiger Minze und Zitrusfr\u00fcchten\u00a0auf einem Herz aus\u00a0gr\u00fcnem Apfel, sanftem Jasmin und Rosenbl\u00fctenblatt. stark&gt; unterst\u00fctzt von einer Basis aus\u00a0H\u00f6lzern und Moschus.<\/li>\n<li><strong><a href=\"https:\/\/www.cosyowl.com\/de\/cranberry-kranz-duftol\" target=\"_blank\" rel=\"noopener\">Cranberry-Kranz<\/a><\/strong>\u00a0&#8211; Unser Cranberry Wreath Duft\u00f6l wird aus der Cranberry-Frucht gewonnen, die Teil einer Gruppe immergr\u00fcner Zwergstr\u00e4ucher oder Schlingpflanzen der Untergattung Oxycoccus der Gattung Vaccinium ist. Gut, das ist die technische Beschreibung, aber f\u00fcr die meisten von uns erinnert uns das Aroma in Kombination mit dem Putenbraten an Weihnachten. Sofort verstr\u00f6mt das Duft\u00f6l einen starken und markanten Geruch nach Geranie, Orangenschale und rosa Ingwer. Dieses anf\u00e4ngliche Aroma ist am ausgepr\u00e4gtesten, wenn Ihre Kerze zu brennen beginnt und Ihren Raum mit einem Duft erf\u00fcllt, der dann durch die Untert\u00f6ne von Himbeere, marokkanischer Rose, rosa Pfeffer und saftigen Preiselbeeren verst\u00e4rkt wird. Eingebettet in die Formulierung dieses unverwechselbaren Duftes ist ein entz\u00fcckender Nachgeschmack von Eichenmoos, Vanille, cremiger Muskatnuss, Tonkabohne und Tannennadel.<\/li>\n<li><strong><a href=\"https:\/\/www.cosyowl.com\/de\/gluhwein-duftol\" target=\"_blank\" rel=\"noopener\">Gl\u00fchwein Wein<\/a><\/strong>\u00a0&#8211; Unser Gl\u00fchwein-Duft\u00f6l wurde speziell entwickelt, um das w\u00fcrzige Aroma zu liefern, das mit diesem beliebten Getr\u00e4nk verbunden ist, das die Freuden von Weihnachten hervorbringt. Das \u00d6l erinnert an diesen allgemein gesch\u00e4tzten und beliebten Duft, der mit roten Trauben und knackigem Apfel verbunden ist. Dieses anf\u00e4ngliche Aroma ist am ausgepr\u00e4gtesten, wenn Ihre Kerze zu brennen beginnt und Ihren Raum mit einem Duft erf\u00fcllt, der dann durch leichte Untert\u00f6ne von Himbeere, Brombeere, Nelkenknospe und prickelndem Zimt verst\u00e4rkt wird. In die Formulierung f\u00fcr diesen unverwechselbaren Duft ist ein entz\u00fcckender Nachgeschmack von Piment, Muskatnuss und Vanille eingearbeitet.<\/li>\n<li><strong><a href=\"https:\/\/cosyowl.com\/de\/weihnachtsbaum-duftoel\">Weihnachtsbaum<\/a>\u00a0<\/strong>&#8211; Verleihen Sie Ihrem Zuhause die Essenz von Weihnachten mit unserem Weihnachtsbaum-Duft\u00f6l. Dieser warme und w\u00fcrzige Duft f\u00e4ngt den Zauber der Weihnachtszeit ein, mit Kopfnoten von Kiefernnadeln, gefolgt von einer harmonischen Mischung aus Nelke, Zimt und Piment. Auf der Basis von Tannenbalsam und rauchigen H\u00f6lzern schafft dieser Duft eine gem\u00fctliche Atmosph\u00e4re, die an verschneite W\u00e4lder und festliche Traditionen erinnert.<\/li>\n<\/ul>\n<p><!--%Datenbl\u00e4tter%--><\/p>\n<p>&nbsp;<\/p>\n<p><!--%Duftinformationen%--><\/p>\n<p>&nbsp;<\/p>\n","protected":false},"excerpt":{"rendered":"<p>Weihnachtsduft\u00f6lkollektion. Unsere Duft\u00f6l-Sets sind die perfekte M\u00f6glichkeit, unsere meistverkauften Duft\u00f6le zu testen. Dieses Set enth\u00e4lt 5 x 10 ml Duft\u00f6le aus unserer Weihnachtskollektion. Weihnachten Gew\u00fcrz\u00a0&#8211; Unser Weihnachtsgew\u00fcrz-Duft\u00f6l wurde speziell formuliert, um das vertraute, reiche Aroma einiger der bekanntesten Gew\u00fcrze hervorzurufen, die sowohl in Lebensmitteln als auch in D\u00fcften verwendet werden. etwas, das zur Weihnachtszeit nie [&hellip;]<\/p>\n","protected":false},"featured_media":24336,"comment_status":"open","ping_status":"closed","template":"","meta":{"_acf_changed":false},"product_brand":[],"product_cat":[373,323,343,104,106,283,319,107,109],"product_tag":[],"class_list":{"0":"post-19921","1":"product","2":"type-product","3":"status-publish","4":"has-post-thumbnail","6":"product_cat-duftoel-sets","7":"product_cat-duftoele-sets","8":"product_cat-bundel-duftol-sets","9":"product_cat-seifenherstellung-duftole","10":"product_cat-bartoelherstellung-duftoele","11":"product_cat-haarpflegebedarf-duftole","12":"product_cat-koerperpflegebedarf-duftole","13":"product_cat-wachs-melts-duftole","14":"product_cat-duftoele-weihnachten","16":"first","17":"instock","18":"taxable","19":"shipping-taxable","20":"purchasable","21":"product-type-simple"},"acf":[],"_links":{"self":[{"href":"https:\/\/cosyowl.com\/de\/wp-json\/wp\/v2\/product\/19921","targetHints":{"allow":["GET"]}}],"collection":[{"href":"https:\/\/cosyowl.com\/de\/wp-json\/wp\/v2\/product"}],"about":[{"href":"https:\/\/cosyowl.com\/de\/wp-json\/wp\/v2\/types\/product"}],"replies":[{"embeddable":true,"href":"https:\/\/cosyowl.com\/de\/wp-json\/wp\/v2\/comments?post=19921"}],"wp:featuredmedia":[{"embeddable":true,"href":"https:\/\/cosyowl.com\/de\/wp-json\/wp\/v2\/media\/24336"}],"wp:attachment":[{"href":"https:\/\/cosyowl.com\/de\/wp-json\/wp\/v2\/media?parent=19921"}],"wp:term":[{"taxonomy":"product_brand","embeddable":true,"href":"https:\/\/cosyowl.com\/de\/wp-json\/wp\/v2\/product_brand?post=19921"},{"taxonomy":"product_cat","embeddable":true,"href":"https:\/\/cosyowl.com\/de\/wp-json\/wp\/v2\/product_cat?post=19921"},{"taxonomy":"product_tag","embeddable":true,"href":"https:\/\/cosyowl.com\/de\/wp-json\/wp\/v2\/product_tag?post=19921"}],"curies":[{"name":"wp","href":"https:\/\/api.w.org\/{rel}","templated":true}]}}