{"id":19920,"date":"2022-04-22T15:11:16","date_gmt":"2022-04-22T14:11:16","guid":{"rendered":"https:\/\/cosyowl.com\/de\/?post_type=product&#038;p=19920"},"modified":"2026-03-03T17:25:37","modified_gmt":"2026-03-03T17:25:37","slug":"cozy-owl-parfum-inspirierte-kollektion-5er-pack","status":"publish","type":"product","link":"https:\/\/cosyowl.com\/de\/kerzenherstellung-lieferungen\/duftkerzen-selber-machen\/duftol-sets\/parfum-inspirierte-kollektion","title":{"rendered":"Cozy Owl Parf\u00fcm inspirierte Kollektion \u2013 (5er Pack)"},"content":{"rendered":"<p><strong>Vom Parf\u00fcm inspirierte Duft\u00f6lkollektion.<\/strong><\/p>\n<p>Unsere Duft\u00f6l-Sets sind die perfekte M\u00f6glichkeit, unsere meistverkauften Duft\u00f6le zu testen.<\/p>\n<p>Dieses Set enth\u00e4lt 5 x 10 ml Duft\u00f6le aus unserer von Parf\u00fcms inspirierten Kollektion<\/p>\n<ul>\n<li><strong><a href=\"https:\/\/cosyowl.com\/de\/duftole\/baies-duftol\">Beeren<\/a> \u2013\u00a0<\/strong>Dieser Duft ist einer der meistverkauften D\u00fcfte einer der besten Kerzenmarken der Welt und entf\u00fchrt Sie mit all der Romantik und Raffinesse der Kultur nach Frankreich. Mit Noten von Sommerbeeren, Rosen, Freesien und schwarzen Johannisbeerbl\u00e4ttern. Mit diesem Cozy Owl Premium-Duft k\u00f6nnen Sie jetzt diesen originalgetreu nachempfundenen Duft f\u00fcr Ihre Produkte erhalten und einen echten Hauch von Klasse hinzuf\u00fcgen.<\/li>\n<li><strong><a href=\"https:\/\/www.cosyowl.com\/de\/duftole\/alle-dufte\/lost-cherry-type-duftol\" rel=\"noopener\">Verlorener Kirschtyp<\/a>\u00a0&#8211;<\/strong> Dies ist ein wundersch\u00f6n gemischter Duft, der vom Tom Ford Lost Cherry Duft inspiriert wurde. \u00a0So rund und s\u00fc\u00df mit zarten Untert\u00f6nen und subtilen Basisnoten, dass dieser Duft Fans des Originaldufts und Neueinsteiger gleicherma\u00dfen begeistern wird. \u00a0Mit Kopfnoten aus\u00a0wei\u00dfem Thymian, Bergamotte und rosa Pfeffer\u00a0und duftenden Herznoten aus\u00a0Veilchenblatt, Neroli und wei\u00dfer Ambra\u00a0sitzen alle wunderbar auf einer ausgewogenen Basis aus\u00a0franz\u00f6sischer Vanille, Sandelholz, Vetiver, Patschuli und Salbei.\u00a0 Dies ist ein tiefer und reichhaltiger Duft mit neuer Anziehungskraft im gesamten Duftwurf.<\/li>\n<li><strong><a href=\"https:\/\/www.cosyowl.com\/de\/Lady-Million-Type-Duft\" target=\"_blank\" rel=\"noopener\">Typ Lady Million<\/a>\u00a0&#8211; <\/strong>Unser\u00a0Lady Million Type Fragrance Oil\u00a0wurde speziell formuliert, um an dieses zarte und elegante Damenparfum zu erinnern, und verstr\u00f6mt einen starken und markanten Geruch, der mit\u00a0Orange, Neroli und Apfel\u00a0 . Dieses anf\u00e4ngliche Aroma ist am st\u00e4rksten ausgepr\u00e4gt, wenn Ihre Kerze zu brennen beginnt und Ihren Raum mit einem Duft erf\u00fcllt, der dann durch leichte Untert\u00f6ne von Jasmin, Veilchen und Pfingstrose verst\u00e4rkt wird. In die Formulierung dieses unverwechselbaren Dufts ist ein entz\u00fcckender Nachgeschmack von Bernstein, Patschuli, Sandelholz, Vanille und Moschus eingearbeitet.<\/li>\n<li><strong><a href=\"https:\/\/cosyowl.com\/de\/?post_type=product&amp;p=23323&amp;preview=true\">Opium<\/a> \u2013\u00a0<\/strong>h\u00fcllen Sie sich mit einer fesselnden Mischung aus Amber, k\u00f6stlicher S\u00fc\u00dfe, Moschus, Orangenbl\u00fcte, Quitte, Sandelholz und Vanille. Dieses raffinierte Aroma bietet eine sinnliche Reise durch Schichten von Opulenz und Verf\u00fchrung, perfekt f\u00fcr alle, die einen Hauch von Geheimnis und Genuss suchen.<\/li>\n<li><strong><a href=\"https:\/\/www.cosyowl.com\/de\/v-r-flowerbomb-type-duftol\" target=\"_blank\" rel=\"noopener\">V&amp;R Flowerbomb Type<\/a>\u00a0\u2013 <\/strong>Unser von V&amp;R Flowerbomb inspiriertes Duft\u00f6l wurde speziell formuliert, um an dieses kraftvolle und intensive Damenparf\u00fcm von Viktor &amp; Rolfand, der einen starken und markanten Geruch verstr\u00f6mt, der mit Orangenmelisse und Bergamotte verbunden ist. Dieses anf\u00e4ngliche Aroma ist am ausgepr\u00e4gtesten, wenn Ihre Kerze zu brennen beginnt und Ihren Raum mit einem Duft erf\u00fcllt, der dann durch leichte Untert\u00f6ne von Maigl\u00f6ckchen, Jasmin und Maigl\u00f6ckchen verst\u00e4rkt wird. In die Formulierung dieses unverwechselbaren Dufts ist ein entz\u00fcckender Nachgeschmack von Sandelholz, Patchouli, Moschus und frischer Ambra eingearbeitet.<\/li>\n<\/ul>\n","protected":false},"excerpt":{"rendered":"<p>Vom Parf\u00fcm inspirierte Duft\u00f6lkollektion. Unsere Duft\u00f6l-Sets sind die perfekte M\u00f6glichkeit, unsere meistverkauften Duft\u00f6le zu testen. Dieses Set enth\u00e4lt 5 x 10 ml Duft\u00f6le aus unserer von Parf\u00fcms inspirierten Kollektion Beeren \u2013\u00a0Dieser Duft ist einer der meistverkauften D\u00fcfte einer der besten Kerzenmarken der Welt und entf\u00fchrt Sie mit all der Romantik und Raffinesse der Kultur nach [&hellip;]<\/p>\n","protected":false},"featured_media":24332,"comment_status":"open","ping_status":"closed","template":"","meta":{"_acf_changed":false},"product_brand":[],"product_cat":[100,343,373,323,104,106,283,319,107],"product_tag":[],"class_list":{"0":"post-19920","1":"product","2":"type-product","3":"status-publish","4":"has-post-thumbnail","6":"product_cat-duftoele-designer","7":"product_cat-bundel-duftol-sets","8":"product_cat-duftoel-sets","9":"product_cat-duftoele-sets","10":"product_cat-seifenherstellung-duftole","11":"product_cat-bartoelherstellung-duftoele","12":"product_cat-haarpflegebedarf-duftole","13":"product_cat-koerperpflegebedarf-duftole","14":"product_cat-wachs-melts-duftole","16":"first","17":"outofstock","18":"taxable","19":"shipping-taxable","20":"purchasable","21":"product-type-simple"},"acf":[],"_links":{"self":[{"href":"https:\/\/cosyowl.com\/de\/wp-json\/wp\/v2\/product\/19920","targetHints":{"allow":["GET"]}}],"collection":[{"href":"https:\/\/cosyowl.com\/de\/wp-json\/wp\/v2\/product"}],"about":[{"href":"https:\/\/cosyowl.com\/de\/wp-json\/wp\/v2\/types\/product"}],"replies":[{"embeddable":true,"href":"https:\/\/cosyowl.com\/de\/wp-json\/wp\/v2\/comments?post=19920"}],"wp:featuredmedia":[{"embeddable":true,"href":"https:\/\/cosyowl.com\/de\/wp-json\/wp\/v2\/media\/24332"}],"wp:attachment":[{"href":"https:\/\/cosyowl.com\/de\/wp-json\/wp\/v2\/media?parent=19920"}],"wp:term":[{"taxonomy":"product_brand","embeddable":true,"href":"https:\/\/cosyowl.com\/de\/wp-json\/wp\/v2\/product_brand?post=19920"},{"taxonomy":"product_cat","embeddable":true,"href":"https:\/\/cosyowl.com\/de\/wp-json\/wp\/v2\/product_cat?post=19920"},{"taxonomy":"product_tag","embeddable":true,"href":"https:\/\/cosyowl.com\/de\/wp-json\/wp\/v2\/product_tag?post=19920"}],"curies":[{"name":"wp","href":"https:\/\/api.w.org\/{rel}","templated":true}]}}