{"id":19917,"date":"2022-04-08T15:48:30","date_gmt":"2022-04-08T14:48:30","guid":{"rendered":"https:\/\/cosyowl.com\/de\/?post_type=product&#038;p=19917"},"modified":"2026-03-03T17:25:42","modified_gmt":"2026-03-03T17:25:42","slug":"skittles-duftol","status":"publish","type":"product","link":"https:\/\/cosyowl.com\/de\/skittles-duftoel","title":{"rendered":"Skittles Duft\u00f6l"},"content":{"rendered":"<p>Notre huile parfum\u00e9e de type Skittles a \u00e9t\u00e9 sp\u00e9cialement formul\u00e9e pour lib\u00e9rer un parfum fruit\u00e9 bien connu. Un parfum fruit\u00e9 et sucr\u00e9 amusant inspir\u00e9 des c\u00e9l\u00e8bres petites douceurs. Sentez l&#8217;arc-en-ciel\u2026<\/p>\n","protected":false},"excerpt":{"rendered":"<p>Notre huile parfum\u00e9e de type Skittles a \u00e9t\u00e9 sp\u00e9cialement formul\u00e9e pour lib\u00e9rer un parfum fruit\u00e9 bien connu. Un parfum fruit\u00e9 et sucr\u00e9 amusant inspir\u00e9 des c\u00e9l\u00e8bres petites douceurs. Sentez l&#8217;arc-en-ciel\u2026<\/p>\n","protected":false},"featured_media":19918,"comment_status":"open","ping_status":"closed","template":"","meta":{"_acf_changed":false},"product_brand":[],"product_cat":[99,112],"product_tag":[],"class_list":{"0":"post-19917","1":"product","2":"type-product","3":"status-publish","4":"has-post-thumbnail","6":"product_cat-duftoele-alle-duftoele","7":"product_cat-duftoele-heisshunger","9":"first","10":"outofstock","11":"taxable","12":"shipping-taxable","13":"purchasable","14":"product-type-variable"},"acf":[],"_links":{"self":[{"href":"https:\/\/cosyowl.com\/de\/wp-json\/wp\/v2\/product\/19917","targetHints":{"allow":["GET"]}}],"collection":[{"href":"https:\/\/cosyowl.com\/de\/wp-json\/wp\/v2\/product"}],"about":[{"href":"https:\/\/cosyowl.com\/de\/wp-json\/wp\/v2\/types\/product"}],"replies":[{"embeddable":true,"href":"https:\/\/cosyowl.com\/de\/wp-json\/wp\/v2\/comments?post=19917"}],"wp:featuredmedia":[{"embeddable":true,"href":"https:\/\/cosyowl.com\/de\/wp-json\/wp\/v2\/media\/19918"}],"wp:attachment":[{"href":"https:\/\/cosyowl.com\/de\/wp-json\/wp\/v2\/media?parent=19917"}],"wp:term":[{"taxonomy":"product_brand","embeddable":true,"href":"https:\/\/cosyowl.com\/de\/wp-json\/wp\/v2\/product_brand?post=19917"},{"taxonomy":"product_cat","embeddable":true,"href":"https:\/\/cosyowl.com\/de\/wp-json\/wp\/v2\/product_cat?post=19917"},{"taxonomy":"product_tag","embeddable":true,"href":"https:\/\/cosyowl.com\/de\/wp-json\/wp\/v2\/product_tag?post=19917"}],"curies":[{"name":"wp","href":"https:\/\/api.w.org\/{rel}","templated":true}]}}