{"id":19167,"date":"2022-02-01T15:24:03","date_gmt":"2022-02-01T15:24:03","guid":{"rendered":"https:\/\/cosyowl.com\/de\/?post_type=product&#038;p=19167"},"modified":"2026-04-28T17:24:07","modified_gmt":"2026-04-28T16:24:07","slug":"gurken-melonen-diffusor-herstellungsset","status":"publish","type":"product","link":"https:\/\/cosyowl.com\/de\/bastelsets\/diffusor-bausatze\/diffusor-herstellungssets\/gurken-melonen-diffusor-herstellungsset","title":{"rendered":"Gurken-Melonen-Diffusor-Set"},"content":{"rendered":"<div id=\"tabcontentcontainer\">\n<div id=\"sc1\" class=\"tabcontent\">\n<div id=\"productDescription_1\" class=\"productGeneral biggerText\">\n<div id=\"tabcontentcontainer\">\n<div id=\"sc1\" class=\"tabcontent\">\n<div id=\"productDescription_1\" class=\"productGeneral biggerText\">\n<p>Unsere Diffusor-Kits sind der perfekte Kauf f\u00fcr alle, die kreativ werden und zu Hause ihre eigenen Diffusoren herstellen m\u00f6chten. Mit diesem Bausatz haben Sie alles, was Sie brauchen, um zwei Diffusoren herzustellen.<\/p>\n<p><strong>In Ihrem Kit enthalten:<\/strong><\/p>\n<ul>\n<li>100 ml \u2013 Gurken-Melonen-Duft\u00f6l<\/li>\n<li>500g &#8211; Diffusor-Basis\u00f6l<\/li>\n<li>100ml &#8211; Diffusorw\u00fcrfelbeh\u00e4lter aus Glas<\/li>\n<li>2 x 100 ml Karen Glas-Diffusorflaschen<\/li>\n<li>1x Diffusorkappe mit goldener Metallschale<\/li>\n<li>2x Diffusorkappe mit silberner Metallschale<\/li>\n<li>20 schwarze Diffusorbl\u00e4tter<\/li>\n<li>10 wei\u00dfe Diffusorbl\u00e4tter<\/li>\n<li>1 Schritt-f\u00fcr-Schritt-Anleitung<\/li>\n<\/ul>\n<p>Unser\u00a0<strong>Gurken-Melonen-Duft\u00f6l<\/strong>\u00a0wurde speziell entwickelt, um das bekannte und beliebte frische Aroma dieser beiden Fr\u00fcchte hervorzurufen. Der Duft verstr\u00f6mt zun\u00e4chst einen starken und markanten Geruch, der mit\u00a0<strong>saftiger Melone, reifer Honigmelone und knackiger Gurke<\/strong>\u00a0verbunden ist. Dieses Aroma ist am st\u00e4rksten ausgepr\u00e4gt, wenn Ihre Kerze zu brennen beginnt und Ihren Raum mit einem Duft erf\u00fcllt, der dann durch leichte Untert\u00f6ne von\u00a0<strong>Freesie, wei\u00dfen Bl\u00fcten und Pfirsichnektar<\/strong>\u00a0verst\u00e4rkt wird. In die Formulierung dieses unverwechselbaren Duftes ist ein herrlicher Nachgeschmack von<strong>\u00a0Jasmin, Vanille und leichtem Moschus<\/strong>\u00a0integriert.<\/p>\n<p>Wir sind stolz darauf, die hochwertigsten Zutaten auf dem Markt anzubieten, um die perfekten Diffusoren zu Hause herzustellen. Unsere Kits sind perfekt f\u00fcr Anf\u00e4nger und diejenigen, die die Fertigkeit bereits beherrschen, also schnapp dir deine Sch\u00fcrze und lass uns mit dem Basteln beginnen.<\/p>\n<\/div>\n<\/div>\n<\/div>\n<\/div>\n<\/div>\n<\/div>\n","protected":false},"excerpt":{"rendered":"<p>Unsere Diffusor-Kits sind der perfekte Kauf f\u00fcr alle, die kreativ werden und zu Hause ihre eigenen Diffusoren herstellen m\u00f6chten. Mit diesem Bausatz haben Sie alles, was Sie brauchen, um zwei Diffusoren herzustellen. In Ihrem Kit enthalten: 100 ml \u2013 Gurken-Melonen-Duft\u00f6l 500g &#8211; Diffusor-Basis\u00f6l 100ml &#8211; Diffusorw\u00fcrfelbeh\u00e4lter aus Glas 2 x 100 ml Karen Glas-Diffusorflaschen 1x [&hellip;]<\/p>\n","protected":false},"featured_media":19168,"comment_status":"open","ping_status":"closed","template":"","meta":{"_acf_changed":false},"product_brand":[],"product_cat":[298],"product_tag":[],"class_list":{"0":"post-19167","1":"product","2":"type-product","3":"status-publish","4":"has-post-thumbnail","6":"product_cat-diffusor-bausatze","8":"first","9":"instock","10":"taxable","11":"shipping-taxable","12":"purchasable","13":"product-type-simple"},"acf":[],"_links":{"self":[{"href":"https:\/\/cosyowl.com\/de\/wp-json\/wp\/v2\/product\/19167","targetHints":{"allow":["GET"]}}],"collection":[{"href":"https:\/\/cosyowl.com\/de\/wp-json\/wp\/v2\/product"}],"about":[{"href":"https:\/\/cosyowl.com\/de\/wp-json\/wp\/v2\/types\/product"}],"replies":[{"embeddable":true,"href":"https:\/\/cosyowl.com\/de\/wp-json\/wp\/v2\/comments?post=19167"}],"wp:featuredmedia":[{"embeddable":true,"href":"https:\/\/cosyowl.com\/de\/wp-json\/wp\/v2\/media\/19168"}],"wp:attachment":[{"href":"https:\/\/cosyowl.com\/de\/wp-json\/wp\/v2\/media?parent=19167"}],"wp:term":[{"taxonomy":"product_brand","embeddable":true,"href":"https:\/\/cosyowl.com\/de\/wp-json\/wp\/v2\/product_brand?post=19167"},{"taxonomy":"product_cat","embeddable":true,"href":"https:\/\/cosyowl.com\/de\/wp-json\/wp\/v2\/product_cat?post=19167"},{"taxonomy":"product_tag","embeddable":true,"href":"https:\/\/cosyowl.com\/de\/wp-json\/wp\/v2\/product_tag?post=19167"}],"curies":[{"name":"wp","href":"https:\/\/api.w.org\/{rel}","templated":true}]}}