{"id":19154,"date":"2022-02-01T15:14:24","date_gmt":"2022-02-01T15:14:24","guid":{"rendered":"https:\/\/cosyowl.com\/de\/?post_type=product&#038;p=19154"},"modified":"2026-04-28T17:23:25","modified_gmt":"2026-04-28T16:23:25","slug":"diffuser-kit-fur-salbei-und-meersalz","status":"publish","type":"product","link":"https:\/\/cosyowl.com\/de\/bastelsets\/diffusor-bausatze\/diffuser-kit-fur-salbei-und-meersalz","title":{"rendered":"Diffuser-Kit f\u00fcr Salbei und Meersalz"},"content":{"rendered":"<p>Unsere Diffusor-Kits sind der perfekte Kauf f\u00fcr alle, die kreativ werden und zu Hause ihre eigenen Diffusoren herstellen m\u00f6chten. Mit diesem Bausatz haben Sie alles, was Sie brauchen, um zwei Diffusoren herzustellen.<\/p>\n<p><strong>In Ihrem Kit enthalten:<\/strong><\/p>\n<ul>\n<li>100ml &#8211; Duft\u00f6l Salbei und Meersalz<\/li>\n<li>500g &#8211; Diffusor-Basis\u00f6l<\/li>\n<li>100ml &#8211; Diffusorw\u00fcrfelbeh\u00e4lter aus Glas<\/li>\n<li>2 x 100 ml Karen Glas-Diffusorflaschen<\/li>\n<li>1x Diffusorkappe mit goldener Metallschale<\/li>\n<li>2x Diffusorkappe mit silberner Metallschale<\/li>\n<li>20 schwarze Diffusorbl\u00e4tter<\/li>\n<li>10 wei\u00dfe Diffusorbl\u00e4tter<\/li>\n<li>1 Schritt-f\u00fcr-Schritt-Anleitung<\/li>\n<\/ul>\n<p>Ein aromatischer und moschusartiger Duft, inspiriert vom ber\u00fchmten Jo Malone-Duft. \u00a0Mit der F\u00fclle und Tiefe, die unsere Premium-Palette an D\u00fcften ausmacht, hat dieser Duft auf Meeresbasis Kopfnoten von\u00a0<strong>s\u00fc\u00dfer Minze, gr\u00fcnem Tee, Eukalyptus, Bergamotte und Freesie,\u00a0<\/strong>Mittelnoten von\u00a0&lt; kr\u00e4ftiger&gt;Jasmin, wei\u00dfe Blume und Thymian\u00a0mit Basisnoten von\u00a0<strong>kristallinem Moschus, Sandelholz und moosigen Noten<\/strong>. Nicht aufdringlich, aber mit echtem Durchhalteverm\u00f6gen entwickelt und reift dieser Duft wirklich, je l\u00e4nger er in der Luft ist.<\/p>\n<p>Wir sind stolz darauf, die hochwertigsten Zutaten auf dem Markt anzubieten, um die perfekten Diffusoren zu Hause herzustellen. Unsere Kits sind perfekt f\u00fcr Anf\u00e4nger und diejenigen, die die Fertigkeit bereits beherrschen, also schnapp dir deine Sch\u00fcrze und lass uns mit dem Basteln beginnen.<\/p>\n","protected":false},"excerpt":{"rendered":"<p>Unsere Diffusor-Kits sind der perfekte Kauf f\u00fcr alle, die kreativ werden und zu Hause ihre eigenen Diffusoren herstellen m\u00f6chten. Mit diesem Bausatz haben Sie alles, was Sie brauchen, um zwei Diffusoren herzustellen. In Ihrem Kit enthalten: 100ml &#8211; Duft\u00f6l Salbei und Meersalz 500g &#8211; Diffusor-Basis\u00f6l 100ml &#8211; Diffusorw\u00fcrfelbeh\u00e4lter aus Glas 2 x 100 ml Karen [&hellip;]<\/p>\n","protected":false},"featured_media":19155,"comment_status":"open","ping_status":"closed","template":"","meta":{"_acf_changed":false},"product_brand":[],"product_cat":[298],"product_tag":[],"class_list":{"0":"post-19154","1":"product","2":"type-product","3":"status-publish","4":"has-post-thumbnail","6":"product_cat-diffusor-bausatze","8":"first","9":"instock","10":"taxable","11":"shipping-taxable","12":"purchasable","13":"product-type-simple"},"acf":[],"_links":{"self":[{"href":"https:\/\/cosyowl.com\/de\/wp-json\/wp\/v2\/product\/19154","targetHints":{"allow":["GET"]}}],"collection":[{"href":"https:\/\/cosyowl.com\/de\/wp-json\/wp\/v2\/product"}],"about":[{"href":"https:\/\/cosyowl.com\/de\/wp-json\/wp\/v2\/types\/product"}],"replies":[{"embeddable":true,"href":"https:\/\/cosyowl.com\/de\/wp-json\/wp\/v2\/comments?post=19154"}],"wp:featuredmedia":[{"embeddable":true,"href":"https:\/\/cosyowl.com\/de\/wp-json\/wp\/v2\/media\/19155"}],"wp:attachment":[{"href":"https:\/\/cosyowl.com\/de\/wp-json\/wp\/v2\/media?parent=19154"}],"wp:term":[{"taxonomy":"product_brand","embeddable":true,"href":"https:\/\/cosyowl.com\/de\/wp-json\/wp\/v2\/product_brand?post=19154"},{"taxonomy":"product_cat","embeddable":true,"href":"https:\/\/cosyowl.com\/de\/wp-json\/wp\/v2\/product_cat?post=19154"},{"taxonomy":"product_tag","embeddable":true,"href":"https:\/\/cosyowl.com\/de\/wp-json\/wp\/v2\/product_tag?post=19154"}],"curies":[{"name":"wp","href":"https:\/\/api.w.org\/{rel}","templated":true}]}}