{"id":19127,"date":"2022-02-01T14:18:32","date_gmt":"2022-02-01T14:18:32","guid":{"rendered":"https:\/\/cosyowl.com\/de\/?post_type=product&#038;p=19127"},"modified":"2026-03-03T17:25:34","modified_gmt":"2026-03-03T17:25:34","slug":"kit-zum-schmelzen-von-weihrauch-und-myrrhenwachs","status":"publish","type":"product","link":"https:\/\/cosyowl.com\/de\/bastelsets\/wachs-schmelze-herstellungsset\/weihrauch-myrrhe-wachs-schmelzen-set","title":{"rendered":"Kit zum Schmelzen von Weihrauch und Myrrhenwachs"},"content":{"rendered":"<div id=\"tabcontentcontainer\">\n<div id=\"sc1\" class=\"tabcontent\">\n<div id=\"productDescription_1\" class=\"productGeneral biggerText\">\n<p><strong>Kit zum Schmelzen von Weihrauch und Myrrhenwachs<\/strong><\/p>\n<p>Unsere Wax Melt Kits sind der perfekte Kauf f\u00fcr alle, die kreativ werden und ihre eigenen Wax Melts herstellen m\u00f6chten. Mit diesem Kit haben Sie alles, was Sie brauchen, um eine Vielzahl von unterschiedlich geformten Wachsschmelzen herzustellen.<\/p>\n<p><strong>In Ihrem Kit enthalten:<\/strong><\/p>\n<ul>\n<li>Weihrauch- und Myrrhe-Duft\u00f6l \u2013 50ml<\/li>\n<li>25 g \u2013 Flash-Bronze-Glimmerpulver<\/li>\n<li>3g &#8211; Bekro Cremefarbe<\/li>\n<li>350g &#8211; S\u00e4ulenwachs<\/li>\n<li>1x Muschelschale, 1x Herzmuschelschale, 1x Sternmuschelschale, 1x Deli Pot.<\/li>\n<li>1 Schritt-f\u00fcr-Schritt-Anleitung<\/li>\n<\/ul>\n<p>Unser\u00a0<strong>Weihrauch &amp; Myrrhe-Duft\u00f6l<\/strong>\u00a0bietet einen orientalischen Fantasie-Akkord mit Kopfnoten von\u00a0<strong>Zitrusschalen, Eukalyptus, Wacholder und Lavendel<\/strong>\u00a0f\u00fchrt zu einem w\u00fcrzigen Herz aus\u00a0<strong>Zimt und Nelke&lt; \/strong&gt;, abgerundet von Iris mit orientalischen Basisnoten von\u00a0warmem Ambra, Sandelholz, Zedernholz, Patschuli, Moschus und Vanille.<\/strong><\/p>\n<p>Wir sind stolz darauf, die hochwertigsten auf dem Markt erh\u00e4ltlichen Zutaten f\u00fcr die Herstellung der perfekten Wax Melts zu Hause bereitzustellen. Unsere Kits sind perfekt f\u00fcr Anf\u00e4nger und diejenigen, die die Fertigkeit bereits beherrschen, also schnapp dir deine Sch\u00fcrze und lass uns basteln.<\/p>\n<\/div>\n<\/div>\n<\/div>\n","protected":false},"excerpt":{"rendered":"<p>Kit zum Schmelzen von Weihrauch und Myrrhenwachs Unsere Wax Melt Kits sind der perfekte Kauf f\u00fcr alle, die kreativ werden und ihre eigenen Wax Melts herstellen m\u00f6chten. Mit diesem Kit haben Sie alles, was Sie brauchen, um eine Vielzahl von unterschiedlich geformten Wachsschmelzen herzustellen. In Ihrem Kit enthalten: Weihrauch- und Myrrhe-Duft\u00f6l \u2013 50ml 25 g [&hellip;]<\/p>\n","protected":false},"featured_media":19128,"comment_status":"open","ping_status":"closed","template":"","meta":{"_acf_changed":false},"product_brand":[],"product_cat":[302],"product_tag":[],"class_list":{"0":"post-19127","1":"product","2":"type-product","3":"status-publish","4":"has-post-thumbnail","6":"product_cat-wachs-melts-bausatze","8":"first","9":"instock","10":"taxable","11":"shipping-taxable","12":"purchasable","13":"product-type-simple"},"acf":[],"_links":{"self":[{"href":"https:\/\/cosyowl.com\/de\/wp-json\/wp\/v2\/product\/19127","targetHints":{"allow":["GET"]}}],"collection":[{"href":"https:\/\/cosyowl.com\/de\/wp-json\/wp\/v2\/product"}],"about":[{"href":"https:\/\/cosyowl.com\/de\/wp-json\/wp\/v2\/types\/product"}],"replies":[{"embeddable":true,"href":"https:\/\/cosyowl.com\/de\/wp-json\/wp\/v2\/comments?post=19127"}],"wp:featuredmedia":[{"embeddable":true,"href":"https:\/\/cosyowl.com\/de\/wp-json\/wp\/v2\/media\/19128"}],"wp:attachment":[{"href":"https:\/\/cosyowl.com\/de\/wp-json\/wp\/v2\/media?parent=19127"}],"wp:term":[{"taxonomy":"product_brand","embeddable":true,"href":"https:\/\/cosyowl.com\/de\/wp-json\/wp\/v2\/product_brand?post=19127"},{"taxonomy":"product_cat","embeddable":true,"href":"https:\/\/cosyowl.com\/de\/wp-json\/wp\/v2\/product_cat?post=19127"},{"taxonomy":"product_tag","embeddable":true,"href":"https:\/\/cosyowl.com\/de\/wp-json\/wp\/v2\/product_tag?post=19127"}],"curies":[{"name":"wp","href":"https:\/\/api.w.org\/{rel}","templated":true}]}}