{"id":19107,"date":"2022-02-01T13:54:34","date_gmt":"2022-02-01T13:54:34","guid":{"rendered":"https:\/\/cosyowl.com\/de\/?post_type=product&#038;p=19107"},"modified":"2026-03-03T17:25:34","modified_gmt":"2026-03-03T17:25:34","slug":"kit-zum-herstellen-von-schneeflocken-wachsschmelzen","status":"publish","type":"product","link":"https:\/\/cosyowl.com\/de\/bastelsets\/kit-zur-herstellung-von-wachsschmelzen\/schneeflocken-wachs-schmelze-herstellungsset","title":{"rendered":"Kit zum Herstellen von Schneeflocken-Wachsschmelzen"},"content":{"rendered":"<p><strong>Kit zum Herstellen von Schneeflocken-Wachsschmelzen<\/strong><\/p>\n<p>Unsere Wax Melt Kits sind der perfekte Kauf f\u00fcr alle, die kreativ werden und ihre eigenen Wax Melts herstellen m\u00f6chten. Mit diesem Kit haben Sie alles, was Sie brauchen, um eine Vielzahl von unterschiedlich geformten Wachsschmelzen herzustellen.<\/p>\n<p><strong>In Ihrem Kit enthalten:<\/strong><\/p>\n<ul>\n<li>Schneeflocken-Duft\u00f6l \u2013 50ml<\/li>\n<li>25 g \u2013 Silbersatiniertes Glimmerpulver<\/li>\n<li>3g &#8211; Bekro Grauer Farbstoff<\/li>\n<li>350g &#8211; S\u00e4ulenwachs<\/li>\n<li>1x Muschelschale, 1x Herzmuschelschale, 1x Sternmuschelschale, 1x Deli Pot.<\/li>\n<li>1 Schritt-f\u00fcr-Schritt-Anleitung<\/li>\n<\/ul>\n<p>Unser\u00a0<strong>Schneeflocken-Duft\u00f6l<\/strong>\u00a0kreiert ein frisches Blumenbouquet mit\u00a0<strong>Kr\u00e4uterminze und Zitrus<\/strong>\u00a0Kopfnoten auf einem Herz aus\u00a0<strong>gr\u00fcnem Apfel, weicher Jasmin und Rosenbl\u00fctenblatt<\/strong>\u00a0unterst\u00fctzt von einer Basis aus\u00a0<strong>H\u00f6lzern und Moschus.<\/strong><\/p>\n<p>Wir sind stolz darauf, die hochwertigsten auf dem Markt erh\u00e4ltlichen Zutaten f\u00fcr die Herstellung der perfekten Wax Melts zu Hause bereitzustellen. Unsere Kits sind perfekt f\u00fcr Anf\u00e4nger und diejenigen, die die Fertigkeit bereits beherrschen, also schnapp dir deine Sch\u00fcrze und lass uns basteln.<\/p>\n","protected":false},"excerpt":{"rendered":"<p>Kit zum Herstellen von Schneeflocken-Wachsschmelzen Unsere Wax Melt Kits sind der perfekte Kauf f\u00fcr alle, die kreativ werden und ihre eigenen Wax Melts herstellen m\u00f6chten. Mit diesem Kit haben Sie alles, was Sie brauchen, um eine Vielzahl von unterschiedlich geformten Wachsschmelzen herzustellen. In Ihrem Kit enthalten: Schneeflocken-Duft\u00f6l \u2013 50ml 25 g \u2013 Silbersatiniertes Glimmerpulver 3g [&hellip;]<\/p>\n","protected":false},"featured_media":19108,"comment_status":"open","ping_status":"closed","template":"","meta":{"_acf_changed":false},"product_brand":[],"product_cat":[302],"product_tag":[],"class_list":{"0":"post-19107","1":"product","2":"type-product","3":"status-publish","4":"has-post-thumbnail","6":"product_cat-wachs-melts-bausatze","8":"first","9":"instock","10":"taxable","11":"shipping-taxable","12":"purchasable","13":"product-type-simple"},"acf":[],"_links":{"self":[{"href":"https:\/\/cosyowl.com\/de\/wp-json\/wp\/v2\/product\/19107","targetHints":{"allow":["GET"]}}],"collection":[{"href":"https:\/\/cosyowl.com\/de\/wp-json\/wp\/v2\/product"}],"about":[{"href":"https:\/\/cosyowl.com\/de\/wp-json\/wp\/v2\/types\/product"}],"replies":[{"embeddable":true,"href":"https:\/\/cosyowl.com\/de\/wp-json\/wp\/v2\/comments?post=19107"}],"wp:featuredmedia":[{"embeddable":true,"href":"https:\/\/cosyowl.com\/de\/wp-json\/wp\/v2\/media\/19108"}],"wp:attachment":[{"href":"https:\/\/cosyowl.com\/de\/wp-json\/wp\/v2\/media?parent=19107"}],"wp:term":[{"taxonomy":"product_brand","embeddable":true,"href":"https:\/\/cosyowl.com\/de\/wp-json\/wp\/v2\/product_brand?post=19107"},{"taxonomy":"product_cat","embeddable":true,"href":"https:\/\/cosyowl.com\/de\/wp-json\/wp\/v2\/product_cat?post=19107"},{"taxonomy":"product_tag","embeddable":true,"href":"https:\/\/cosyowl.com\/de\/wp-json\/wp\/v2\/product_tag?post=19107"}],"curies":[{"name":"wp","href":"https:\/\/api.w.org\/{rel}","templated":true}]}}