{"id":19102,"date":"2022-02-01T13:47:53","date_gmt":"2022-02-01T13:47:53","guid":{"rendered":"https:\/\/cosyowl.com\/de\/?post_type=product&#038;p=19102"},"modified":"2026-03-03T17:25:34","modified_gmt":"2026-03-03T17:25:34","slug":"kit-zum-schmelzen-von-gesalzenem-grapefruitwachs","status":"publish","type":"product","link":"https:\/\/cosyowl.com\/de\/bastelsets\/kit-zur-herstellung-von-wachsschmelzen\/gesalzene-grapefruit-wachs-schmelze-herstellungsset","title":{"rendered":"Kit zum Schmelzen von gesalzenem Grapefruitwachs"},"content":{"rendered":"<p><strong>Set zum Schmelzen von gesalzenem Grapefruitwachs<\/strong><\/p>\n<p>Unsere Wax Melt Kits sind der perfekte Kauf f\u00fcr alle, die kreativ werden und ihre eigenen Wax Melts herstellen m\u00f6chten. Mit diesem Kit haben Sie alles, was Sie brauchen, um eine Vielzahl von unterschiedlich geformten Wachsschmelzen herzustellen.<\/p>\n<p><strong>In Ihrem Kit enthalten:<\/strong><\/p>\n<ul>\n<li>Gesalzenes Grapefruit-Duft\u00f6l \u2013 50ml<\/li>\n<li>25 g \u2013 Safran-Glimmerpulver<\/li>\n<li>3g &#8211; Bekro Orangen-Farbstoff<\/li>\n<li>350g &#8211; S\u00e4ulenwachs<\/li>\n<li>1x Muschelschale, 1x Herzmuschelschale, 1x Sternmuschelschale, 1x Deli Pot.<\/li>\n<li>1 Schritt-f\u00fcr-Schritt-Anleitung<\/li>\n<\/ul>\n<p>Unser\u00a0<strong>Gesalzenes Grapefruit-Duft\u00f6l<\/strong>\u00a0wurde speziell entwickelt, um den bekannten und beliebten fruchtigen und spritzigen Duft hervorzurufen, der mit der gew\u00f6hnlichen Grapefruit verbunden ist, und verstr\u00f6mt zun\u00e4chst einen starken und markanten Geruch, der mit &lt; stark&gt;\u00a0Meersalz, rosa Grapefruit, rosa Ingwer, Apfel- und Zitronenschale. Dieses Aroma ist am st\u00e4rksten ausgepr\u00e4gt, wenn Ihre Kerze zu brennen beginnt und Ihren Raum mit einem Duft erf\u00fcllt, der dann durch leichte Untert\u00f6ne von\u00a0<strong>\u00a0Maiggl\u00f6ckchen, schwarzem Pfeffer, Geranie und Muskatellersalbei<\/strong>\u00a0verst\u00e4rkt wird. In die Formulierung dieses unverwechselbaren Duftes ist ein herrlicher Nachgeschmack von\u00a0<strong>Bernstein, Zeder und Vanilleschote<\/strong>\u00a0integriert.<\/p>\n<p>Wir sind stolz darauf, die hochwertigsten auf dem Markt erh\u00e4ltlichen Zutaten f\u00fcr die Herstellung der perfekten Wax Melts zu Hause bereitzustellen. Unsere Kits sind perfekt f\u00fcr Anf\u00e4nger und diejenigen, die die Fertigkeit bereits beherrschen, also schnapp dir deine Sch\u00fcrze und lass uns basteln.<\/p>\n","protected":false},"excerpt":{"rendered":"<p>Set zum Schmelzen von gesalzenem Grapefruitwachs Unsere Wax Melt Kits sind der perfekte Kauf f\u00fcr alle, die kreativ werden und ihre eigenen Wax Melts herstellen m\u00f6chten. Mit diesem Kit haben Sie alles, was Sie brauchen, um eine Vielzahl von unterschiedlich geformten Wachsschmelzen herzustellen. In Ihrem Kit enthalten: Gesalzenes Grapefruit-Duft\u00f6l \u2013 50ml 25 g \u2013 Safran-Glimmerpulver [&hellip;]<\/p>\n","protected":false},"featured_media":19104,"comment_status":"open","ping_status":"closed","template":"","meta":{"_acf_changed":false},"product_brand":[],"product_cat":[302],"product_tag":[],"class_list":{"0":"post-19102","1":"product","2":"type-product","3":"status-publish","4":"has-post-thumbnail","6":"product_cat-wachs-melts-bausatze","8":"first","9":"instock","10":"taxable","11":"shipping-taxable","12":"purchasable","13":"product-type-simple"},"acf":[],"_links":{"self":[{"href":"https:\/\/cosyowl.com\/de\/wp-json\/wp\/v2\/product\/19102","targetHints":{"allow":["GET"]}}],"collection":[{"href":"https:\/\/cosyowl.com\/de\/wp-json\/wp\/v2\/product"}],"about":[{"href":"https:\/\/cosyowl.com\/de\/wp-json\/wp\/v2\/types\/product"}],"replies":[{"embeddable":true,"href":"https:\/\/cosyowl.com\/de\/wp-json\/wp\/v2\/comments?post=19102"}],"wp:featuredmedia":[{"embeddable":true,"href":"https:\/\/cosyowl.com\/de\/wp-json\/wp\/v2\/media\/19104"}],"wp:attachment":[{"href":"https:\/\/cosyowl.com\/de\/wp-json\/wp\/v2\/media?parent=19102"}],"wp:term":[{"taxonomy":"product_brand","embeddable":true,"href":"https:\/\/cosyowl.com\/de\/wp-json\/wp\/v2\/product_brand?post=19102"},{"taxonomy":"product_cat","embeddable":true,"href":"https:\/\/cosyowl.com\/de\/wp-json\/wp\/v2\/product_cat?post=19102"},{"taxonomy":"product_tag","embeddable":true,"href":"https:\/\/cosyowl.com\/de\/wp-json\/wp\/v2\/product_tag?post=19102"}],"curies":[{"name":"wp","href":"https:\/\/api.w.org\/{rel}","templated":true}]}}