{"id":19065,"date":"2022-01-27T15:24:25","date_gmt":"2022-01-27T15:24:25","guid":{"rendered":"https:\/\/cosyowl.com\/de\/?post_type=product&#038;p=19065"},"modified":"2026-03-03T17:25:34","modified_gmt":"2026-03-03T17:25:34","slug":"kerzenbehalter-aus-glas-20cl-karen-rund","status":"publish","type":"product","link":"https:\/\/cosyowl.com\/de\/de\/glasbehlter-200ml-karen-rund","title":{"rendered":"Kerzenbeh\u00e4lter aus Glas &#8211; 20cl Karen rund"},"content":{"rendered":"<p>Dies ist ein stark hitzebest\u00e4ndiger Glasbeh\u00e4lter, der zur Herstellung mittelgro\u00dfer Kerzen geeignet ist. Nutzen Sie unsere Duft\u00f6le, um ein gewaltiges Aroma zu kreieren und die Empfindung zu steigern. Dieser Glasbeh\u00e4lter fasst 200ml Kerzenwachs.<\/p>\n<p><strong>Gr\u00f6\u00dfe &#8211;\u00a0<\/strong>Durchmesser: 70mm H\u00f6he: 84mm<\/p>\n<p>Beachten Sie, dass Sie Ihren Glasbeh\u00e4lter auf ca. 45\u00b0C vorheizen m\u00fcssen kann dazu beitragen, die Wahrscheinlichkeit zu verringern, dass sich bei der Erstarrung der Kerze Fehler in der Kerze bilden.<\/p>\n","protected":false},"excerpt":{"rendered":"<p>Dies ist ein stark hitzebest\u00e4ndiger Glasbeh\u00e4lter, der zur Herstellung mittelgro\u00dfer Kerzen geeignet ist. Nutzen Sie unsere Duft\u00f6le, um ein gewaltiges Aroma zu kreieren und die Empfindung zu steigern. Dieser Glasbeh\u00e4lter fasst 200ml Kerzenwachs. Gr\u00f6\u00dfe &#8211;\u00a0Durchmesser: 70mm H\u00f6he: 84mm Beachten Sie, dass Sie Ihren Glasbeh\u00e4lter auf ca. 45\u00b0C vorheizen m\u00fcssen kann dazu beitragen, die Wahrscheinlichkeit zu [&hellip;]<\/p>\n","protected":false},"featured_media":24751,"comment_status":"open","ping_status":"closed","template":"","meta":{"_acf_changed":false},"product_brand":[],"product_cat":[122],"product_tag":[],"class_list":{"0":"post-19065","1":"product","2":"type-product","3":"status-publish","4":"has-post-thumbnail","6":"product_cat-kerzenglaser","8":"first","9":"instock","10":"sold-individually","11":"taxable","12":"shipping-taxable","13":"purchasable","14":"product-type-simple"},"acf":[],"_links":{"self":[{"href":"https:\/\/cosyowl.com\/de\/wp-json\/wp\/v2\/product\/19065","targetHints":{"allow":["GET"]}}],"collection":[{"href":"https:\/\/cosyowl.com\/de\/wp-json\/wp\/v2\/product"}],"about":[{"href":"https:\/\/cosyowl.com\/de\/wp-json\/wp\/v2\/types\/product"}],"replies":[{"embeddable":true,"href":"https:\/\/cosyowl.com\/de\/wp-json\/wp\/v2\/comments?post=19065"}],"wp:featuredmedia":[{"embeddable":true,"href":"https:\/\/cosyowl.com\/de\/wp-json\/wp\/v2\/media\/24751"}],"wp:attachment":[{"href":"https:\/\/cosyowl.com\/de\/wp-json\/wp\/v2\/media?parent=19065"}],"wp:term":[{"taxonomy":"product_brand","embeddable":true,"href":"https:\/\/cosyowl.com\/de\/wp-json\/wp\/v2\/product_brand?post=19065"},{"taxonomy":"product_cat","embeddable":true,"href":"https:\/\/cosyowl.com\/de\/wp-json\/wp\/v2\/product_cat?post=19065"},{"taxonomy":"product_tag","embeddable":true,"href":"https:\/\/cosyowl.com\/de\/wp-json\/wp\/v2\/product_tag?post=19065"}],"curies":[{"name":"wp","href":"https:\/\/api.w.org\/{rel}","templated":true}]}}