{"id":11314,"date":"2021-08-20T16:21:10","date_gmt":"2021-08-20T15:21:10","guid":{"rendered":"https:\/\/cosyowl.com\/de\/?post_type=product&#038;p=11314"},"modified":"2026-03-03T17:25:34","modified_gmt":"2026-03-03T17:25:34","slug":"kerzenbehalter-aus-glas-30cl-karen-rund-mattweis-12er-pack","status":"publish","type":"product","link":"https:\/\/cosyowl.com\/de\/kerzenherstellung-lieferungen\/kerzenbehalter\/kerzenglaser\/glasbehalter-300ml-karen-rund-matt-weiss","title":{"rendered":"Kerzenbeh\u00e4lter aus Glas &#8211; 30cl Karen rund &#8211; Mattwei\u00df &#8211; 12er-Pack"},"content":{"rendered":"<p>Dies ist ein stabiler hitzebest\u00e4ndiger Glasbeh\u00e4lter geeignet zur Herstellung von gro\u00dfen Kerzen. Kreieren Sie mithilfe unserer Duft\u00f6le ein unglaubliches Aroma, um die Sinneswahrnehmung zu verst\u00e4rken. Dieser Glasbeh\u00e4lter kann 300ml Kerzenwachs fassen.<\/p>\n<p><strong>Gr\u00f6\u00dfe &#8211; <\/strong> Durchmesser: 81mm H\u00f6he: 93mm<\/p>\n<p>Bitte beachten Sie, dass vorheriges Aufw\u00e4rmen Ihres Glasbeh\u00e4lters auf etwa 45\u00b0C das Auftreten m\u00f6glicher Defekte w\u00e4hrend der Kerzenaush\u00e4rtung reduzieren kann.<\/p>\n<p>Die \u00e4u\u00dfere Farbe des Glasbeh\u00e4lters ist matt wei\u00df.<\/p>\n","protected":false},"excerpt":{"rendered":"<p>Dies ist ein stabiler hitzebest\u00e4ndiger Glasbeh\u00e4lter geeignet zur Herstellung von gro\u00dfen Kerzen. Kreieren Sie mithilfe unserer Duft\u00f6le ein unglaubliches Aroma, um die Sinneswahrnehmung zu verst\u00e4rken. Dieser Glasbeh\u00e4lter kann 300ml Kerzenwachs fassen. Gr\u00f6\u00dfe &#8211; Durchmesser: 81mm H\u00f6he: 93mm Bitte beachten Sie, dass vorheriges Aufw\u00e4rmen Ihres Glasbeh\u00e4lters auf etwa 45\u00b0C das Auftreten m\u00f6glicher Defekte w\u00e4hrend der Kerzenaush\u00e4rtung [&hellip;]<\/p>\n","protected":false},"featured_media":11083,"comment_status":"open","ping_status":"closed","template":"","meta":{"_acf_changed":false},"product_brand":[],"product_cat":[122],"product_tag":[],"class_list":{"0":"post-11314","1":"product","2":"type-product","3":"status-publish","4":"has-post-thumbnail","6":"product_cat-kerzenglaser","8":"first","9":"outofstock","10":"taxable","11":"shipping-taxable","12":"purchasable","13":"product-type-simple"},"acf":[],"_links":{"self":[{"href":"https:\/\/cosyowl.com\/de\/wp-json\/wp\/v2\/product\/11314","targetHints":{"allow":["GET"]}}],"collection":[{"href":"https:\/\/cosyowl.com\/de\/wp-json\/wp\/v2\/product"}],"about":[{"href":"https:\/\/cosyowl.com\/de\/wp-json\/wp\/v2\/types\/product"}],"replies":[{"embeddable":true,"href":"https:\/\/cosyowl.com\/de\/wp-json\/wp\/v2\/comments?post=11314"}],"wp:featuredmedia":[{"embeddable":true,"href":"https:\/\/cosyowl.com\/de\/wp-json\/wp\/v2\/media\/11083"}],"wp:attachment":[{"href":"https:\/\/cosyowl.com\/de\/wp-json\/wp\/v2\/media?parent=11314"}],"wp:term":[{"taxonomy":"product_brand","embeddable":true,"href":"https:\/\/cosyowl.com\/de\/wp-json\/wp\/v2\/product_brand?post=11314"},{"taxonomy":"product_cat","embeddable":true,"href":"https:\/\/cosyowl.com\/de\/wp-json\/wp\/v2\/product_cat?post=11314"},{"taxonomy":"product_tag","embeddable":true,"href":"https:\/\/cosyowl.com\/de\/wp-json\/wp\/v2\/product_tag?post=11314"}],"curies":[{"name":"wp","href":"https:\/\/api.w.org\/{rel}","templated":true}]}}