{"id":11294,"date":"2021-08-20T15:56:09","date_gmt":"2021-08-20T14:56:09","guid":{"rendered":"https:\/\/cosyowl.com\/de\/?post_type=product&#038;p=11294"},"modified":"2026-03-03T17:25:35","modified_gmt":"2026-03-03T17:25:35","slug":"holzdocht-zentrierstab-12cm","status":"publish","type":"product","link":"https:\/\/cosyowl.com\/de\/holzdocht-zentrierstab-12cm","title":{"rendered":"Holzdocht-Zentrierstab 12cm"},"content":{"rendered":"<p>Ein Dochtzentrierwerkzeug ist ein sehr einfaches Ger\u00e4t, das Ihren Kerzendocht an Ort und Stelle h\u00e4lt. Dieser wird oben auf Ihre Kerzens\u00e4ule, T-Lichter oder einen anderen Beh\u00e4lter gelegt, um den Docht in der Mitte zu halten.<\/p>\n<p>Erh\u00e4ltlich in Packungen mit 10, 50 oder 250 St\u00fcck.<\/p>\n","protected":false},"excerpt":{"rendered":"<p>Ein Dochtzentrierwerkzeug ist ein sehr einfaches Ger\u00e4t, das Ihren Kerzendocht an Ort und Stelle h\u00e4lt. Dieser wird oben auf Ihre Kerzens\u00e4ule, T-Lichter oder einen anderen Beh\u00e4lter gelegt, um den Docht in der Mitte zu halten. Erh\u00e4ltlich in Packungen mit 10, 50 oder 250 St\u00fcck.<\/p>\n","protected":false},"featured_media":11296,"comment_status":"open","ping_status":"closed","template":"","meta":{"_acf_changed":false},"product_brand":[],"product_cat":[127],"product_tag":[],"class_list":{"0":"post-11294","1":"product","2":"type-product","3":"status-publish","4":"has-post-thumbnail","6":"product_cat-extras","8":"first","9":"outofstock","10":"taxable","11":"shipping-taxable","12":"purchasable","13":"product-type-variable"},"acf":[],"_links":{"self":[{"href":"https:\/\/cosyowl.com\/de\/wp-json\/wp\/v2\/product\/11294","targetHints":{"allow":["GET"]}}],"collection":[{"href":"https:\/\/cosyowl.com\/de\/wp-json\/wp\/v2\/product"}],"about":[{"href":"https:\/\/cosyowl.com\/de\/wp-json\/wp\/v2\/types\/product"}],"replies":[{"embeddable":true,"href":"https:\/\/cosyowl.com\/de\/wp-json\/wp\/v2\/comments?post=11294"}],"wp:featuredmedia":[{"embeddable":true,"href":"https:\/\/cosyowl.com\/de\/wp-json\/wp\/v2\/media\/11296"}],"wp:attachment":[{"href":"https:\/\/cosyowl.com\/de\/wp-json\/wp\/v2\/media?parent=11294"}],"wp:term":[{"taxonomy":"product_brand","embeddable":true,"href":"https:\/\/cosyowl.com\/de\/wp-json\/wp\/v2\/product_brand?post=11294"},{"taxonomy":"product_cat","embeddable":true,"href":"https:\/\/cosyowl.com\/de\/wp-json\/wp\/v2\/product_cat?post=11294"},{"taxonomy":"product_tag","embeddable":true,"href":"https:\/\/cosyowl.com\/de\/wp-json\/wp\/v2\/product_tag?post=11294"}],"curies":[{"name":"wp","href":"https:\/\/api.w.org\/{rel}","templated":true}]}}