{"id":11288,"date":"2021-08-20T15:49:44","date_gmt":"2021-08-20T14:49:44","guid":{"rendered":"https:\/\/cosyowl.com\/de\/?post_type=product&#038;p=11288"},"modified":"2026-03-03T17:25:35","modified_gmt":"2026-03-03T17:25:35","slug":"ruhrstabchen-aus-holz-18cm","status":"publish","type":"product","link":"https:\/\/cosyowl.com\/de\/ruhrstabchen-aus-holz-18cm","title":{"rendered":"R\u00fchrst\u00e4bchen aus Holz 18cm"},"content":{"rendered":"<p>Ein R\u00fchrstab aus Holz, perfekt zum Mischen von Wachs, Seife und \u00d6len.<\/p>\n<p>Erh\u00e4ltlich in Packungen mit 10, 50 und 250<\/p>\n","protected":false},"excerpt":{"rendered":"<p>Ein R\u00fchrstab aus Holz, perfekt zum Mischen von Wachs, Seife und \u00d6len. Erh\u00e4ltlich in Packungen mit 10, 50 und 250<\/p>\n","protected":false},"featured_media":11293,"comment_status":"open","ping_status":"closed","template":"","meta":{"_acf_changed":false},"product_brand":[],"product_cat":[127],"product_tag":[],"class_list":{"0":"post-11288","1":"product","2":"type-product","3":"status-publish","4":"has-post-thumbnail","6":"product_cat-extras","8":"first","9":"outofstock","10":"taxable","11":"shipping-taxable","12":"purchasable","13":"product-type-variable"},"acf":[],"_links":{"self":[{"href":"https:\/\/cosyowl.com\/de\/wp-json\/wp\/v2\/product\/11288","targetHints":{"allow":["GET"]}}],"collection":[{"href":"https:\/\/cosyowl.com\/de\/wp-json\/wp\/v2\/product"}],"about":[{"href":"https:\/\/cosyowl.com\/de\/wp-json\/wp\/v2\/types\/product"}],"replies":[{"embeddable":true,"href":"https:\/\/cosyowl.com\/de\/wp-json\/wp\/v2\/comments?post=11288"}],"wp:featuredmedia":[{"embeddable":true,"href":"https:\/\/cosyowl.com\/de\/wp-json\/wp\/v2\/media\/11293"}],"wp:attachment":[{"href":"https:\/\/cosyowl.com\/de\/wp-json\/wp\/v2\/media?parent=11288"}],"wp:term":[{"taxonomy":"product_brand","embeddable":true,"href":"https:\/\/cosyowl.com\/de\/wp-json\/wp\/v2\/product_brand?post=11288"},{"taxonomy":"product_cat","embeddable":true,"href":"https:\/\/cosyowl.com\/de\/wp-json\/wp\/v2\/product_cat?post=11288"},{"taxonomy":"product_tag","embeddable":true,"href":"https:\/\/cosyowl.com\/de\/wp-json\/wp\/v2\/product_tag?post=11288"}],"curies":[{"name":"wp","href":"https:\/\/api.w.org\/{rel}","templated":true}]}}