{"id":10916,"date":"1970-01-01T00:00:00","date_gmt":"1969-12-31T23:00:00","guid":{"rendered":"https:\/\/cosyowl.com\/de\/?post_type=product&#038;p=10916"},"modified":"2026-03-03T17:25:32","modified_gmt":"2026-03-03T17:25:32","slug":"naturliche-wachse-soyaluna-melt-pillar-wax","status":"publish","type":"product","link":"https:\/\/cosyowl.com\/de\/kerzenherstellung-lieferungen\/kerzenwachse\/sojawachs-kaufen\/naturliche-wachse-soyaluna-melt-pillar-wax","title":{"rendered":"Nat\u00fcrliche Wachse Soyaluna Melt\/Pillar Wax"},"content":{"rendered":"<p>Natural Waxes Soyaluna Melt\/Pillar Wax ist ein luxuri\u00f6ses Wachs, das von Kerzenmachern f\u00fcr Kerzenmacher hergestellt wird.<\/p>\n<p>Diese Sojawachsmischung wurde f\u00fcr die Verwendung bei der Herstellung von Stumpenwachskerzen und Wachsschmelzen entwickelt. Sojawachs ist eine Sojamischung und wurde speziell als einfach zu verwendendes Sojawachs f\u00fcr den Kerzenhersteller zu Hause entwickelt. Es wird in Form von wei\u00dfen Pellets geliefert, wodurch es leicht in einem Wasserbad oder Wasserbad geschmolzen werden kann.<\/p>\n<p>Der Duft einer Kerze ist genauso wichtig wie ihr Licht. Soyaluna ist als fertige Wachsmischung formuliert und f\u00fcr die Zugabe von Duft- und Farbstoffen geeignet.<\/p>\n<p>Das Wachs bietet einen gro\u00dfartigen warmen und kalten Duft\u00fcberwurf, sodass der von Ihnen gew\u00e4hlte Duft den Raum auf nat\u00fcrliche Weise erf\u00fcllt. Es ist kein weiteres Mischen oder Hinzuf\u00fcgen anderer Zusatzstoffe au\u00dfer Farbstoffen erforderlich. Sein wei\u00dfes Erscheinungsbild bedeutet, dass keine zus\u00e4tzlichen wei\u00dfen Farbstoffe erforderlich sind, es sei denn, es wird durch dunkle, schwere D\u00fcfte beeintr\u00e4chtigt. Alle unsere D\u00fcfte und Farbstoffe k\u00f6nnen problemlos mit unseren Wachsen kombiniert werden, um eine nahtlose Mischung aus wundersch\u00f6nen Farben zu schaffen.<\/p>\n<p>Es ist ratsam, das Wachs nicht \u00fcber 90\u00b0C zu erhitzen oder \u00fcber einen l\u00e4ngeren Zeitraum zu erhitzen, um eine Verf\u00e4rbung\/Besch\u00e4digung des Wachses zu vermeiden. Wachse sollten an einem k\u00fchlen, trockenen Ort fern von direkter Hitze, Sonnenlicht und Feuchtigkeit gelagert werden.<\/p>\n<p>Wir empfehlen bei diesem Wachs eine Duftbeladung von 6-10%.<\/p>\n<p>Stellen Sie sicher, dass die Formen sauber und frei von Verunreinigungen sind. Das Vorw\u00e4rmen Ihrer Formen verbessert die Haftung und hilft, Frostbildung zu vermeiden.<\/p>\n<p>Wir empfehlen, dieses S\u00e4ulenwachs je nach Form bei 75\u00b0C zu gie\u00dfen und das Wachs langsam bei Raumtemperatur abzuk\u00fchlen. Vermeiden Sie kalte Oberfl\u00e4chen und Zugluft, w\u00e4hrend das Wachs abbindet.<\/p>\n<p>Soyaluna Pillar Wax\u00a0ist biologisch abbaubar und f\u00fcr Veganer geeignet. Bei der Herstellung dieses Wachses werden keine tierischen Produkte verwendet und w\u00e4hrend des Herstellungsprozesses wurden keine Tierversuche durchgef\u00fchrt.<\/p>\n","protected":false},"excerpt":{"rendered":"<p>Natural Waxes Soyaluna Melt\/Pillar Wax ist ein luxuri\u00f6ses Wachs, das von Kerzenmachern f\u00fcr Kerzenmacher hergestellt wird. Diese Sojawachsmischung wurde f\u00fcr die Verwendung bei der Herstellung von Stumpenwachskerzen und Wachsschmelzen entwickelt. Sojawachs ist eine Sojamischung und wurde speziell als einfach zu verwendendes Sojawachs f\u00fcr den Kerzenhersteller zu Hause entwickelt. Es wird in Form von wei\u00dfen Pellets [&hellip;]<\/p>\n","protected":false},"featured_media":19572,"comment_status":"open","ping_status":"closed","template":"","meta":{"_acf_changed":false},"product_brand":[],"product_cat":[123,89],"product_tag":[],"class_list":{"0":"post-10916","1":"product","2":"type-product","3":"status-publish","4":"has-post-thumbnail","6":"product_cat-kerzenwachs-sojawachs","7":"product_cat-wachs-melts-wachs","9":"first","10":"outofstock","11":"taxable","12":"shipping-taxable","13":"purchasable","14":"product-type-variable"},"acf":[],"_links":{"self":[{"href":"https:\/\/cosyowl.com\/de\/wp-json\/wp\/v2\/product\/10916","targetHints":{"allow":["GET"]}}],"collection":[{"href":"https:\/\/cosyowl.com\/de\/wp-json\/wp\/v2\/product"}],"about":[{"href":"https:\/\/cosyowl.com\/de\/wp-json\/wp\/v2\/types\/product"}],"replies":[{"embeddable":true,"href":"https:\/\/cosyowl.com\/de\/wp-json\/wp\/v2\/comments?post=10916"}],"wp:featuredmedia":[{"embeddable":true,"href":"https:\/\/cosyowl.com\/de\/wp-json\/wp\/v2\/media\/19572"}],"wp:attachment":[{"href":"https:\/\/cosyowl.com\/de\/wp-json\/wp\/v2\/media?parent=10916"}],"wp:term":[{"taxonomy":"product_brand","embeddable":true,"href":"https:\/\/cosyowl.com\/de\/wp-json\/wp\/v2\/product_brand?post=10916"},{"taxonomy":"product_cat","embeddable":true,"href":"https:\/\/cosyowl.com\/de\/wp-json\/wp\/v2\/product_cat?post=10916"},{"taxonomy":"product_tag","embeddable":true,"href":"https:\/\/cosyowl.com\/de\/wp-json\/wp\/v2\/product_tag?post=10916"}],"curies":[{"name":"wp","href":"https:\/\/api.w.org\/{rel}","templated":true}]}}