{"id":10910,"date":"1970-01-01T00:00:00","date_gmt":"1969-12-31T23:00:00","guid":{"rendered":"https:\/\/cosyowl.com\/de\/?post_type=product&#038;p=10910"},"modified":"2026-03-03T17:25:31","modified_gmt":"2026-03-03T17:25:31","slug":"naturliche-wachse-soyaluna-behalterwachs","status":"publish","type":"product","link":"https:\/\/cosyowl.com\/de\/kerzenherstellung-lieferungen\/kerzenwachse\/sojawachs-kaufen\/naturliche-wachse-soyaluna-behalterwachs","title":{"rendered":"Nat\u00fcrliche Wachse Soyaluna Beh\u00e4lterwachs"},"content":{"rendered":"<p><strong>Natural Waxes Soyaluna Container Wax<\/strong>\u00a0ist ein Luxuswachs, das von Kerzenmachern f\u00fcr Kerzenmacher hergestellt wird.<\/p>\n<p>Diese Sojawachsmischung wurde f\u00fcr die Verwendung bei der Herstellung von Beh\u00e4lterwachskerzen entwickelt. Sojawachs ist eine Sojamischung und wurde speziell als einfach zu verwendendes Sojawachs f\u00fcr den Kerzenhersteller zu Hause entwickelt. Es wird in Form von wei\u00dfen Pellets geliefert, wodurch es leicht in einem Wasserbad oder Wasserbad geschmolzen werden kann.<\/p>\n<p>Der Duft einer Kerze ist genauso wichtig wie ihr Licht. Soyaluna wurde als fertige Wachsmischung formuliert und eignet sich f\u00fcr die Zugabe von Duft- und Farbstoffen, die f\u00fcr die gleiche Verwendung bestimmt und \u00f6ll\u00f6slich sind.<\/p>\n<p>Das Wachs bietet einen gro\u00dfartigen warmen und kalten Duft\u00fcberwurf, sodass der von Ihnen gew\u00e4hlte Duft den Raum auf nat\u00fcrliche Weise erf\u00fcllt. Soyalunawachs leidet weniger unter Schwitzen bei Temperaturen bis 35 Grad, im Vergleich zu anderen Wachsen, die manchmal Schwitzen auf der Kerzenoberfl\u00e4che zeigen k\u00f6nnen. Es ist kein weiteres Mischen oder Hinzuf\u00fcgen anderer Zus\u00e4tze au\u00dfer Farbstoffen oder UV erforderlich, wenn Sie dies w\u00fcnschen. Sein wei\u00dfes Erscheinungsbild bedeutet, dass keine zus\u00e4tzlichen wei\u00dfen Farbstoffe erforderlich sind, es sei denn, es wird durch dunkle, schwere D\u00fcfte beeintr\u00e4chtigt. Alle unsere D\u00fcfte und Farbstoffe k\u00f6nnen problemlos mit unseren Wachsen kombiniert werden, um eine nahtlose Mischung aus lebendigen Farben zu schaffen.<\/p>\n<p>Es ist ratsam, das Wachs nicht \u00fcber 90\u00b0C zu erhitzen oder \u00fcber einen l\u00e4ngeren Zeitraum zu erhitzen, um eine Verf\u00e4rbung\/Besch\u00e4digung des Wachses zu vermeiden. Wachse sollten an einem k\u00fchlen, trockenen Ort fern von direkter Hitze, Sonnenlicht und Feuchtigkeit gelagert werden. Beh\u00e4lter sollten f\u00fcr den Gebrauch geeignet und hitzebest\u00e4ndig sein.<\/p>\n<p>Wir empfehlen eine Duftlast von 6-8%, dieses Wachs kann jedoch bis zu 10% aufnehmen.<\/p>\n<p>Stellen Sie sicher, dass die Beh\u00e4lter sauber und frei von Verunreinigungen sind. Beh\u00e4lter sollten mindestens Raumtemperatur haben, um Sprunglinien beim Ausgie\u00dfen zu vermeiden. Das Vorw\u00e4rmen der Beh\u00e4lter auf durchgehend 35 \u00b0C verbessert die Haftung und hilft, Frostbildung zu vermeiden. Versuchen Sie, das Glas zu erhitzen, bevor Sie den Docht einsetzen, um die Dochtbeschichtung nicht zu beeintr\u00e4chtigen.<\/p>\n<p>Unsere empfohlenen Dochte, die f\u00fcr Soyaluna-Wachs geeignet sind, sind unser Eco Wedo-Sortiment und unser Holzdocht-Sortiment.<\/p>\n<p>Wir empfehlen Kerzen im Glas bei 65\u00b0C zu gie\u00dfen und die Kerzen langsam auf Raumtemperatur abzuk\u00fchlen. Vermeiden Sie kalte Oberfl\u00e4chen und Zugluft, wenn die Kerze steht.<\/p>\n<p><strong>Soyaluna Container Wax<\/strong>\u00a0ist biologisch abbaubar und f\u00fcr Veganer geeignet. Bei der Herstellung dieses Wachses werden keine tierischen Produkte verwendet und w\u00e4hrend des Herstellungsprozesses wurden keine Tierversuche durchgef\u00fchrt.<\/p>\n","protected":false},"excerpt":{"rendered":"<p>Natural Waxes Soyaluna Container Wax\u00a0ist ein Luxuswachs, das von Kerzenmachern f\u00fcr Kerzenmacher hergestellt wird. Diese Sojawachsmischung wurde f\u00fcr die Verwendung bei der Herstellung von Beh\u00e4lterwachskerzen entwickelt. Sojawachs ist eine Sojamischung und wurde speziell als einfach zu verwendendes Sojawachs f\u00fcr den Kerzenhersteller zu Hause entwickelt. Es wird in Form von wei\u00dfen Pellets geliefert, wodurch es leicht [&hellip;]<\/p>\n","protected":false},"featured_media":19565,"comment_status":"open","ping_status":"closed","template":"","meta":{"_acf_changed":false},"product_brand":[],"product_cat":[123],"product_tag":[],"class_list":{"0":"post-10910","1":"product","2":"type-product","3":"status-publish","4":"has-post-thumbnail","6":"product_cat-kerzenwachs-sojawachs","8":"first","9":"outofstock","10":"taxable","11":"shipping-taxable","12":"purchasable","13":"product-type-variable"},"acf":[],"_links":{"self":[{"href":"https:\/\/cosyowl.com\/de\/wp-json\/wp\/v2\/product\/10910","targetHints":{"allow":["GET"]}}],"collection":[{"href":"https:\/\/cosyowl.com\/de\/wp-json\/wp\/v2\/product"}],"about":[{"href":"https:\/\/cosyowl.com\/de\/wp-json\/wp\/v2\/types\/product"}],"replies":[{"embeddable":true,"href":"https:\/\/cosyowl.com\/de\/wp-json\/wp\/v2\/comments?post=10910"}],"wp:featuredmedia":[{"embeddable":true,"href":"https:\/\/cosyowl.com\/de\/wp-json\/wp\/v2\/media\/19565"}],"wp:attachment":[{"href":"https:\/\/cosyowl.com\/de\/wp-json\/wp\/v2\/media?parent=10910"}],"wp:term":[{"taxonomy":"product_brand","embeddable":true,"href":"https:\/\/cosyowl.com\/de\/wp-json\/wp\/v2\/product_brand?post=10910"},{"taxonomy":"product_cat","embeddable":true,"href":"https:\/\/cosyowl.com\/de\/wp-json\/wp\/v2\/product_cat?post=10910"},{"taxonomy":"product_tag","embeddable":true,"href":"https:\/\/cosyowl.com\/de\/wp-json\/wp\/v2\/product_tag?post=10910"}],"curies":[{"name":"wp","href":"https:\/\/api.w.org\/{rel}","templated":true}]}}