{"id":10905,"date":"1970-01-01T00:00:00","date_gmt":"1969-12-31T23:00:00","guid":{"rendered":"https:\/\/cosyowl.com\/de\/?post_type=product&#038;p=10905"},"modified":"2026-03-03T17:25:31","modified_gmt":"2026-03-03T17:25:31","slug":"mehrfarbige-kerzendose-150ml-packung-mit-24","status":"publish","type":"product","link":"https:\/\/cosyowl.com\/de\/metallbehalter\/mehrfarbige-kerzendose-150ml","title":{"rendered":"Mehrfarbige Kerzendose &#8211; 150ml &#8211; Packung mit 24"},"content":{"rendered":"<p>Diese interessante Kerzendose ist eine perfekte Erg\u00e4nzung f\u00fcr Ihre Kerzensammlung. Diese Dose fasst 150 ml* Kerzenwachs.<\/p>\n<p><strong>Abmessungen:<\/strong><\/p>\n<p><strong>H\u00f6he<\/strong> &#8211; 50 mm<\/p>\n<p><strong>Durchmesser<\/strong> &#8211; 70 mm<\/p>\n","protected":false},"excerpt":{"rendered":"<p>Diese interessante Kerzendose ist eine perfekte Erg\u00e4nzung f\u00fcr Ihre Kerzensammlung. Diese Dose fasst 150 ml* Kerzenwachs. Abmessungen: H\u00f6he &#8211; 50 mm Durchmesser &#8211; 70 mm<\/p>\n","protected":false},"featured_media":21221,"comment_status":"open","ping_status":"closed","template":"","meta":{"_acf_changed":false},"product_brand":[],"product_cat":[331,438],"product_tag":[],"class_list":{"0":"post-10905","1":"product","2":"type-product","3":"status-publish","4":"has-post-thumbnail","6":"product_cat-haarpflegebedarf-behalter","7":"product_cat-discontinued","9":"first","10":"outofstock","11":"taxable","12":"shipping-taxable","13":"purchasable","14":"product-type-simple"},"acf":[],"_links":{"self":[{"href":"https:\/\/cosyowl.com\/de\/wp-json\/wp\/v2\/product\/10905","targetHints":{"allow":["GET"]}}],"collection":[{"href":"https:\/\/cosyowl.com\/de\/wp-json\/wp\/v2\/product"}],"about":[{"href":"https:\/\/cosyowl.com\/de\/wp-json\/wp\/v2\/types\/product"}],"replies":[{"embeddable":true,"href":"https:\/\/cosyowl.com\/de\/wp-json\/wp\/v2\/comments?post=10905"}],"wp:featuredmedia":[{"embeddable":true,"href":"https:\/\/cosyowl.com\/de\/wp-json\/wp\/v2\/media\/21221"}],"wp:attachment":[{"href":"https:\/\/cosyowl.com\/de\/wp-json\/wp\/v2\/media?parent=10905"}],"wp:term":[{"taxonomy":"product_brand","embeddable":true,"href":"https:\/\/cosyowl.com\/de\/wp-json\/wp\/v2\/product_brand?post=10905"},{"taxonomy":"product_cat","embeddable":true,"href":"https:\/\/cosyowl.com\/de\/wp-json\/wp\/v2\/product_cat?post=10905"},{"taxonomy":"product_tag","embeddable":true,"href":"https:\/\/cosyowl.com\/de\/wp-json\/wp\/v2\/product_tag?post=10905"}],"curies":[{"name":"wp","href":"https:\/\/api.w.org\/{rel}","templated":true}]}}