{"id":10866,"date":"1970-01-01T00:00:00","date_gmt":"1969-12-31T23:00:00","guid":{"rendered":"https:\/\/cosyowl.com\/de\/?post_type=product&#038;p=10866"},"modified":"2026-03-03T17:25:31","modified_gmt":"2026-03-03T17:25:31","slug":"50-mm-reed-diffusor-sicherheitsetikett-klar-schwarzer-text","status":"publish","type":"product","link":"https:\/\/cosyowl.com\/de\/kerzenherstellungszubehr\/50mm-reed-diffusor-sicherheitsetikett-klar-schwarzer-text","title":{"rendered":"50 mm Reed Diffusor Sicherheitsetikett &#8211; Klar \/ Schwarzer Text"},"content":{"rendered":"<p>Unsere Clear Reed Diffuser Sicherheitsetiketten werden mit schwarzer Tinte auf ein transparentes kreisf\u00f6rmiges Etikett gedruckt. Sie haben einen Durchmesser von 50 mm, perfekt f\u00fcr die meisten Anwendungen. Unser Reed-Diffusor-Warnschild enth\u00e4lt alle relevanten Informationen und Warnungen, die Ihre Kunden f\u00fcr den sicheren Umgang mit Ihrem Reed-Diffusor wissen m\u00fcssen.<\/p>\n<p>Wozu dienen Reed-Sicherheitsetiketten?<\/p>\n<p>Wenn Sie Ihre Reed-Diffusoren verkaufen, m\u00fcssen Sie dieses Warnetikett anbringen, um der Allgemeinen Produktsicherheitsverordnung von 2005 zu entsprechen. Diese Etiketten sind so konzipiert, dass sie an der Unterseite Ihres Beh\u00e4lters oder Kartons kleben, um Ihre Einhaltung und Sorgfaltspflicht mit den Vorschriften zu belegen und bieten wertvolle praktische und sicherheitsrelevante Informationen f\u00fcr den Endbenutzer.<\/p>\n<p>Unsere Reed Diffuser Sicherheitsetiketten sind professionell, hochwertig, langlebig, rei\u00dffest, wasserdicht und schmieren und kratzen nicht. Entwickelt f\u00fcr eine lange Lebensdauer und dennoch wirtschaftlich, haben wir diese Etiketten aufgrund ihrer langfristigen Leistungsf\u00e4higkeit ausgew\u00e4hlt.<\/p>\n<p>Lesen Sie mehr \u00fcber die Allgemeine Produktsicherheitsverordnung, um Ihre Pflichten als Kerzenhersteller besser zu verstehen.<\/p>\n<p>Unsere Reed Diffusor-Sicherheitsetiketten werden in einer Rolle zu 10, 50, 100 oder 1000 St\u00fcck geliefert und lassen sich leicht abziehen und anbringen.<\/p>\n","protected":false},"excerpt":{"rendered":"<p>Unsere Clear Reed Diffuser Sicherheitsetiketten werden mit schwarzer Tinte auf ein transparentes kreisf\u00f6rmiges Etikett gedruckt. Sie haben einen Durchmesser von 50 mm, perfekt f\u00fcr die meisten Anwendungen. Unser Reed-Diffusor-Warnschild enth\u00e4lt alle relevanten Informationen und Warnungen, die Ihre Kunden f\u00fcr den sicheren Umgang mit Ihrem Reed-Diffusor wissen m\u00fcssen. Wozu dienen Reed-Sicherheitsetiketten? Wenn Sie Ihre Reed-Diffusoren verkaufen, [&hellip;]<\/p>\n","protected":false},"featured_media":10871,"comment_status":"open","ping_status":"closed","template":"","meta":{"_acf_changed":false},"product_brand":[],"product_cat":[377,308,127],"product_tag":[],"class_list":{"0":"post-10866","1":"product","2":"type-product","3":"status-publish","4":"has-post-thumbnail","6":"product_cat-ausruestung","7":"product_cat-reed-diffusoren-diffusorflasche","8":"product_cat-extras","10":"first","11":"instock","12":"taxable","13":"shipping-taxable","14":"purchasable","15":"product-type-variable"},"acf":[],"_links":{"self":[{"href":"https:\/\/cosyowl.com\/de\/wp-json\/wp\/v2\/product\/10866","targetHints":{"allow":["GET"]}}],"collection":[{"href":"https:\/\/cosyowl.com\/de\/wp-json\/wp\/v2\/product"}],"about":[{"href":"https:\/\/cosyowl.com\/de\/wp-json\/wp\/v2\/types\/product"}],"replies":[{"embeddable":true,"href":"https:\/\/cosyowl.com\/de\/wp-json\/wp\/v2\/comments?post=10866"}],"wp:featuredmedia":[{"embeddable":true,"href":"https:\/\/cosyowl.com\/de\/wp-json\/wp\/v2\/media\/10871"}],"wp:attachment":[{"href":"https:\/\/cosyowl.com\/de\/wp-json\/wp\/v2\/media?parent=10866"}],"wp:term":[{"taxonomy":"product_brand","embeddable":true,"href":"https:\/\/cosyowl.com\/de\/wp-json\/wp\/v2\/product_brand?post=10866"},{"taxonomy":"product_cat","embeddable":true,"href":"https:\/\/cosyowl.com\/de\/wp-json\/wp\/v2\/product_cat?post=10866"},{"taxonomy":"product_tag","embeddable":true,"href":"https:\/\/cosyowl.com\/de\/wp-json\/wp\/v2\/product_tag?post=10866"}],"curies":[{"name":"wp","href":"https:\/\/api.w.org\/{rel}","templated":true}]}}