{"id":10828,"date":"1970-01-01T00:00:00","date_gmt":"1969-12-31T23:00:00","guid":{"rendered":"https:\/\/cosyowl.com\/de\/?post_type=product&#038;p=10828"},"modified":"2026-03-03T17:25:28","modified_gmt":"2026-03-03T17:25:28","slug":"50mm-wachsschmelz-sicherheitsetikett-schwarzer-weiser-text","status":"publish","type":"product","link":"https:\/\/cosyowl.com\/de\/kerzenherstellungszubehr\/wax-melt-safety-label\/50mm-schwarz-weiss-text","title":{"rendered":"50mm &#8211; Wachsschmelz-Sicherheitsetikett &#8211; Schwarzer \/ wei\u00dfer Text"},"content":{"rendered":"<p>Unsere Black Wax Melt Sicherheitsetiketten werden mit wei\u00dfer Tinte auf ein schwarzes kreisf\u00f6rmiges Etikett gedruckt. Sie haben einen Durchmesser von 50 mm, perfekt f\u00fcr die meisten Anwendungen.<\/p>\n<p>Wozu dienen Wachsschmelz-Sicherheitsetiketten?<\/p>\n<p>Wenn Sie Ihre Wachsschmelzen verkaufen, m\u00fcssen Sie dieses Warnetikett anbringen, um der Allgemeinen Produktsicherheitsverordnung von 2005 zu entsprechen. Diese Etiketten sind so konzipiert, dass sie an der Unterseite Ihres Beh\u00e4lters oder Kartons haften, um Ihre Einhaltung und Sorgfaltspflicht mit den Vorschriften zu belegen und bieten wertvolle praktische und sicherheitsrelevante Informationen f\u00fcr den Endbenutzer.<\/p>\n<p>Unsere Wachsschmelz-Sicherheitsetiketten sind professionell, hochwertig, langlebig, rei\u00dffest, wasserdicht und schmieren und kratzen nicht. Entwickelt f\u00fcr eine lange Lebensdauer und dennoch wirtschaftlich, haben wir diese Etiketten aufgrund ihrer langfristigen Leistungsf\u00e4higkeit ausgew\u00e4hlt.<\/p>\n<p>Lesen Sie mehr \u00fcber die Allgemeine Produktsicherheitsverordnung, um Ihre Pflichten als Kerzenhersteller besser zu verstehen.<\/p>\n<p>Unsere Reed Diffusor-Sicherheitsetiketten werden in einer Rolle zu 10, 50, 100 oder 1000 St\u00fcck geliefert und lassen sich leicht abziehen und anbringen.<\/p>\n","protected":false},"excerpt":{"rendered":"<p>Unsere Black Wax Melt Sicherheitsetiketten werden mit wei\u00dfer Tinte auf ein schwarzes kreisf\u00f6rmiges Etikett gedruckt. Sie haben einen Durchmesser von 50 mm, perfekt f\u00fcr die meisten Anwendungen. Wozu dienen Wachsschmelz-Sicherheitsetiketten? Wenn Sie Ihre Wachsschmelzen verkaufen, m\u00fcssen Sie dieses Warnetikett anbringen, um der Allgemeinen Produktsicherheitsverordnung von 2005 zu entsprechen. Diese Etiketten sind so konzipiert, dass sie [&hellip;]<\/p>\n","protected":false},"featured_media":10833,"comment_status":"open","ping_status":"closed","template":"","meta":{"_acf_changed":false},"product_brand":[],"product_cat":[316,127],"product_tag":[],"class_list":{"0":"post-10828","1":"product","2":"type-product","3":"status-publish","4":"has-post-thumbnail","6":"product_cat-wachs-melts-ausrustung","7":"product_cat-extras","9":"first","10":"instock","11":"taxable","12":"shipping-taxable","13":"purchasable","14":"product-type-variable"},"acf":[],"_links":{"self":[{"href":"https:\/\/cosyowl.com\/de\/wp-json\/wp\/v2\/product\/10828","targetHints":{"allow":["GET"]}}],"collection":[{"href":"https:\/\/cosyowl.com\/de\/wp-json\/wp\/v2\/product"}],"about":[{"href":"https:\/\/cosyowl.com\/de\/wp-json\/wp\/v2\/types\/product"}],"replies":[{"embeddable":true,"href":"https:\/\/cosyowl.com\/de\/wp-json\/wp\/v2\/comments?post=10828"}],"wp:featuredmedia":[{"embeddable":true,"href":"https:\/\/cosyowl.com\/de\/wp-json\/wp\/v2\/media\/10833"}],"wp:attachment":[{"href":"https:\/\/cosyowl.com\/de\/wp-json\/wp\/v2\/media?parent=10828"}],"wp:term":[{"taxonomy":"product_brand","embeddable":true,"href":"https:\/\/cosyowl.com\/de\/wp-json\/wp\/v2\/product_brand?post=10828"},{"taxonomy":"product_cat","embeddable":true,"href":"https:\/\/cosyowl.com\/de\/wp-json\/wp\/v2\/product_cat?post=10828"},{"taxonomy":"product_tag","embeddable":true,"href":"https:\/\/cosyowl.com\/de\/wp-json\/wp\/v2\/product_tag?post=10828"}],"curies":[{"name":"wp","href":"https:\/\/api.w.org\/{rel}","templated":true}]}}