{"id":10812,"date":"1970-01-01T00:00:00","date_gmt":"1969-12-31T23:00:00","guid":{"rendered":"https:\/\/cosyowl.com\/de\/?post_type=product&#038;p=10812"},"modified":"2026-03-03T17:25:28","modified_gmt":"2026-03-03T17:25:28","slug":"35mm-kerze-sicherheitsetikett-weiss-schwarzer-text","status":"publish","type":"product","link":"https:\/\/cosyowl.com\/de\/kerzenherstellung-lieferungen\/extras-fur-die-kerzenherstellung\/35mm-kerzensicherheitsetikett-weiss-schwarzer-text","title":{"rendered":"35mm Kerze Sicherheitsetikett &#8211; WEISS \/ Schwarzer Text"},"content":{"rendered":"<p>Unsere wei\u00dfen Kerzensicherheitsetiketten werden mit schwarzer Tinte auf ein wei\u00dfes Rundetikett gedruckt. Sie sehen auf den meisten Kerzenfarben gut aus, professionell und unauff\u00e4llig. Sie haben einen Durchmesser von 35 mm, perfekt f\u00fcr die meisten Anwendungen.<\/p>\n<p>Wozu dienen Kerzensicherheitsetiketten?<\/p>\n<p>Wenn Sie Ihre Kerzen verkaufen, m\u00fcssen Sie dieses Warnetikett anbringen, um der Allgemeinen Produktsicherheitsverordnung von 2005 zu entsprechen. Diese Etiketten sind so konzipiert, dass sie an der Unterseite Ihres Beh\u00e4lters oder Kartons haften, um Ihre Einhaltung und Sorgfaltspflicht mit den Vorschriften zu demonstrieren und bereitzustellen wertvolle Praxis- und Sicherheitsinformationen f\u00fcr den Endverbraucher.<\/p>\n<p>Unsere Kerzensicherheitsetiketten sind professionell, hochwertig, langlebig, rei\u00dffest, wasserdicht und schmieren und kratzen nicht. Entwickelt f\u00fcr eine lange Lebensdauer und dennoch wirtschaftlich, haben wir diese Etiketten aufgrund ihrer langfristigen Leistungsf\u00e4higkeit ausgew\u00e4hlt.<\/p>\n<p>Lesen Sie mehr \u00fcber die Allgemeine Produktsicherheitsverordnung, um Ihre Pflichten als Kerzenhersteller besser zu verstehen.<\/p>\n<p>Unsere wei\u00dfen Sicherheitsetiketten f\u00fcr Kerzen werden in Rollen zu 10, 50, 100 oder 1000 St\u00fcck geliefert und lassen sich leicht abziehen und anbringen.<\/p>\n","protected":false},"excerpt":{"rendered":"<p>Unsere wei\u00dfen Kerzensicherheitsetiketten werden mit schwarzer Tinte auf ein wei\u00dfes Rundetikett gedruckt. Sie sehen auf den meisten Kerzenfarben gut aus, professionell und unauff\u00e4llig. Sie haben einen Durchmesser von 35 mm, perfekt f\u00fcr die meisten Anwendungen. Wozu dienen Kerzensicherheitsetiketten? Wenn Sie Ihre Kerzen verkaufen, m\u00fcssen Sie dieses Warnetikett anbringen, um der Allgemeinen Produktsicherheitsverordnung von 2005 zu [&hellip;]<\/p>\n","protected":false},"featured_media":10813,"comment_status":"open","ping_status":"closed","template":"","meta":{"_acf_changed":false},"product_brand":[],"product_cat":[127],"product_tag":[],"class_list":{"0":"post-10812","1":"product","2":"type-product","3":"status-publish","4":"has-post-thumbnail","6":"product_cat-extras","8":"first","9":"outofstock","10":"taxable","11":"shipping-taxable","12":"purchasable","13":"product-type-variable"},"acf":[],"_links":{"self":[{"href":"https:\/\/cosyowl.com\/de\/wp-json\/wp\/v2\/product\/10812","targetHints":{"allow":["GET"]}}],"collection":[{"href":"https:\/\/cosyowl.com\/de\/wp-json\/wp\/v2\/product"}],"about":[{"href":"https:\/\/cosyowl.com\/de\/wp-json\/wp\/v2\/types\/product"}],"replies":[{"embeddable":true,"href":"https:\/\/cosyowl.com\/de\/wp-json\/wp\/v2\/comments?post=10812"}],"wp:featuredmedia":[{"embeddable":true,"href":"https:\/\/cosyowl.com\/de\/wp-json\/wp\/v2\/media\/10813"}],"wp:attachment":[{"href":"https:\/\/cosyowl.com\/de\/wp-json\/wp\/v2\/media?parent=10812"}],"wp:term":[{"taxonomy":"product_brand","embeddable":true,"href":"https:\/\/cosyowl.com\/de\/wp-json\/wp\/v2\/product_brand?post=10812"},{"taxonomy":"product_cat","embeddable":true,"href":"https:\/\/cosyowl.com\/de\/wp-json\/wp\/v2\/product_cat?post=10812"},{"taxonomy":"product_tag","embeddable":true,"href":"https:\/\/cosyowl.com\/de\/wp-json\/wp\/v2\/product_tag?post=10812"}],"curies":[{"name":"wp","href":"https:\/\/api.w.org\/{rel}","templated":true}]}}