{"id":10746,"date":"1970-01-01T00:00:00","date_gmt":"1969-12-31T23:00:00","guid":{"rendered":"https:\/\/cosyowl.com\/de\/?post_type=product&#038;p=10746"},"modified":"2026-03-03T17:25:26","modified_gmt":"2026-03-03T17:25:26","slug":"silberne-runde-kerzendose-mit-verschweister-seitennaht-100ml-single","status":"publish","type":"product","link":"https:\/\/cosyowl.com\/de\/kerzenherstellung-lieferungen\/kerzenbehalter\/metallbehalter\/silberne-runde-kerzendose-mit-geschweisster-seitennaht-100ml-single","title":{"rendered":"Silberne runde Kerzendose mit verschwei\u00dfter Seitennaht &#8211; 100ml &#8211; Single"},"content":{"rendered":"<p>Dieses Produkt ist eine runde matt-silberne Kerzendose mit silbergl\u00e4nzenden R\u00e4ndern am Boden und oben und unten um den Deckel. Die Kerzendose hat einen abgestuften Boden, einen fest sitzenden St\u00fclpdeckel und ist durch eine verdeckte, solide verschwei\u00dfte Seitennaht verst\u00e4rkt. Unsere Kerzendosen haben \u00e4u\u00dferst wettbewerbsf\u00e4hige Preise und k\u00f6nnen wahrlich jedem Ihrer R\u00e4ume eine besondere Note verleihen.<\/p>\n<p>Unsere Cosy Owl Kerzendosen gibt es in verschiedenen Gr\u00f6\u00dfen und sie sind auch in Wei\u00df oder Rotgold mit goldfarbenen R\u00e4ndern lieferbar.<\/p>\n<p>Gr\u00f6\u00dfe und Volumen:<\/p>\n<ul>\n<li>Volumen: 100ml<\/li>\n<li>Gr\u00f6\u00dfe: 61mm (Durchmesser) x 48mm (H\u00f6he)<\/li>\n<\/ul>\n","protected":false},"excerpt":{"rendered":"<p>Dieses Produkt ist eine runde matt-silberne Kerzendose mit silbergl\u00e4nzenden R\u00e4ndern am Boden und oben und unten um den Deckel. Die Kerzendose hat einen abgestuften Boden, einen fest sitzenden St\u00fclpdeckel und ist durch eine verdeckte, solide verschwei\u00dfte Seitennaht verst\u00e4rkt. Unsere Kerzendosen haben \u00e4u\u00dferst wettbewerbsf\u00e4hige Preise und k\u00f6nnen wahrlich jedem Ihrer R\u00e4ume eine besondere Note verleihen. Unsere [&hellip;]<\/p>\n","protected":false},"featured_media":11152,"comment_status":"open","ping_status":"closed","template":"","meta":{"_acf_changed":false},"product_brand":[],"product_cat":[322,331,96],"product_tag":[],"class_list":{"0":"post-10746","1":"product","2":"type-product","3":"status-publish","4":"has-post-thumbnail","6":"product_cat-koerperpflegebedarf-behalter","7":"product_cat-haarpflegebedarf-behalter","8":"product_cat-metallbehlter","10":"first","11":"instock","12":"sold-individually","13":"taxable","14":"shipping-taxable","15":"purchasable","16":"product-type-simple"},"acf":[],"_links":{"self":[{"href":"https:\/\/cosyowl.com\/de\/wp-json\/wp\/v2\/product\/10746","targetHints":{"allow":["GET"]}}],"collection":[{"href":"https:\/\/cosyowl.com\/de\/wp-json\/wp\/v2\/product"}],"about":[{"href":"https:\/\/cosyowl.com\/de\/wp-json\/wp\/v2\/types\/product"}],"replies":[{"embeddable":true,"href":"https:\/\/cosyowl.com\/de\/wp-json\/wp\/v2\/comments?post=10746"}],"wp:featuredmedia":[{"embeddable":true,"href":"https:\/\/cosyowl.com\/de\/wp-json\/wp\/v2\/media\/11152"}],"wp:attachment":[{"href":"https:\/\/cosyowl.com\/de\/wp-json\/wp\/v2\/media?parent=10746"}],"wp:term":[{"taxonomy":"product_brand","embeddable":true,"href":"https:\/\/cosyowl.com\/de\/wp-json\/wp\/v2\/product_brand?post=10746"},{"taxonomy":"product_cat","embeddable":true,"href":"https:\/\/cosyowl.com\/de\/wp-json\/wp\/v2\/product_cat?post=10746"},{"taxonomy":"product_tag","embeddable":true,"href":"https:\/\/cosyowl.com\/de\/wp-json\/wp\/v2\/product_tag?post=10746"}],"curies":[{"name":"wp","href":"https:\/\/api.w.org\/{rel}","templated":true}]}}