{"id":10066,"date":"2021-09-01T12:54:00","date_gmt":"2021-09-01T11:54:00","guid":{"rendered":"https:\/\/cosyowl.com\/de\/product\/unkategorisiert\/bougeoir-ava-30cl-antique"},"modified":"2026-03-03T17:25:26","modified_gmt":"2026-03-03T17:25:26","slug":"ava-30cl-kerzenbehalter-antik","status":"publish","type":"product","link":"https:\/\/cosyowl.com\/de\/metallbehlter\/ava-30cl","title":{"rendered":"Ava 30cl Kerzenbeh\u00e4lter &#8211; Antik"},"content":{"rendered":"<p>Dies ist ein perfekter Metallbeh\u00e4lter f\u00fcr die Herstellung von Kerzen im antiken Stil. Dieser Beh\u00e4lter bietet Platz f\u00fcr 30 cl Kerzenwachs. &lt;\/ p&gt;<\/p>\n<p><strong> Gr\u00f6\u00dfe: &lt;\/ strong&gt; 78 mm x 75 mm &lt;\/ p&gt;<\/strong><\/p>\n","protected":false},"excerpt":{"rendered":"<p>Dies ist ein perfekter Metallbeh\u00e4lter f\u00fcr die Herstellung von Kerzen im antiken Stil. Dieser Beh\u00e4lter bietet Platz f\u00fcr 30 cl Kerzenwachs. &lt;\/ p&gt; Gr\u00f6\u00dfe: &lt;\/ strong&gt; 78 mm x 75 mm &lt;\/ p&gt;<\/p>\n","protected":false},"featured_media":21212,"comment_status":"open","ping_status":"closed","template":"","meta":{"_acf_changed":false},"product_brand":[],"product_cat":[96],"product_tag":[],"class_list":{"0":"post-10066","1":"product","2":"type-product","3":"status-publish","4":"has-post-thumbnail","6":"product_cat-metallbehlter","8":"first","9":"outofstock","10":"taxable","11":"shipping-taxable","12":"purchasable","13":"product-type-simple"},"acf":[],"_links":{"self":[{"href":"https:\/\/cosyowl.com\/de\/wp-json\/wp\/v2\/product\/10066","targetHints":{"allow":["GET"]}}],"collection":[{"href":"https:\/\/cosyowl.com\/de\/wp-json\/wp\/v2\/product"}],"about":[{"href":"https:\/\/cosyowl.com\/de\/wp-json\/wp\/v2\/types\/product"}],"replies":[{"embeddable":true,"href":"https:\/\/cosyowl.com\/de\/wp-json\/wp\/v2\/comments?post=10066"}],"wp:featuredmedia":[{"embeddable":true,"href":"https:\/\/cosyowl.com\/de\/wp-json\/wp\/v2\/media\/21212"}],"wp:attachment":[{"href":"https:\/\/cosyowl.com\/de\/wp-json\/wp\/v2\/media?parent=10066"}],"wp:term":[{"taxonomy":"product_brand","embeddable":true,"href":"https:\/\/cosyowl.com\/de\/wp-json\/wp\/v2\/product_brand?post=10066"},{"taxonomy":"product_cat","embeddable":true,"href":"https:\/\/cosyowl.com\/de\/wp-json\/wp\/v2\/product_cat?post=10066"},{"taxonomy":"product_tag","embeddable":true,"href":"https:\/\/cosyowl.com\/de\/wp-json\/wp\/v2\/product_tag?post=10066"}],"curies":[{"name":"wp","href":"https:\/\/api.w.org\/{rel}","templated":true}]}}