{"id":10054,"date":"2021-09-01T12:54:00","date_gmt":"2021-09-01T11:54:00","guid":{"rendered":"https:\/\/cosyowl.com\/de\/product\/unkategorisiert\/mini-pot-bougie-10cl-cuivre"},"modified":"2026-03-03T17:25:26","modified_gmt":"2026-03-03T17:25:26","slug":"mini-10cl-kerzenbehalter-kupfer","status":"publish","type":"product","link":"https:\/\/cosyowl.com\/de\/metallbehlter\/100ml-kupfer","title":{"rendered":"Mini 10cl Kerzenbeh\u00e4lter Kupfer"},"content":{"rendered":"<p>Dies ist ein perfekter Metallbeh\u00e4lter, der f\u00fcr die Herstellung von supers\u00fc\u00dfen Kerzen in Minigr\u00f6\u00dfe geeignet ist. Dieser Beh\u00e4lter nimmt 10 cl Kerzenwachs auf. &lt;\/ p&gt;<\/p>\n<p><strong> Gr\u00f6\u00dfe: &lt;\/ strong&gt; 51 mm x 50 mm &lt;\/ p&gt;<\/strong><\/p>\n","protected":false},"excerpt":{"rendered":"<p>Dies ist ein perfekter Metallbeh\u00e4lter, der f\u00fcr die Herstellung von supers\u00fc\u00dfen Kerzen in Minigr\u00f6\u00dfe geeignet ist. Dieser Beh\u00e4lter nimmt 10 cl Kerzenwachs auf. &lt;\/ p&gt; Gr\u00f6\u00dfe: &lt;\/ strong&gt; 51 mm x 50 mm &lt;\/ p&gt;<\/p>\n","protected":false},"featured_media":21205,"comment_status":"open","ping_status":"closed","template":"","meta":{"_acf_changed":false},"product_brand":[],"product_cat":[96],"product_tag":[],"class_list":{"0":"post-10054","1":"product","2":"type-product","3":"status-publish","4":"has-post-thumbnail","6":"product_cat-metallbehlter","8":"first","9":"outofstock","10":"taxable","11":"shipping-taxable","12":"purchasable","13":"product-type-simple"},"acf":[],"_links":{"self":[{"href":"https:\/\/cosyowl.com\/de\/wp-json\/wp\/v2\/product\/10054","targetHints":{"allow":["GET"]}}],"collection":[{"href":"https:\/\/cosyowl.com\/de\/wp-json\/wp\/v2\/product"}],"about":[{"href":"https:\/\/cosyowl.com\/de\/wp-json\/wp\/v2\/types\/product"}],"replies":[{"embeddable":true,"href":"https:\/\/cosyowl.com\/de\/wp-json\/wp\/v2\/comments?post=10054"}],"wp:featuredmedia":[{"embeddable":true,"href":"https:\/\/cosyowl.com\/de\/wp-json\/wp\/v2\/media\/21205"}],"wp:attachment":[{"href":"https:\/\/cosyowl.com\/de\/wp-json\/wp\/v2\/media?parent=10054"}],"wp:term":[{"taxonomy":"product_brand","embeddable":true,"href":"https:\/\/cosyowl.com\/de\/wp-json\/wp\/v2\/product_brand?post=10054"},{"taxonomy":"product_cat","embeddable":true,"href":"https:\/\/cosyowl.com\/de\/wp-json\/wp\/v2\/product_cat?post=10054"},{"taxonomy":"product_tag","embeddable":true,"href":"https:\/\/cosyowl.com\/de\/wp-json\/wp\/v2\/product_tag?post=10054"}],"curies":[{"name":"wp","href":"https:\/\/api.w.org\/{rel}","templated":true}]}}