{"id":10050,"date":"2021-09-01T12:54:00","date_gmt":"2021-09-01T11:54:00","guid":{"rendered":"https:\/\/cosyowl.com\/de\/product\/unkategorisiert\/produkt-14"},"modified":"2026-03-03T17:25:26","modified_gmt":"2026-03-03T17:25:26","slug":"produit-15","status":"publish","type":"product","link":"https:\/\/cosyowl.com\/de\/wachsschmelzform-tiere-24","title":{"rendered":"Wachsschmelzform &#8211; Tiere &#8211; 24"},"content":{"rendered":"<p>Aus dieser Tierform entstehen 8 Enten, 8 Teddyb\u00e4ren und 8 Hasen. Es ist die perfekte Erg\u00e4nzung zu Ihrer Sammlung von Wachsschmelzformen<\/p>\n<p>Ma\u00dfe dieser Form*:<\/p>\n<p>Volle Form (L\u00e4nge x Breite): 225 mm x 140 mm<\/p>\n<p>*Bitte beachten Sie, dass alle Ma\u00dfe ungef\u00e4hr sind.<\/p>\n","protected":false},"excerpt":{"rendered":"<p>Aus dieser Tierform entstehen 8 Enten, 8 Teddyb\u00e4ren und 8 Hasen. Es ist die perfekte Erg\u00e4nzung zu Ihrer Sammlung von Wachsschmelzformen Ma\u00dfe dieser Form*: Volle Form (L\u00e4nge x Breite): 225 mm x 140 mm *Bitte beachten Sie, dass alle Ma\u00dfe ungef\u00e4hr sind.<\/p>\n","protected":false},"featured_media":11332,"comment_status":"open","ping_status":"closed","template":"","meta":{"_acf_changed":false},"product_brand":[],"product_cat":[129,476,363],"product_tag":[],"class_list":{"0":"post-10050","1":"product","2":"type-product","3":"status-publish","4":"has-post-thumbnail","6":"product_cat-wachs-melts-formen","7":"product_cat-ostern","8":"product_cat-sale","10":"first","11":"instock","12":"taxable","13":"shipping-taxable","14":"purchasable","15":"product-type-simple"},"acf":[],"_links":{"self":[{"href":"https:\/\/cosyowl.com\/de\/wp-json\/wp\/v2\/product\/10050","targetHints":{"allow":["GET"]}}],"collection":[{"href":"https:\/\/cosyowl.com\/de\/wp-json\/wp\/v2\/product"}],"about":[{"href":"https:\/\/cosyowl.com\/de\/wp-json\/wp\/v2\/types\/product"}],"replies":[{"embeddable":true,"href":"https:\/\/cosyowl.com\/de\/wp-json\/wp\/v2\/comments?post=10050"}],"wp:featuredmedia":[{"embeddable":true,"href":"https:\/\/cosyowl.com\/de\/wp-json\/wp\/v2\/media\/11332"}],"wp:attachment":[{"href":"https:\/\/cosyowl.com\/de\/wp-json\/wp\/v2\/media?parent=10050"}],"wp:term":[{"taxonomy":"product_brand","embeddable":true,"href":"https:\/\/cosyowl.com\/de\/wp-json\/wp\/v2\/product_brand?post=10050"},{"taxonomy":"product_cat","embeddable":true,"href":"https:\/\/cosyowl.com\/de\/wp-json\/wp\/v2\/product_cat?post=10050"},{"taxonomy":"product_tag","embeddable":true,"href":"https:\/\/cosyowl.com\/de\/wp-json\/wp\/v2\/product_tag?post=10050"}],"curies":[{"name":"wp","href":"https:\/\/api.w.org\/{rel}","templated":true}]}}