{"id":10048,"date":"2021-09-01T12:54:00","date_gmt":"2021-09-01T11:54:00","guid":{"rendered":"https:\/\/cosyowl.com\/de\/product\/unkategorisiert\/produkt-12"},"modified":"2026-03-03T17:25:26","modified_gmt":"2026-03-03T17:25:26","slug":"produit-13","status":"publish","type":"product","link":"https:\/\/cosyowl.com\/de\/wachsschmelzform-herzen-10","title":{"rendered":"Wachsschmelzform &#8211; Herzen &#8211; 10"},"content":{"rendered":"<p>Diese herzf\u00f6rmige Wachsschmelze ist eine niedliche Erg\u00e4nzung zu Ihrer Wachsschmelze-Sammlung. Diese Schmelze ergibt 10 kleinere Herzformen.<\/p>\n<p>Ma\u00dfe dieser Form*:<\/p>\n<p>Vollform (Breite): 153 mm<\/p>\n<p>*Bitte beachten Sie, dass alle Ma\u00dfe ungef\u00e4hr sind.<\/p>\n","protected":false},"excerpt":{"rendered":"<p>Diese herzf\u00f6rmige Wachsschmelze ist eine niedliche Erg\u00e4nzung zu Ihrer Wachsschmelze-Sammlung. Diese Schmelze ergibt 10 kleinere Herzformen. Ma\u00dfe dieser Form*: Vollform (Breite): 153 mm *Bitte beachten Sie, dass alle Ma\u00dfe ungef\u00e4hr sind.<\/p>\n","protected":false},"featured_media":11329,"comment_status":"open","ping_status":"closed","template":"","meta":{"_acf_changed":false},"product_brand":[],"product_cat":[480,129,363],"product_tag":[],"class_list":{"0":"post-10048","1":"product","2":"type-product","3":"status-publish","4":"has-post-thumbnail","6":"product_cat-valentinstag","7":"product_cat-wachs-melts-formen","8":"product_cat-sale","10":"first","11":"outofstock","12":"taxable","13":"shipping-taxable","14":"purchasable","15":"product-type-simple"},"acf":[],"_links":{"self":[{"href":"https:\/\/cosyowl.com\/de\/wp-json\/wp\/v2\/product\/10048","targetHints":{"allow":["GET"]}}],"collection":[{"href":"https:\/\/cosyowl.com\/de\/wp-json\/wp\/v2\/product"}],"about":[{"href":"https:\/\/cosyowl.com\/de\/wp-json\/wp\/v2\/types\/product"}],"replies":[{"embeddable":true,"href":"https:\/\/cosyowl.com\/de\/wp-json\/wp\/v2\/comments?post=10048"}],"wp:featuredmedia":[{"embeddable":true,"href":"https:\/\/cosyowl.com\/de\/wp-json\/wp\/v2\/media\/11329"}],"wp:attachment":[{"href":"https:\/\/cosyowl.com\/de\/wp-json\/wp\/v2\/media?parent=10048"}],"wp:term":[{"taxonomy":"product_brand","embeddable":true,"href":"https:\/\/cosyowl.com\/de\/wp-json\/wp\/v2\/product_brand?post=10048"},{"taxonomy":"product_cat","embeddable":true,"href":"https:\/\/cosyowl.com\/de\/wp-json\/wp\/v2\/product_cat?post=10048"},{"taxonomy":"product_tag","embeddable":true,"href":"https:\/\/cosyowl.com\/de\/wp-json\/wp\/v2\/product_tag?post=10048"}],"curies":[{"name":"wp","href":"https:\/\/api.w.org\/{rel}","templated":true}]}}