{"id":10046,"date":"2021-09-01T12:54:00","date_gmt":"2021-09-01T11:54:00","guid":{"rendered":"https:\/\/cosyowl.com\/de\/product\/unkategorisiert\/produkt-10"},"modified":"2026-03-03T17:25:25","modified_gmt":"2026-03-03T17:25:25","slug":"produit-11","status":"publish","type":"product","link":"https:\/\/cosyowl.com\/de\/craft-supplies\/wax-melt-supplies\/moulds-for-wax-melts\/wax-melt-mould-hearts-duo-15","title":{"rendered":"Wachsschmelzform &#8211; Hearts Duo &#8211; 15"},"content":{"rendered":"<p>Diese Herzwachsschmelze ergibt 15 wundersch\u00f6ne Herzen, wobei ein kleineres Herz etwas au\u00dferhalb der Mitte liegt.<\/p>\n<p>Ma\u00dfe dieser Form*:<\/p>\n<p>Volle Form (L\u00e4nge x Breite): 280 mm x 105 mm<\/p>\n<p>*Bitte beachten Sie, dass alle Ma\u00dfe ungef\u00e4hr sind.<\/p>\n","protected":false},"excerpt":{"rendered":"<p>Diese Herzwachsschmelze ergibt 15 wundersch\u00f6ne Herzen, wobei ein kleineres Herz etwas au\u00dferhalb der Mitte liegt. Ma\u00dfe dieser Form*: Volle Form (L\u00e4nge x Breite): 280 mm x 105 mm *Bitte beachten Sie, dass alle Ma\u00dfe ungef\u00e4hr sind.<\/p>\n","protected":false},"featured_media":11328,"comment_status":"open","ping_status":"closed","template":"","meta":{"_acf_changed":false},"product_brand":[],"product_cat":[480,129,363],"product_tag":[],"class_list":{"0":"post-10046","1":"product","2":"type-product","3":"status-publish","4":"has-post-thumbnail","6":"product_cat-valentinstag","7":"product_cat-wachs-melts-formen","8":"product_cat-sale","10":"first","11":"instock","12":"taxable","13":"shipping-taxable","14":"purchasable","15":"product-type-simple"},"acf":[],"_links":{"self":[{"href":"https:\/\/cosyowl.com\/de\/wp-json\/wp\/v2\/product\/10046","targetHints":{"allow":["GET"]}}],"collection":[{"href":"https:\/\/cosyowl.com\/de\/wp-json\/wp\/v2\/product"}],"about":[{"href":"https:\/\/cosyowl.com\/de\/wp-json\/wp\/v2\/types\/product"}],"replies":[{"embeddable":true,"href":"https:\/\/cosyowl.com\/de\/wp-json\/wp\/v2\/comments?post=10046"}],"wp:featuredmedia":[{"embeddable":true,"href":"https:\/\/cosyowl.com\/de\/wp-json\/wp\/v2\/media\/11328"}],"wp:attachment":[{"href":"https:\/\/cosyowl.com\/de\/wp-json\/wp\/v2\/media?parent=10046"}],"wp:term":[{"taxonomy":"product_brand","embeddable":true,"href":"https:\/\/cosyowl.com\/de\/wp-json\/wp\/v2\/product_brand?post=10046"},{"taxonomy":"product_cat","embeddable":true,"href":"https:\/\/cosyowl.com\/de\/wp-json\/wp\/v2\/product_cat?post=10046"},{"taxonomy":"product_tag","embeddable":true,"href":"https:\/\/cosyowl.com\/de\/wp-json\/wp\/v2\/product_tag?post=10046"}],"curies":[{"name":"wp","href":"https:\/\/api.w.org\/{rel}","templated":true}]}}