{"id":10045,"date":"2021-09-01T12:54:00","date_gmt":"2021-09-01T11:54:00","guid":{"rendered":"https:\/\/cosyowl.com\/de\/product\/unkategorisiert\/produkt-9"},"modified":"2026-03-03T17:25:25","modified_gmt":"2026-03-03T17:25:25","slug":"produit-10","status":"publish","type":"product","link":"https:\/\/cosyowl.com\/de\/wachsschmelzform-pralinen-24","title":{"rendered":"Wachsschmelzform &#8211; Pralinen &#8211; 24"},"content":{"rendered":"<p>Diese Wachsschmelzform macht 24 Schokoladenformen, 8 quadratisch und 16 abgerundet.<\/p>\n<p>Ma\u00dfe dieser Form*:<\/p>\n<p>Volle Form (L\u00e4nge x Breite): 230 mm x 140 mm<\/p>\n<p>Diese Form fasst ca. 8 ml, 8 ml, 10 ml (von links nach rechts) pro Kavit\u00e4t.<\/p>\n<p>*Bitte beachten Sie, dass alle Ma\u00dfe ungef\u00e4hr sind.<\/p>\n","protected":false},"excerpt":{"rendered":"<p>Diese Wachsschmelzform macht 24 Schokoladenformen, 8 quadratisch und 16 abgerundet. Ma\u00dfe dieser Form*: Volle Form (L\u00e4nge x Breite): 230 mm x 140 mm Diese Form fasst ca. 8 ml, 8 ml, 10 ml (von links nach rechts) pro Kavit\u00e4t. *Bitte beachten Sie, dass alle Ma\u00dfe ungef\u00e4hr sind.<\/p>\n","protected":false},"featured_media":11327,"comment_status":"open","ping_status":"closed","template":"","meta":{"_acf_changed":false},"product_brand":[],"product_cat":[480,129,476,363],"product_tag":[],"class_list":{"0":"post-10045","1":"product","2":"type-product","3":"status-publish","4":"has-post-thumbnail","6":"product_cat-valentinstag","7":"product_cat-wachs-melts-formen","8":"product_cat-ostern","9":"product_cat-sale","11":"first","12":"instock","13":"taxable","14":"shipping-taxable","15":"purchasable","16":"product-type-simple"},"acf":[],"_links":{"self":[{"href":"https:\/\/cosyowl.com\/de\/wp-json\/wp\/v2\/product\/10045","targetHints":{"allow":["GET"]}}],"collection":[{"href":"https:\/\/cosyowl.com\/de\/wp-json\/wp\/v2\/product"}],"about":[{"href":"https:\/\/cosyowl.com\/de\/wp-json\/wp\/v2\/types\/product"}],"replies":[{"embeddable":true,"href":"https:\/\/cosyowl.com\/de\/wp-json\/wp\/v2\/comments?post=10045"}],"wp:featuredmedia":[{"embeddable":true,"href":"https:\/\/cosyowl.com\/de\/wp-json\/wp\/v2\/media\/11327"}],"wp:attachment":[{"href":"https:\/\/cosyowl.com\/de\/wp-json\/wp\/v2\/media?parent=10045"}],"wp:term":[{"taxonomy":"product_brand","embeddable":true,"href":"https:\/\/cosyowl.com\/de\/wp-json\/wp\/v2\/product_brand?post=10045"},{"taxonomy":"product_cat","embeddable":true,"href":"https:\/\/cosyowl.com\/de\/wp-json\/wp\/v2\/product_cat?post=10045"},{"taxonomy":"product_tag","embeddable":true,"href":"https:\/\/cosyowl.com\/de\/wp-json\/wp\/v2\/product_tag?post=10045"}],"curies":[{"name":"wp","href":"https:\/\/api.w.org\/{rel}","templated":true}]}}