{"id":10039,"date":"2021-09-01T12:54:00","date_gmt":"2021-09-01T11:54:00","guid":{"rendered":"https:\/\/cosyowl.com\/de\/product\/unkategorisiert\/produkt-3"},"modified":"2026-03-03T17:25:25","modified_gmt":"2026-03-03T17:25:25","slug":"produit-4","status":"publish","type":"product","link":"https:\/\/cosyowl.com\/de\/wachsschmelze-blumenform-blumen-geschenke-und-herzen-24","title":{"rendered":"Wachsschmelze Blumenform &#8211; Blumen, Geschenke und Herzen &#8211; 24"},"content":{"rendered":"<p>Diese vielseitige Form macht 8 Geschenke, 8 Herzen und 8 Blumen. Dies macht es zu einer perfekten Form f\u00fcr alle, die ihrer Wachsschmelzsammlung Abwechslung hinzuf\u00fcgen m\u00f6chten.<\/p>\n<p>Ma\u00dfe dieser Form*:<\/p>\n<p>Vollform (L\u00e4nge x Breite): 230 mm x 140 mm<\/p>\n<p>*Bitte beachten Sie, dass alle Ma\u00dfe ungef\u00e4hre Angaben sind.<\/p>\n","protected":false},"excerpt":{"rendered":"<p>Diese vielseitige Form macht 8 Geschenke, 8 Herzen und 8 Blumen. Dies macht es zu einer perfekten Form f\u00fcr alle, die ihrer Wachsschmelzsammlung Abwechslung hinzuf\u00fcgen m\u00f6chten. Ma\u00dfe dieser Form*: Vollform (L\u00e4nge x Breite): 230 mm x 140 mm *Bitte beachten Sie, dass alle Ma\u00dfe ungef\u00e4hre Angaben sind.<\/p>\n","protected":false},"featured_media":11319,"comment_status":"open","ping_status":"closed","template":"","meta":{"_acf_changed":false},"product_brand":[],"product_cat":[480,129,363],"product_tag":[],"class_list":{"0":"post-10039","1":"product","2":"type-product","3":"status-publish","4":"has-post-thumbnail","6":"product_cat-valentinstag","7":"product_cat-wachs-melts-formen","8":"product_cat-sale","10":"first","11":"outofstock","12":"taxable","13":"shipping-taxable","14":"purchasable","15":"product-type-simple"},"acf":[],"_links":{"self":[{"href":"https:\/\/cosyowl.com\/de\/wp-json\/wp\/v2\/product\/10039","targetHints":{"allow":["GET"]}}],"collection":[{"href":"https:\/\/cosyowl.com\/de\/wp-json\/wp\/v2\/product"}],"about":[{"href":"https:\/\/cosyowl.com\/de\/wp-json\/wp\/v2\/types\/product"}],"replies":[{"embeddable":true,"href":"https:\/\/cosyowl.com\/de\/wp-json\/wp\/v2\/comments?post=10039"}],"wp:featuredmedia":[{"embeddable":true,"href":"https:\/\/cosyowl.com\/de\/wp-json\/wp\/v2\/media\/11319"}],"wp:attachment":[{"href":"https:\/\/cosyowl.com\/de\/wp-json\/wp\/v2\/media?parent=10039"}],"wp:term":[{"taxonomy":"product_brand","embeddable":true,"href":"https:\/\/cosyowl.com\/de\/wp-json\/wp\/v2\/product_brand?post=10039"},{"taxonomy":"product_cat","embeddable":true,"href":"https:\/\/cosyowl.com\/de\/wp-json\/wp\/v2\/product_cat?post=10039"},{"taxonomy":"product_tag","embeddable":true,"href":"https:\/\/cosyowl.com\/de\/wp-json\/wp\/v2\/product_tag?post=10039"}],"curies":[{"name":"wp","href":"https:\/\/api.w.org\/{rel}","templated":true}]}}