{"id":10034,"date":"2021-09-01T12:54:00","date_gmt":"2021-09-01T11:54:00","guid":{"rendered":"https:\/\/cosyowl.com\/de\/product\/unkategorisiert\/moule-a-4-fleurs-wax-melt"},"modified":"2026-03-03T17:25:25","modified_gmt":"2026-03-03T17:25:25","slug":"wachs-melt-giesform-mit-4-bluten-blumenmuster-15","status":"publish","type":"product","link":"https:\/\/cosyowl.com\/de\/materialien-fur-das-handwerk\/wachs-melts\/formen-fur-wachs-melts\/wachs-melt-giessform-mit-4-bluten-blumenmuster-15","title":{"rendered":"Wachs-Melt Gie\u00dfform mit 4 Bl\u00fcten Blumenmuster &#8211; 15"},"content":{"rendered":"<p>Diese vielseitige Gie\u00dfform mit 4 Bl\u00fcten Blumenmuster ist perfekt geeignet, um eine Auswahl an sch\u00f6nen Blumen herzustellen.<\/p>\n<p>Abmessung dieser Form*:<\/p>\n<p>Gesamte Form (L\u00e4nge x Breite): 203mm x 108mm<\/p>\n<p>Gr\u00f6\u00dfe der einzelnen Wachs-Melts (Breite x Tiefe): 28mm x 18mm<\/p>\n<p>*Bitte beachten Sie, dass alle Ma\u00dfangaben nur ungef\u00e4hre Werte sind.<\/p>\n","protected":false},"excerpt":{"rendered":"<p>Diese vielseitige Gie\u00dfform mit 4 Bl\u00fcten Blumenmuster ist perfekt geeignet, um eine Auswahl an sch\u00f6nen Blumen herzustellen. Abmessung dieser Form*: Gesamte Form (L\u00e4nge x Breite): 203mm x 108mm Gr\u00f6\u00dfe der einzelnen Wachs-Melts (Breite x Tiefe): 28mm x 18mm *Bitte beachten Sie, dass alle Ma\u00dfangaben nur ungef\u00e4hre Werte sind.<\/p>\n","protected":false},"featured_media":11136,"comment_status":"open","ping_status":"closed","template":"","meta":{"_acf_changed":false},"product_brand":[],"product_cat":[480,129,363],"product_tag":[],"class_list":{"0":"post-10034","1":"product","2":"type-product","3":"status-publish","4":"has-post-thumbnail","6":"product_cat-valentinstag","7":"product_cat-wachs-melts-formen","8":"product_cat-sale","10":"first","11":"outofstock","12":"taxable","13":"shipping-taxable","14":"purchasable","15":"product-type-simple"},"acf":[],"_links":{"self":[{"href":"https:\/\/cosyowl.com\/de\/wp-json\/wp\/v2\/product\/10034","targetHints":{"allow":["GET"]}}],"collection":[{"href":"https:\/\/cosyowl.com\/de\/wp-json\/wp\/v2\/product"}],"about":[{"href":"https:\/\/cosyowl.com\/de\/wp-json\/wp\/v2\/types\/product"}],"replies":[{"embeddable":true,"href":"https:\/\/cosyowl.com\/de\/wp-json\/wp\/v2\/comments?post=10034"}],"wp:featuredmedia":[{"embeddable":true,"href":"https:\/\/cosyowl.com\/de\/wp-json\/wp\/v2\/media\/11136"}],"wp:attachment":[{"href":"https:\/\/cosyowl.com\/de\/wp-json\/wp\/v2\/media?parent=10034"}],"wp:term":[{"taxonomy":"product_brand","embeddable":true,"href":"https:\/\/cosyowl.com\/de\/wp-json\/wp\/v2\/product_brand?post=10034"},{"taxonomy":"product_cat","embeddable":true,"href":"https:\/\/cosyowl.com\/de\/wp-json\/wp\/v2\/product_cat?post=10034"},{"taxonomy":"product_tag","embeddable":true,"href":"https:\/\/cosyowl.com\/de\/wp-json\/wp\/v2\/product_tag?post=10034"}],"curies":[{"name":"wp","href":"https:\/\/api.w.org\/{rel}","templated":true}]}}